{"id":659,"date":"2021-05-28T20:23:58","date_gmt":"2021-05-28T18:23:58","guid":{"rendered":"https:\/\/e-dom.si\/?post_type=product&#038;p=659"},"modified":"2025-06-01T19:06:42","modified_gmt":"2025-06-01T17:06:42","slug":"objemka","status":"publish","type":"product","link":"https:\/\/e-dom.si\/de\/product\/objemka\/","title":{"rendered":"Spojnica z vijakom"},"content":{"rendered":"","protected":false},"excerpt":{"rendered":"<p>Spojnica z vijakom za ograjo je prakti\u010den in uporaben pripomo\u010dek, ki je namenjen povezovanju delov ograje. Sestavljena je iz dveh kovinskih delov, ki sta povezana z vijakom, kar zagotavlja trdno in varno povezavo.<\/p>\n<p>Spojnica z vijakom za ograjo je izdelana iz trpe\u017enih materialov, ki zagotavljajo dolgo \u017eivljenjsko dobo in u\u010dinkovitost. Uporaba spojnice z vijakom za ograjo je enostavna in intuitivna, zato jo lahko uporabljajo tako strokovnjaki kot tudi amaterji.<\/p>\n<p>Uporabite jo lahko na primer za povezovanje posameznih delov ograje, kot so stebri, nosilci in ograjne plo\u0161\u010de. Zaradi svoje trpe\u017enosti in zanesljivosti je spojnica z vijakom za ograjo priljubljena med gradbeniki, arhitekti in drugimi strokovnjaki v gradbeni industriji.<\/p>\n<p>Spojnica z vijakom za ograjo je priro\u010den pripomo\u010dek, ki ga lahko enostavno shranjujete in prena\u0161ate s seboj. V spletni trgovini lahko najdete razli\u010dne vrste spojnic z vijakom za ograjo, ki so primerne za razli\u010dne vrste uporabe, zato lahko izberete tisto, ki najbolj ustreza va\u0161im potrebam.<\/p>\n<p>Spojnica z vijakom za ograjo je enostaven in u\u010dinkovit pripomo\u010dek za povezovanje delov ograje, ki vam lahko prihrani \u010das in trud pri gradbenih ali drugih podobnih opravilih.<\/p>","protected":false},"featured_media":2383,"template":"","meta":{"inline_featured_image":false},"product_brand":[],"product_cat":[23,24],"product_tag":[],"class_list":{"0":"post-659","1":"product","2":"type-product","3":"status-publish","4":"has-post-thumbnail","6":"product_cat-ograje-sl","7":"product_cat-vsi-izdelki","9":"first","10":"instock","11":"taxable","12":"shipping-taxable","13":"purchasable","14":"product-type-variable"},"yoast_head":"<!-- This site is optimized with the Yoast SEO plugin v25.5 - https:\/\/yoast.com\/wordpress\/plugins\/seo\/ -->\n<title>Spojnica z vijakom - E-dom<\/title>\n<meta name=\"robots\" content=\"index, follow, max-snippet:-1, max-image-preview:large, max-video-preview:-1\" \/>\n<link rel=\"canonical\" href=\"https:\/\/e-dom.si\/de\/product\/objemka\/\" \/>\n<meta property=\"og:locale\" content=\"de_DE\" \/>\n<meta property=\"og:type\" content=\"article\" \/>\n<meta property=\"og:title\" content=\"Spojnica z vijakom - E-dom\" \/>\n<meta property=\"og:description\" content=\"Spojnica z vijakom za ograjo je prakti\u010den in uporaben pripomo\u010dek, ki je namenjen povezovanju delov ograje. Sestavljena je iz dveh kovinskih delov, ki sta povezana z vijakom, kar zagotavlja trdno in varno povezavo.  Spojnica z vijakom za ograjo je izdelana iz trpe\u017enih materialov, ki zagotavljajo dolgo \u017eivljenjsko dobo in u\u010dinkovitost. Uporaba spojnice z vijakom za ograjo je enostavna in intuitivna, zato jo lahko uporabljajo tako strokovnjaki kot tudi amaterji.  Uporabite jo lahko na primer za povezovanje posameznih delov ograje, kot so stebri, nosilci in ograjne plo\u0161\u010de. Zaradi svoje trpe\u017enosti in zanesljivosti je spojnica z vijakom za ograjo priljubljena med gradbeniki, arhitekti in drugimi strokovnjaki v gradbeni industriji.  Spojnica z vijakom za ograjo je priro\u010den pripomo\u010dek, ki ga lahko enostavno shranjujete in prena\u0161ate s seboj. V spletni trgovini lahko najdete razli\u010dne vrste spojnic z vijakom za ograjo, ki so primerne za razli\u010dne vrste uporabe, zato lahko izberete tisto, ki najbolj ustreza va\u0161im potrebam.  Spojnica z vijakom za ograjo je enostaven in u\u010dinkovit pripomo\u010dek za povezovanje delov ograje, ki vam lahko prihrani \u010das in trud pri gradbenih ali drugih podobnih opravilih.\" \/>\n<meta property=\"og:url\" content=\"https:\/\/e-dom.si\/de\/product\/objemka\/\" \/>\n<meta property=\"og:site_name\" content=\"E-dom\" \/>\n<meta property=\"article:publisher\" content=\"https:\/\/www.facebook.com\/profile.php?id=100067959520584\" \/>\n<meta property=\"article:modified_time\" content=\"2025-06-01T17:06:42+00:00\" \/>\n<meta property=\"og:image\" content=\"https:\/\/e-dom.si\/wp-content\/uploads\/2021\/05\/Panel-spojnica-za-ogradu-300x300-1.jpg\" \/>\n\t<meta property=\"og:image:width\" content=\"300\" \/>\n\t<meta property=\"og:image:height\" content=\"300\" \/>\n\t<meta property=\"og:image:type\" content=\"image\/jpeg\" \/>\n<meta name=\"twitter:card\" content=\"summary_large_image\" \/>\n<meta name=\"twitter:label1\" content=\"Gesch\u00e4tzte Lesezeit\" \/>\n\t<meta name=\"twitter:data1\" content=\"1 Minute\" \/>\n<script type=\"application\/ld+json\" class=\"yoast-schema-graph\">{\"@context\":\"https:\/\/schema.org\",\"@graph\":[{\"@type\":\"WebPage\",\"@id\":\"https:\/\/e-dom.si\/izdelek\/objemka\/\",\"url\":\"https:\/\/e-dom.si\/izdelek\/objemka\/\",\"name\":\"Spojnica z vijakom - E-dom\",\"isPartOf\":{\"@id\":\"https:\/\/e-dom.si\/#website\"},\"primaryImageOfPage\":{\"@id\":\"https:\/\/e-dom.si\/izdelek\/objemka\/#primaryimage\"},\"image\":{\"@id\":\"https:\/\/e-dom.si\/izdelek\/objemka\/#primaryimage\"},\"thumbnailUrl\":\"https:\/\/e-dom.si\/wp-content\/uploads\/2021\/05\/Panel-spojnica-za-ogradu-300x300-1.jpg\",\"datePublished\":\"2021-05-28T18:23:58+00:00\",\"dateModified\":\"2025-06-01T17:06:42+00:00\",\"breadcrumb\":{\"@id\":\"https:\/\/e-dom.si\/izdelek\/objemka\/#breadcrumb\"},\"inLanguage\":\"de-AT\",\"potentialAction\":[{\"@type\":\"ReadAction\",\"target\":[\"https:\/\/e-dom.si\/izdelek\/objemka\/\"]}]},{\"@type\":\"ImageObject\",\"inLanguage\":\"de-AT\",\"@id\":\"https:\/\/e-dom.si\/izdelek\/objemka\/#primaryimage\",\"url\":\"https:\/\/e-dom.si\/wp-content\/uploads\/2021\/05\/Panel-spojnica-za-ogradu-300x300-1.jpg\",\"contentUrl\":\"https:\/\/e-dom.si\/wp-content\/uploads\/2021\/05\/Panel-spojnica-za-ogradu-300x300-1.jpg\",\"width\":300,\"height\":300},{\"@type\":\"BreadcrumbList\",\"@id\":\"https:\/\/e-dom.si\/izdelek\/objemka\/#breadcrumb\",\"itemListElement\":[{\"@type\":\"ListItem\",\"position\":1,\"name\":\"Domov\",\"item\":\"https:\/\/e-dom.si\/\"},{\"@type\":\"ListItem\",\"position\":2,\"name\":\"Izdelki\",\"item\":\"https:\/\/e-dom.si\/shop\/\"},{\"@type\":\"ListItem\",\"position\":3,\"name\":\"Spojnica z vijakom\"}]},{\"@type\":\"WebSite\",\"@id\":\"https:\/\/e-dom.si\/#website\",\"url\":\"https:\/\/e-dom.si\/\",\"name\":\"E-dom\",\"description\":\"Pohi\u0161tvo in gradbeni material za vsak dom.\",\"publisher\":{\"@id\":\"https:\/\/e-dom.si\/#organization\"},\"potentialAction\":[{\"@type\":\"SearchAction\",\"target\":{\"@type\":\"EntryPoint\",\"urlTemplate\":\"https:\/\/e-dom.si\/?s={search_term_string}\"},\"query-input\":{\"@type\":\"PropertyValueSpecification\",\"valueRequired\":true,\"valueName\":\"search_term_string\"}}],\"inLanguage\":\"de-AT\"},{\"@type\":\"Organization\",\"@id\":\"https:\/\/e-dom.si\/#organization\",\"name\":\"Lion-x do.o.\",\"url\":\"https:\/\/e-dom.si\/\",\"logo\":{\"@type\":\"ImageObject\",\"inLanguage\":\"de-AT\",\"@id\":\"https:\/\/e-dom.si\/#\/schema\/logo\/image\/\",\"url\":\"https:\/\/e-dom.si\/wp-content\/uploads\/2023\/03\/LOGOTIP-1-BREZ-TEXTA2.png\",\"contentUrl\":\"https:\/\/e-dom.si\/wp-content\/uploads\/2023\/03\/LOGOTIP-1-BREZ-TEXTA2.png\",\"width\":359,\"height\":359,\"caption\":\"Lion-x do.o.\"},\"image\":{\"@id\":\"https:\/\/e-dom.si\/#\/schema\/logo\/image\/\"},\"sameAs\":[\"https:\/\/www.facebook.com\/profile.php?id=100067959520584\",\"https:\/\/www.instagram.com\/e_dom.si\/\"]}]}<\/script>\n<!-- \/ Yoast SEO plugin. -->","yoast_head_json":{"title":"Spojnica z vijakom - E-dom","robots":{"index":"index","follow":"follow","max-snippet":"max-snippet:-1","max-image-preview":"max-image-preview:large","max-video-preview":"max-video-preview:-1"},"canonical":"https:\/\/e-dom.si\/de\/product\/objemka\/","og_locale":"de_DE","og_type":"article","og_title":"Spojnica z vijakom - E-dom","og_description":"Spojnica z vijakom za ograjo je prakti\u010den in uporaben pripomo\u010dek, ki je namenjen povezovanju delov ograje. Sestavljena je iz dveh kovinskih delov, ki sta povezana z vijakom, kar zagotavlja trdno in varno povezavo.  Spojnica z vijakom za ograjo je izdelana iz trpe\u017enih materialov, ki zagotavljajo dolgo \u017eivljenjsko dobo in u\u010dinkovitost. Uporaba spojnice z vijakom za ograjo je enostavna in intuitivna, zato jo lahko uporabljajo tako strokovnjaki kot tudi amaterji.  Uporabite jo lahko na primer za povezovanje posameznih delov ograje, kot so stebri, nosilci in ograjne plo\u0161\u010de. Zaradi svoje trpe\u017enosti in zanesljivosti je spojnica z vijakom za ograjo priljubljena med gradbeniki, arhitekti in drugimi strokovnjaki v gradbeni industriji.  Spojnica z vijakom za ograjo je priro\u010den pripomo\u010dek, ki ga lahko enostavno shranjujete in prena\u0161ate s seboj. V spletni trgovini lahko najdete razli\u010dne vrste spojnic z vijakom za ograjo, ki so primerne za razli\u010dne vrste uporabe, zato lahko izberete tisto, ki najbolj ustreza va\u0161im potrebam.  Spojnica z vijakom za ograjo je enostaven in u\u010dinkovit pripomo\u010dek za povezovanje delov ograje, ki vam lahko prihrani \u010das in trud pri gradbenih ali drugih podobnih opravilih.","og_url":"https:\/\/e-dom.si\/de\/product\/objemka\/","og_site_name":"E-dom","article_publisher":"https:\/\/www.facebook.com\/profile.php?id=100067959520584","article_modified_time":"2025-06-01T17:06:42+00:00","og_image":[{"width":300,"height":300,"url":"https:\/\/e-dom.si\/wp-content\/uploads\/2021\/05\/Panel-spojnica-za-ogradu-300x300-1.jpg","type":"image\/jpeg"}],"twitter_card":"summary_large_image","twitter_misc":{"Gesch\u00e4tzte Lesezeit":"1 Minute"},"schema":{"@context":"https:\/\/schema.org","@graph":[{"@type":"WebPage","@id":"https:\/\/e-dom.si\/izdelek\/objemka\/","url":"https:\/\/e-dom.si\/izdelek\/objemka\/","name":"Spojnica z vijakom - E-dom","isPartOf":{"@id":"https:\/\/e-dom.si\/#website"},"primaryImageOfPage":{"@id":"https:\/\/e-dom.si\/izdelek\/objemka\/#primaryimage"},"image":{"@id":"https:\/\/e-dom.si\/izdelek\/objemka\/#primaryimage"},"thumbnailUrl":"https:\/\/e-dom.si\/wp-content\/uploads\/2021\/05\/Panel-spojnica-za-ogradu-300x300-1.jpg","datePublished":"2021-05-28T18:23:58+00:00","dateModified":"2025-06-01T17:06:42+00:00","breadcrumb":{"@id":"https:\/\/e-dom.si\/izdelek\/objemka\/#breadcrumb"},"inLanguage":"de-AT","potentialAction":[{"@type":"ReadAction","target":["https:\/\/e-dom.si\/izdelek\/objemka\/"]}]},{"@type":"ImageObject","inLanguage":"de-AT","@id":"https:\/\/e-dom.si\/izdelek\/objemka\/#primaryimage","url":"https:\/\/e-dom.si\/wp-content\/uploads\/2021\/05\/Panel-spojnica-za-ogradu-300x300-1.jpg","contentUrl":"https:\/\/e-dom.si\/wp-content\/uploads\/2021\/05\/Panel-spojnica-za-ogradu-300x300-1.jpg","width":300,"height":300},{"@type":"BreadcrumbList","@id":"https:\/\/e-dom.si\/izdelek\/objemka\/#breadcrumb","itemListElement":[{"@type":"ListItem","position":1,"name":"Domov","item":"https:\/\/e-dom.si\/"},{"@type":"ListItem","position":2,"name":"Izdelki","item":"https:\/\/e-dom.si\/shop\/"},{"@type":"ListItem","position":3,"name":"Spojnica z vijakom"}]},{"@type":"WebSite","@id":"https:\/\/e-dom.si\/#website","url":"https:\/\/e-dom.si\/","name":"E-dom","description":"Pohi\u0161tvo in gradbeni material za vsak dom.","publisher":{"@id":"https:\/\/e-dom.si\/#organization"},"potentialAction":[{"@type":"SearchAction","target":{"@type":"EntryPoint","urlTemplate":"https:\/\/e-dom.si\/?s={search_term_string}"},"query-input":{"@type":"PropertyValueSpecification","valueRequired":true,"valueName":"search_term_string"}}],"inLanguage":"de-AT"},{"@type":"Organization","@id":"https:\/\/e-dom.si\/#organization","name":"Lion-x do.o.","url":"https:\/\/e-dom.si\/","logo":{"@type":"ImageObject","inLanguage":"de-AT","@id":"https:\/\/e-dom.si\/#\/schema\/logo\/image\/","url":"https:\/\/e-dom.si\/wp-content\/uploads\/2023\/03\/LOGOTIP-1-BREZ-TEXTA2.png","contentUrl":"https:\/\/e-dom.si\/wp-content\/uploads\/2023\/03\/LOGOTIP-1-BREZ-TEXTA2.png","width":359,"height":359,"caption":"Lion-x do.o."},"image":{"@id":"https:\/\/e-dom.si\/#\/schema\/logo\/image\/"},"sameAs":["https:\/\/www.facebook.com\/profile.php?id=100067959520584","https:\/\/www.instagram.com\/e_dom.si\/"]}]}},"_links":{"self":[{"href":"https:\/\/e-dom.si\/de\/wp-json\/wp\/v2\/product\/659","targetHints":{"allow":["GET"]}}],"collection":[{"href":"https:\/\/e-dom.si\/de\/wp-json\/wp\/v2\/product"}],"about":[{"href":"https:\/\/e-dom.si\/de\/wp-json\/wp\/v2\/types\/product"}],"version-history":[{"count":0,"href":"https:\/\/e-dom.si\/de\/wp-json\/wp\/v2\/product\/659\/revisions"}],"wp:featuredmedia":[{"embeddable":true,"href":"https:\/\/e-dom.si\/de\/wp-json\/wp\/v2\/media\/2383"}],"wp:attachment":[{"href":"https:\/\/e-dom.si\/de\/wp-json\/wp\/v2\/media?parent=659"}],"wp:term":[{"taxonomy":"product_brand","embeddable":true,"href":"https:\/\/e-dom.si\/de\/wp-json\/wp\/v2\/product_brand?post=659"},{"taxonomy":"product_cat","embeddable":true,"href":"https:\/\/e-dom.si\/de\/wp-json\/wp\/v2\/product_cat?post=659"},{"taxonomy":"product_tag","embeddable":true,"href":"https:\/\/e-dom.si\/de\/wp-json\/wp\/v2\/product_tag?post=659"}],"curies":[{"name":"wp","href":"https:\/\/api.w.org\/{rel}","templated":true}]}}