{"id":4417,"date":"2025-06-01T18:50:29","date_gmt":"2025-06-01T16:50:29","guid":{"rendered":"https:\/\/e-dom.si\/?post_type=product&#038;p=4417"},"modified":"2025-06-01T18:52:34","modified_gmt":"2025-06-01T16:52:34","slug":"ankerschraube-m10-x-95","status":"publish","type":"product","link":"https:\/\/e-dom.si\/de\/product\/ankerschraube-m10-x-95\/","title":{"rendered":"Ankerschraube M10 x 95"},"content":{"rendered":"<p data-start=\"0\" data-end=\"361\"><strong data-start=\"0\" data-end=\"24\">Produktbeschreibung:<\/strong><br data-start=\"24\" data-end=\"27\" \/>Die Ankerschraube M10 x 95 ist ein hochwertiges Befestigungselement, das f\u00fcr eine zuverl\u00e4ssige Verankerung in Beton, Mauerwerk oder anderen massiven Baustoffen konzipiert ist. Dank ihrer robusten Ausf\u00fchrung sorgt sie f\u00fcr eine sichere und stabile Befestigung von schweren Konstruktionen, Metalltr\u00e4gern, Konsolen, Z\u00e4unen oder Maschinen.<\/p>\n<p data-start=\"363\" data-end=\"585\" data-is-last-node=\"\" data-is-only-node=\"\"><strong data-start=\"363\" data-end=\"381\">Eigenschaften:<\/strong><br data-start=\"381\" data-end=\"384\" \/>Ma\u00dfe: M10 x 95 mm<br data-start=\"401\" data-end=\"404\" \/>Material: Verzinkter Stahl (korrosionsbest\u00e4ndig)<br data-start=\"452\" data-end=\"455\" \/>Verwendung: F\u00fcr Innen- und Au\u00dfenbereiche geeignet<br data-start=\"504\" data-end=\"507\" \/>Montage: Schnelle und einfache Installation durch Bohren eines passenden Lochs<\/p>","protected":false},"excerpt":{"rendered":"<p>Produktbeschreibung:Die Ankerschraube M10 x 95 ist ein hochwertiges Befestigungselement, das f\u00fcr eine zuverl\u00e4ssige Verankerung in Beton, Mauerwerk oder anderen massiven Baustoffen konzipiert ist. Dank ihrer robusten Ausf\u00fchrung sorgt sie f\u00fcr eine sichere und stabile Befestigung von schweren Konstruktionen, Metalltr\u00e4gern, Konsolen, Z\u00e4unen oder Maschinen. Eigenschaften:Ma\u00dfe: M10 x 95 mmMaterial: Verzinkter Stahl (korrosionsbest\u00e4ndig)Verwendung: F\u00fcr Innen- und Au\u00dfenbereiche [&hellip;]<\/p>","protected":false},"featured_media":4192,"template":"","meta":{"inline_featured_image":false},"product_brand":[],"product_cat":[147,245],"product_tag":[],"class_list":{"0":"post-4417","1":"product","2":"type-product","3":"status-publish","4":"has-post-thumbnail","6":"product_cat-alle-produkte","7":"product_cat-zaune","9":"first","10":"instock","11":"taxable","12":"shipping-taxable","13":"purchasable","14":"product-type-simple"},"yoast_head":"<!-- This site is optimized with the Yoast SEO plugin v25.5 - https:\/\/yoast.com\/wordpress\/plugins\/seo\/ -->\n<title>Ankerschraube M10 x 95 - E-dom<\/title>\n<meta name=\"robots\" content=\"index, follow, max-snippet:-1, max-image-preview:large, max-video-preview:-1\" \/>\n<link rel=\"canonical\" href=\"https:\/\/e-dom.si\/de\/izdelek\/ankerschraube-m10-x-95\/\" \/>\n<meta property=\"og:locale\" content=\"de_DE\" \/>\n<meta property=\"og:type\" content=\"article\" \/>\n<meta property=\"og:title\" content=\"Ankerschraube M10 x 95 - E-dom\" \/>\n<meta property=\"og:description\" content=\"Produktbeschreibung:Die Ankerschraube M10 x 95 ist ein hochwertiges Befestigungselement, das f\u00fcr eine zuverl\u00e4ssige Verankerung in Beton, Mauerwerk oder anderen massiven Baustoffen konzipiert ist. Dank ihrer robusten Ausf\u00fchrung sorgt sie f\u00fcr eine sichere und stabile Befestigung von schweren Konstruktionen, Metalltr\u00e4gern, Konsolen, Z\u00e4unen oder Maschinen. Eigenschaften:Ma\u00dfe: M10 x 95 mmMaterial: Verzinkter Stahl (korrosionsbest\u00e4ndig)Verwendung: F\u00fcr Innen- und Au\u00dfenbereiche [&hellip;]\" \/>\n<meta property=\"og:url\" content=\"https:\/\/e-dom.si\/de\/izdelek\/ankerschraube-m10-x-95\/\" \/>\n<meta property=\"og:site_name\" content=\"E-dom\" \/>\n<meta property=\"article:publisher\" content=\"https:\/\/www.facebook.com\/profile.php?id=100067959520584\" \/>\n<meta property=\"article:modified_time\" content=\"2025-06-01T16:52:34+00:00\" \/>\n<meta property=\"og:image\" content=\"https:\/\/e-dom.si\/wp-content\/uploads\/2025\/06\/vijak.png\" \/>\n\t<meta property=\"og:image:width\" content=\"860\" \/>\n\t<meta property=\"og:image:height\" content=\"858\" \/>\n\t<meta property=\"og:image:type\" content=\"image\/png\" \/>\n<meta name=\"twitter:card\" content=\"summary_large_image\" \/>\n<meta name=\"twitter:label1\" content=\"Gesch\u00e4tzte Lesezeit\" \/>\n\t<meta name=\"twitter:data1\" content=\"1 Minute\" \/>\n<script type=\"application\/ld+json\" class=\"yoast-schema-graph\">{\"@context\":\"https:\/\/schema.org\",\"@graph\":[{\"@type\":\"WebPage\",\"@id\":\"https:\/\/e-dom.si\/de\/izdelek\/ankerschraube-m10-x-95\/\",\"url\":\"https:\/\/e-dom.si\/de\/izdelek\/ankerschraube-m10-x-95\/\",\"name\":\"Ankerschraube M10 x 95 - E-dom\",\"isPartOf\":{\"@id\":\"https:\/\/e-dom.si\/#website\"},\"primaryImageOfPage\":{\"@id\":\"https:\/\/e-dom.si\/de\/izdelek\/ankerschraube-m10-x-95\/#primaryimage\"},\"image\":{\"@id\":\"https:\/\/e-dom.si\/de\/izdelek\/ankerschraube-m10-x-95\/#primaryimage\"},\"thumbnailUrl\":\"https:\/\/e-dom.si\/wp-content\/uploads\/2025\/06\/vijak.png\",\"datePublished\":\"2025-06-01T16:50:29+00:00\",\"dateModified\":\"2025-06-01T16:52:34+00:00\",\"breadcrumb\":{\"@id\":\"https:\/\/e-dom.si\/de\/izdelek\/ankerschraube-m10-x-95\/#breadcrumb\"},\"inLanguage\":\"de-AT\",\"potentialAction\":[{\"@type\":\"ReadAction\",\"target\":[\"https:\/\/e-dom.si\/de\/izdelek\/ankerschraube-m10-x-95\/\"]}]},{\"@type\":\"ImageObject\",\"inLanguage\":\"de-AT\",\"@id\":\"https:\/\/e-dom.si\/de\/izdelek\/ankerschraube-m10-x-95\/#primaryimage\",\"url\":\"https:\/\/e-dom.si\/wp-content\/uploads\/2025\/06\/vijak.png\",\"contentUrl\":\"https:\/\/e-dom.si\/wp-content\/uploads\/2025\/06\/vijak.png\",\"width\":860,\"height\":858},{\"@type\":\"BreadcrumbList\",\"@id\":\"https:\/\/e-dom.si\/de\/izdelek\/ankerschraube-m10-x-95\/#breadcrumb\",\"itemListElement\":[{\"@type\":\"ListItem\",\"position\":1,\"name\":\"Domov\",\"item\":\"https:\/\/e-dom.si\/\"},{\"@type\":\"ListItem\",\"position\":2,\"name\":\"Izdelki\",\"item\":\"https:\/\/e-dom.si\/shop\/\"},{\"@type\":\"ListItem\",\"position\":3,\"name\":\"Ankerschraube M10 x 95\"}]},{\"@type\":\"WebSite\",\"@id\":\"https:\/\/e-dom.si\/#website\",\"url\":\"https:\/\/e-dom.si\/\",\"name\":\"E-dom\",\"description\":\"Pohi\u0161tvo in gradbeni material za vsak dom.\",\"publisher\":{\"@id\":\"https:\/\/e-dom.si\/#organization\"},\"potentialAction\":[{\"@type\":\"SearchAction\",\"target\":{\"@type\":\"EntryPoint\",\"urlTemplate\":\"https:\/\/e-dom.si\/?s={search_term_string}\"},\"query-input\":{\"@type\":\"PropertyValueSpecification\",\"valueRequired\":true,\"valueName\":\"search_term_string\"}}],\"inLanguage\":\"de-AT\"},{\"@type\":\"Organization\",\"@id\":\"https:\/\/e-dom.si\/#organization\",\"name\":\"Lion-x do.o.\",\"url\":\"https:\/\/e-dom.si\/\",\"logo\":{\"@type\":\"ImageObject\",\"inLanguage\":\"de-AT\",\"@id\":\"https:\/\/e-dom.si\/#\/schema\/logo\/image\/\",\"url\":\"https:\/\/e-dom.si\/wp-content\/uploads\/2023\/03\/LOGOTIP-1-BREZ-TEXTA2.png\",\"contentUrl\":\"https:\/\/e-dom.si\/wp-content\/uploads\/2023\/03\/LOGOTIP-1-BREZ-TEXTA2.png\",\"width\":359,\"height\":359,\"caption\":\"Lion-x do.o.\"},\"image\":{\"@id\":\"https:\/\/e-dom.si\/#\/schema\/logo\/image\/\"},\"sameAs\":[\"https:\/\/www.facebook.com\/profile.php?id=100067959520584\",\"https:\/\/www.instagram.com\/e_dom.si\/\"]}]}<\/script>\n<!-- \/ Yoast SEO plugin. -->","yoast_head_json":{"title":"Ankerschraube M10 x 95 - E-dom","robots":{"index":"index","follow":"follow","max-snippet":"max-snippet:-1","max-image-preview":"max-image-preview:large","max-video-preview":"max-video-preview:-1"},"canonical":"https:\/\/e-dom.si\/de\/izdelek\/ankerschraube-m10-x-95\/","og_locale":"de_DE","og_type":"article","og_title":"Ankerschraube M10 x 95 - E-dom","og_description":"Produktbeschreibung:Die Ankerschraube M10 x 95 ist ein hochwertiges Befestigungselement, das f\u00fcr eine zuverl\u00e4ssige Verankerung in Beton, Mauerwerk oder anderen massiven Baustoffen konzipiert ist. Dank ihrer robusten Ausf\u00fchrung sorgt sie f\u00fcr eine sichere und stabile Befestigung von schweren Konstruktionen, Metalltr\u00e4gern, Konsolen, Z\u00e4unen oder Maschinen. Eigenschaften:Ma\u00dfe: M10 x 95 mmMaterial: Verzinkter Stahl (korrosionsbest\u00e4ndig)Verwendung: F\u00fcr Innen- und Au\u00dfenbereiche [&hellip;]","og_url":"https:\/\/e-dom.si\/de\/izdelek\/ankerschraube-m10-x-95\/","og_site_name":"E-dom","article_publisher":"https:\/\/www.facebook.com\/profile.php?id=100067959520584","article_modified_time":"2025-06-01T16:52:34+00:00","og_image":[{"width":860,"height":858,"url":"https:\/\/e-dom.si\/wp-content\/uploads\/2025\/06\/vijak.png","type":"image\/png"}],"twitter_card":"summary_large_image","twitter_misc":{"Gesch\u00e4tzte Lesezeit":"1 Minute"},"schema":{"@context":"https:\/\/schema.org","@graph":[{"@type":"WebPage","@id":"https:\/\/e-dom.si\/de\/izdelek\/ankerschraube-m10-x-95\/","url":"https:\/\/e-dom.si\/de\/izdelek\/ankerschraube-m10-x-95\/","name":"Ankerschraube M10 x 95 - E-dom","isPartOf":{"@id":"https:\/\/e-dom.si\/#website"},"primaryImageOfPage":{"@id":"https:\/\/e-dom.si\/de\/izdelek\/ankerschraube-m10-x-95\/#primaryimage"},"image":{"@id":"https:\/\/e-dom.si\/de\/izdelek\/ankerschraube-m10-x-95\/#primaryimage"},"thumbnailUrl":"https:\/\/e-dom.si\/wp-content\/uploads\/2025\/06\/vijak.png","datePublished":"2025-06-01T16:50:29+00:00","dateModified":"2025-06-01T16:52:34+00:00","breadcrumb":{"@id":"https:\/\/e-dom.si\/de\/izdelek\/ankerschraube-m10-x-95\/#breadcrumb"},"inLanguage":"de-AT","potentialAction":[{"@type":"ReadAction","target":["https:\/\/e-dom.si\/de\/izdelek\/ankerschraube-m10-x-95\/"]}]},{"@type":"ImageObject","inLanguage":"de-AT","@id":"https:\/\/e-dom.si\/de\/izdelek\/ankerschraube-m10-x-95\/#primaryimage","url":"https:\/\/e-dom.si\/wp-content\/uploads\/2025\/06\/vijak.png","contentUrl":"https:\/\/e-dom.si\/wp-content\/uploads\/2025\/06\/vijak.png","width":860,"height":858},{"@type":"BreadcrumbList","@id":"https:\/\/e-dom.si\/de\/izdelek\/ankerschraube-m10-x-95\/#breadcrumb","itemListElement":[{"@type":"ListItem","position":1,"name":"Domov","item":"https:\/\/e-dom.si\/"},{"@type":"ListItem","position":2,"name":"Izdelki","item":"https:\/\/e-dom.si\/shop\/"},{"@type":"ListItem","position":3,"name":"Ankerschraube M10 x 95"}]},{"@type":"WebSite","@id":"https:\/\/e-dom.si\/#website","url":"https:\/\/e-dom.si\/","name":"E-dom","description":"Pohi\u0161tvo in gradbeni material za vsak dom.","publisher":{"@id":"https:\/\/e-dom.si\/#organization"},"potentialAction":[{"@type":"SearchAction","target":{"@type":"EntryPoint","urlTemplate":"https:\/\/e-dom.si\/?s={search_term_string}"},"query-input":{"@type":"PropertyValueSpecification","valueRequired":true,"valueName":"search_term_string"}}],"inLanguage":"de-AT"},{"@type":"Organization","@id":"https:\/\/e-dom.si\/#organization","name":"Lion-x do.o.","url":"https:\/\/e-dom.si\/","logo":{"@type":"ImageObject","inLanguage":"de-AT","@id":"https:\/\/e-dom.si\/#\/schema\/logo\/image\/","url":"https:\/\/e-dom.si\/wp-content\/uploads\/2023\/03\/LOGOTIP-1-BREZ-TEXTA2.png","contentUrl":"https:\/\/e-dom.si\/wp-content\/uploads\/2023\/03\/LOGOTIP-1-BREZ-TEXTA2.png","width":359,"height":359,"caption":"Lion-x do.o."},"image":{"@id":"https:\/\/e-dom.si\/#\/schema\/logo\/image\/"},"sameAs":["https:\/\/www.facebook.com\/profile.php?id=100067959520584","https:\/\/www.instagram.com\/e_dom.si\/"]}]}},"_links":{"self":[{"href":"https:\/\/e-dom.si\/de\/wp-json\/wp\/v2\/product\/4417","targetHints":{"allow":["GET"]}}],"collection":[{"href":"https:\/\/e-dom.si\/de\/wp-json\/wp\/v2\/product"}],"about":[{"href":"https:\/\/e-dom.si\/de\/wp-json\/wp\/v2\/types\/product"}],"version-history":[{"count":0,"href":"https:\/\/e-dom.si\/de\/wp-json\/wp\/v2\/product\/4417\/revisions"}],"wp:featuredmedia":[{"embeddable":true,"href":"https:\/\/e-dom.si\/de\/wp-json\/wp\/v2\/media\/4192"}],"wp:attachment":[{"href":"https:\/\/e-dom.si\/de\/wp-json\/wp\/v2\/media?parent=4417"}],"wp:term":[{"taxonomy":"product_brand","embeddable":true,"href":"https:\/\/e-dom.si\/de\/wp-json\/wp\/v2\/product_brand?post=4417"},{"taxonomy":"product_cat","embeddable":true,"href":"https:\/\/e-dom.si\/de\/wp-json\/wp\/v2\/product_cat?post=4417"},{"taxonomy":"product_tag","embeddable":true,"href":"https:\/\/e-dom.si\/de\/wp-json\/wp\/v2\/product_tag?post=4417"}],"curies":[{"name":"wp","href":"https:\/\/api.w.org\/{rel}","templated":true}]}}