{"id":4378,"date":"2025-06-01T18:37:24","date_gmt":"2025-06-01T16:37:24","guid":{"rendered":"https:\/\/e-dom.si\/?post_type=product&#038;p=4378"},"modified":"2025-06-01T18:38:09","modified_gmt":"2025-06-01T16:38:09","slug":"pfosten-fur-2d-gitterzaun-60x40x1230","status":"publish","type":"product","link":"https:\/\/e-dom.si\/de\/product\/pfosten-fur-2d-gitterzaun-60x40x1230\/","title":{"rendered":"Pfosten f\u00fcr 2D-Gitterzaun 60x40x1230"},"content":{"rendered":"<p>Die Pfosten verf\u00fcgen \u00fcber eine Fu\u00dfplatte und sind f\u00fcr die Verschraubung auf Beton geeignet. Wenn Sie sie im Erdreich montieren m\u00f6chten, empfehlen wir l\u00e4ngere Pfosten.<\/p>\n<p>Der Pfosten ist mit vorgebohrten Gewinden zur Befestigung des Gitterzauns ausgestattet, daher sind keine zus\u00e4tzlichen Verbindungselemente erforderlich. Im Preis sind Befestigungsschrauben und Abdeckkappen enthalten.<\/p>","protected":false},"excerpt":{"rendered":"<p>Die Pfosten verf\u00fcgen \u00fcber eine Fu\u00dfplatte und sind f\u00fcr die Verschraubung auf Beton geeignet. Wenn Sie sie im Erdreich montieren m\u00f6chten, empfehlen wir l\u00e4ngere Pfosten. Der Pfosten ist mit vorgebohrten Gewinden zur Befestigung des Gitterzauns ausgestattet, daher sind keine zus\u00e4tzlichen Verbindungselemente erforderlich. Im Preis sind Befestigungsschrauben und Abdeckkappen enthalten.<\/p>","protected":false},"featured_media":4227,"template":"","meta":{"inline_featured_image":false},"product_brand":[],"product_cat":[147,245],"product_tag":[],"class_list":{"0":"post-4378","1":"product","2":"type-product","3":"status-publish","4":"has-post-thumbnail","6":"product_cat-alle-produkte","7":"product_cat-zaune","9":"first","10":"instock","11":"taxable","12":"shipping-taxable","13":"purchasable","14":"product-type-variable"},"yoast_head":"<!-- This site is optimized with the Yoast SEO plugin v25.5 - https:\/\/yoast.com\/wordpress\/plugins\/seo\/ -->\n<title>Pfosten f\u00fcr 2D-Gitterzaun 60x40x1230 - E-dom<\/title>\n<meta name=\"robots\" content=\"index, follow, max-snippet:-1, max-image-preview:large, max-video-preview:-1\" \/>\n<link rel=\"canonical\" href=\"https:\/\/e-dom.si\/de\/izdelek\/pfosten-fur-2d-gitterzaun-60x40x1230\/\" \/>\n<meta property=\"og:locale\" content=\"de_DE\" \/>\n<meta property=\"og:type\" content=\"article\" \/>\n<meta property=\"og:title\" content=\"Pfosten f\u00fcr 2D-Gitterzaun 60x40x1230 - E-dom\" \/>\n<meta property=\"og:description\" content=\"Die Pfosten verf\u00fcgen \u00fcber eine Fu\u00dfplatte und sind f\u00fcr die Verschraubung auf Beton geeignet. Wenn Sie sie im Erdreich montieren m\u00f6chten, empfehlen wir l\u00e4ngere Pfosten. Der Pfosten ist mit vorgebohrten Gewinden zur Befestigung des Gitterzauns ausgestattet, daher sind keine zus\u00e4tzlichen Verbindungselemente erforderlich. Im Preis sind Befestigungsschrauben und Abdeckkappen enthalten.\" \/>\n<meta property=\"og:url\" content=\"https:\/\/e-dom.si\/de\/izdelek\/pfosten-fur-2d-gitterzaun-60x40x1230\/\" \/>\n<meta property=\"og:site_name\" content=\"E-dom\" \/>\n<meta property=\"article:publisher\" content=\"https:\/\/www.facebook.com\/profile.php?id=100067959520584\" \/>\n<meta property=\"article:modified_time\" content=\"2025-06-01T16:38:09+00:00\" \/>\n<meta property=\"og:image\" content=\"https:\/\/e-dom.si\/wp-content\/uploads\/2025\/06\/stbr-2d.png\" \/>\n\t<meta property=\"og:image:width\" content=\"772\" \/>\n\t<meta property=\"og:image:height\" content=\"777\" \/>\n\t<meta property=\"og:image:type\" content=\"image\/png\" \/>\n<meta name=\"twitter:card\" content=\"summary_large_image\" \/>\n<meta name=\"twitter:label1\" content=\"Gesch\u00e4tzte Lesezeit\" \/>\n\t<meta name=\"twitter:data1\" content=\"1 Minute\" \/>\n<script type=\"application\/ld+json\" class=\"yoast-schema-graph\">{\"@context\":\"https:\/\/schema.org\",\"@graph\":[{\"@type\":\"WebPage\",\"@id\":\"https:\/\/e-dom.si\/de\/izdelek\/pfosten-fur-2d-gitterzaun-60x40x1230\/\",\"url\":\"https:\/\/e-dom.si\/de\/izdelek\/pfosten-fur-2d-gitterzaun-60x40x1230\/\",\"name\":\"Pfosten f\u00fcr 2D-Gitterzaun 60x40x1230 - E-dom\",\"isPartOf\":{\"@id\":\"https:\/\/e-dom.si\/#website\"},\"primaryImageOfPage\":{\"@id\":\"https:\/\/e-dom.si\/de\/izdelek\/pfosten-fur-2d-gitterzaun-60x40x1230\/#primaryimage\"},\"image\":{\"@id\":\"https:\/\/e-dom.si\/de\/izdelek\/pfosten-fur-2d-gitterzaun-60x40x1230\/#primaryimage\"},\"thumbnailUrl\":\"https:\/\/e-dom.si\/wp-content\/uploads\/2025\/06\/stbr-2d.png\",\"datePublished\":\"2025-06-01T16:37:24+00:00\",\"dateModified\":\"2025-06-01T16:38:09+00:00\",\"breadcrumb\":{\"@id\":\"https:\/\/e-dom.si\/de\/izdelek\/pfosten-fur-2d-gitterzaun-60x40x1230\/#breadcrumb\"},\"inLanguage\":\"de-AT\",\"potentialAction\":[{\"@type\":\"ReadAction\",\"target\":[\"https:\/\/e-dom.si\/de\/izdelek\/pfosten-fur-2d-gitterzaun-60x40x1230\/\"]}]},{\"@type\":\"ImageObject\",\"inLanguage\":\"de-AT\",\"@id\":\"https:\/\/e-dom.si\/de\/izdelek\/pfosten-fur-2d-gitterzaun-60x40x1230\/#primaryimage\",\"url\":\"https:\/\/e-dom.si\/wp-content\/uploads\/2025\/06\/stbr-2d.png\",\"contentUrl\":\"https:\/\/e-dom.si\/wp-content\/uploads\/2025\/06\/stbr-2d.png\",\"width\":772,\"height\":777},{\"@type\":\"BreadcrumbList\",\"@id\":\"https:\/\/e-dom.si\/de\/izdelek\/pfosten-fur-2d-gitterzaun-60x40x1230\/#breadcrumb\",\"itemListElement\":[{\"@type\":\"ListItem\",\"position\":1,\"name\":\"Domov\",\"item\":\"https:\/\/e-dom.si\/\"},{\"@type\":\"ListItem\",\"position\":2,\"name\":\"Izdelki\",\"item\":\"https:\/\/e-dom.si\/shop\/\"},{\"@type\":\"ListItem\",\"position\":3,\"name\":\"Pfosten f\u00fcr 2D-Gitterzaun 60x40x1230\"}]},{\"@type\":\"WebSite\",\"@id\":\"https:\/\/e-dom.si\/#website\",\"url\":\"https:\/\/e-dom.si\/\",\"name\":\"E-dom\",\"description\":\"Pohi\u0161tvo in gradbeni material za vsak dom.\",\"publisher\":{\"@id\":\"https:\/\/e-dom.si\/#organization\"},\"potentialAction\":[{\"@type\":\"SearchAction\",\"target\":{\"@type\":\"EntryPoint\",\"urlTemplate\":\"https:\/\/e-dom.si\/?s={search_term_string}\"},\"query-input\":{\"@type\":\"PropertyValueSpecification\",\"valueRequired\":true,\"valueName\":\"search_term_string\"}}],\"inLanguage\":\"de-AT\"},{\"@type\":\"Organization\",\"@id\":\"https:\/\/e-dom.si\/#organization\",\"name\":\"Lion-x do.o.\",\"url\":\"https:\/\/e-dom.si\/\",\"logo\":{\"@type\":\"ImageObject\",\"inLanguage\":\"de-AT\",\"@id\":\"https:\/\/e-dom.si\/#\/schema\/logo\/image\/\",\"url\":\"https:\/\/e-dom.si\/wp-content\/uploads\/2023\/03\/LOGOTIP-1-BREZ-TEXTA2.png\",\"contentUrl\":\"https:\/\/e-dom.si\/wp-content\/uploads\/2023\/03\/LOGOTIP-1-BREZ-TEXTA2.png\",\"width\":359,\"height\":359,\"caption\":\"Lion-x do.o.\"},\"image\":{\"@id\":\"https:\/\/e-dom.si\/#\/schema\/logo\/image\/\"},\"sameAs\":[\"https:\/\/www.facebook.com\/profile.php?id=100067959520584\",\"https:\/\/www.instagram.com\/e_dom.si\/\"]}]}<\/script>\n<!-- \/ Yoast SEO plugin. -->","yoast_head_json":{"title":"Pfosten f\u00fcr 2D-Gitterzaun 60x40x1230 - E-dom","robots":{"index":"index","follow":"follow","max-snippet":"max-snippet:-1","max-image-preview":"max-image-preview:large","max-video-preview":"max-video-preview:-1"},"canonical":"https:\/\/e-dom.si\/de\/izdelek\/pfosten-fur-2d-gitterzaun-60x40x1230\/","og_locale":"de_DE","og_type":"article","og_title":"Pfosten f\u00fcr 2D-Gitterzaun 60x40x1230 - E-dom","og_description":"Die Pfosten verf\u00fcgen \u00fcber eine Fu\u00dfplatte und sind f\u00fcr die Verschraubung auf Beton geeignet. Wenn Sie sie im Erdreich montieren m\u00f6chten, empfehlen wir l\u00e4ngere Pfosten. Der Pfosten ist mit vorgebohrten Gewinden zur Befestigung des Gitterzauns ausgestattet, daher sind keine zus\u00e4tzlichen Verbindungselemente erforderlich. Im Preis sind Befestigungsschrauben und Abdeckkappen enthalten.","og_url":"https:\/\/e-dom.si\/de\/izdelek\/pfosten-fur-2d-gitterzaun-60x40x1230\/","og_site_name":"E-dom","article_publisher":"https:\/\/www.facebook.com\/profile.php?id=100067959520584","article_modified_time":"2025-06-01T16:38:09+00:00","og_image":[{"width":772,"height":777,"url":"https:\/\/e-dom.si\/wp-content\/uploads\/2025\/06\/stbr-2d.png","type":"image\/png"}],"twitter_card":"summary_large_image","twitter_misc":{"Gesch\u00e4tzte Lesezeit":"1 Minute"},"schema":{"@context":"https:\/\/schema.org","@graph":[{"@type":"WebPage","@id":"https:\/\/e-dom.si\/de\/izdelek\/pfosten-fur-2d-gitterzaun-60x40x1230\/","url":"https:\/\/e-dom.si\/de\/izdelek\/pfosten-fur-2d-gitterzaun-60x40x1230\/","name":"Pfosten f\u00fcr 2D-Gitterzaun 60x40x1230 - E-dom","isPartOf":{"@id":"https:\/\/e-dom.si\/#website"},"primaryImageOfPage":{"@id":"https:\/\/e-dom.si\/de\/izdelek\/pfosten-fur-2d-gitterzaun-60x40x1230\/#primaryimage"},"image":{"@id":"https:\/\/e-dom.si\/de\/izdelek\/pfosten-fur-2d-gitterzaun-60x40x1230\/#primaryimage"},"thumbnailUrl":"https:\/\/e-dom.si\/wp-content\/uploads\/2025\/06\/stbr-2d.png","datePublished":"2025-06-01T16:37:24+00:00","dateModified":"2025-06-01T16:38:09+00:00","breadcrumb":{"@id":"https:\/\/e-dom.si\/de\/izdelek\/pfosten-fur-2d-gitterzaun-60x40x1230\/#breadcrumb"},"inLanguage":"de-AT","potentialAction":[{"@type":"ReadAction","target":["https:\/\/e-dom.si\/de\/izdelek\/pfosten-fur-2d-gitterzaun-60x40x1230\/"]}]},{"@type":"ImageObject","inLanguage":"de-AT","@id":"https:\/\/e-dom.si\/de\/izdelek\/pfosten-fur-2d-gitterzaun-60x40x1230\/#primaryimage","url":"https:\/\/e-dom.si\/wp-content\/uploads\/2025\/06\/stbr-2d.png","contentUrl":"https:\/\/e-dom.si\/wp-content\/uploads\/2025\/06\/stbr-2d.png","width":772,"height":777},{"@type":"BreadcrumbList","@id":"https:\/\/e-dom.si\/de\/izdelek\/pfosten-fur-2d-gitterzaun-60x40x1230\/#breadcrumb","itemListElement":[{"@type":"ListItem","position":1,"name":"Domov","item":"https:\/\/e-dom.si\/"},{"@type":"ListItem","position":2,"name":"Izdelki","item":"https:\/\/e-dom.si\/shop\/"},{"@type":"ListItem","position":3,"name":"Pfosten f\u00fcr 2D-Gitterzaun 60x40x1230"}]},{"@type":"WebSite","@id":"https:\/\/e-dom.si\/#website","url":"https:\/\/e-dom.si\/","name":"E-dom","description":"Pohi\u0161tvo in gradbeni material za vsak dom.","publisher":{"@id":"https:\/\/e-dom.si\/#organization"},"potentialAction":[{"@type":"SearchAction","target":{"@type":"EntryPoint","urlTemplate":"https:\/\/e-dom.si\/?s={search_term_string}"},"query-input":{"@type":"PropertyValueSpecification","valueRequired":true,"valueName":"search_term_string"}}],"inLanguage":"de-AT"},{"@type":"Organization","@id":"https:\/\/e-dom.si\/#organization","name":"Lion-x do.o.","url":"https:\/\/e-dom.si\/","logo":{"@type":"ImageObject","inLanguage":"de-AT","@id":"https:\/\/e-dom.si\/#\/schema\/logo\/image\/","url":"https:\/\/e-dom.si\/wp-content\/uploads\/2023\/03\/LOGOTIP-1-BREZ-TEXTA2.png","contentUrl":"https:\/\/e-dom.si\/wp-content\/uploads\/2023\/03\/LOGOTIP-1-BREZ-TEXTA2.png","width":359,"height":359,"caption":"Lion-x do.o."},"image":{"@id":"https:\/\/e-dom.si\/#\/schema\/logo\/image\/"},"sameAs":["https:\/\/www.facebook.com\/profile.php?id=100067959520584","https:\/\/www.instagram.com\/e_dom.si\/"]}]}},"_links":{"self":[{"href":"https:\/\/e-dom.si\/de\/wp-json\/wp\/v2\/product\/4378","targetHints":{"allow":["GET"]}}],"collection":[{"href":"https:\/\/e-dom.si\/de\/wp-json\/wp\/v2\/product"}],"about":[{"href":"https:\/\/e-dom.si\/de\/wp-json\/wp\/v2\/types\/product"}],"version-history":[{"count":0,"href":"https:\/\/e-dom.si\/de\/wp-json\/wp\/v2\/product\/4378\/revisions"}],"wp:featuredmedia":[{"embeddable":true,"href":"https:\/\/e-dom.si\/de\/wp-json\/wp\/v2\/media\/4227"}],"wp:attachment":[{"href":"https:\/\/e-dom.si\/de\/wp-json\/wp\/v2\/media?parent=4378"}],"wp:term":[{"taxonomy":"product_brand","embeddable":true,"href":"https:\/\/e-dom.si\/de\/wp-json\/wp\/v2\/product_brand?post=4378"},{"taxonomy":"product_cat","embeddable":true,"href":"https:\/\/e-dom.si\/de\/wp-json\/wp\/v2\/product_cat?post=4378"},{"taxonomy":"product_tag","embeddable":true,"href":"https:\/\/e-dom.si\/de\/wp-json\/wp\/v2\/product_tag?post=4378"}],"curies":[{"name":"wp","href":"https:\/\/api.w.org\/{rel}","templated":true}]}}