{"id":4325,"date":"2025-06-01T15:48:01","date_gmt":"2025-06-01T13:48:01","guid":{"rendered":"https:\/\/e-dom.si\/?post_type=product&#038;p=4325"},"modified":"2025-06-01T18:31:51","modified_gmt":"2025-06-01T16:31:51","slug":"sichtschutzband-fur-gitterzaun-35-m-x-19-cm","status":"publish","type":"product","link":"https:\/\/e-dom.si\/de\/product\/sichtschutzband-fur-gitterzaun-35-m-x-19-cm\/","title":{"rendered":"Sichtschutzband f\u00fcr Gitterzaun 35\u202fm x 19\u202fcm"},"content":{"rendered":"<p data-start=\"0\" data-end=\"343\">Das Sichtschutzband f\u00fcr Gitterz\u00e4une 35 m x 19 cm ist die ideale L\u00f6sung, um Privatsph\u00e4re, Windschutz und ein \u00e4sthetisches Erscheinungsbild Ihres Zauns zu gew\u00e4hrleisten. Es ist f\u00fcr das einfache Einflechten in Standard-Gitterz\u00e4une (z.\u202fB. 2D- oder 3D-Z\u00e4une) konzipiert und eignet sich sowohl f\u00fcr den privaten als auch f\u00fcr den gewerblichen Einsatz.<\/p>\n<p data-start=\"345\" data-end=\"526\"><strong data-start=\"345\" data-end=\"363\">Eigenschaften:<\/strong><br data-start=\"363\" data-end=\"366\" \/>Ma\u00dfe: 35 Meter L\u00e4nge, 19 cm Breite<br data-start=\"400\" data-end=\"403\" data-is-only-node=\"\" \/>Material: UV-best\u00e4ndiges PVC<br data-start=\"431\" data-end=\"434\" \/>Witterungs-, feuchtigkeits- und UV-resistent<br data-start=\"478\" data-end=\"481\" \/>Erh\u00f6ht die Privatsph\u00e4re und reduziert Zugluft<\/p>\n<p data-start=\"528\" data-end=\"611\" data-is-last-node=\"\" data-is-only-node=\"\"><strong data-start=\"528\" data-end=\"558\">Im Lieferumfang enthalten:<\/strong><br data-start=\"558\" data-end=\"561\" \/>1 \u00d7 Sichtschutzband, 35 m<br data-start=\"586\" data-end=\"589\" data-is-only-node=\"\" \/>20 \u00d7 Befestigungsclips<\/p>","protected":false},"excerpt":{"rendered":"<p>Das Sichtschutzband f\u00fcr Gitterz\u00e4une 35 m x 19 cm ist die ideale L\u00f6sung, um Privatsph\u00e4re, Windschutz und ein \u00e4sthetisches Erscheinungsbild Ihres Zauns zu gew\u00e4hrleisten. Es ist f\u00fcr das einfache Einflechten in Standard-Gitterz\u00e4une (z.\u202fB. 2D- oder 3D-Z\u00e4une) konzipiert und eignet sich sowohl f\u00fcr den privaten als auch f\u00fcr den gewerblichen Einsatz. Eigenschaften:Ma\u00dfe: 35 Meter L\u00e4nge, 19 [&hellip;]<\/p>","protected":false},"featured_media":4251,"template":"","meta":{"inline_featured_image":false},"product_brand":[],"product_cat":[147,245],"product_tag":[],"class_list":{"0":"post-4325","1":"product","2":"type-product","3":"status-publish","4":"has-post-thumbnail","6":"product_cat-alle-produkte","7":"product_cat-zaune","9":"first","10":"instock","11":"taxable","12":"shipping-taxable","13":"purchasable","14":"product-type-simple"},"yoast_head":"<!-- This site is optimized with the Yoast SEO plugin v25.5 - https:\/\/yoast.com\/wordpress\/plugins\/seo\/ -->\n<title>Sichtschutzband f\u00fcr Gitterzaun 35\u202fm x 19\u202fcm - E-dom<\/title>\n<meta name=\"robots\" content=\"index, follow, max-snippet:-1, max-image-preview:large, max-video-preview:-1\" \/>\n<link rel=\"canonical\" href=\"https:\/\/e-dom.si\/de\/izdelek\/sichtschutzband-fur-gitterzaun-35-m-x-19-cm\/\" \/>\n<meta property=\"og:locale\" content=\"de_DE\" \/>\n<meta property=\"og:type\" content=\"article\" \/>\n<meta property=\"og:title\" content=\"Sichtschutzband f\u00fcr Gitterzaun 35\u202fm x 19\u202fcm - E-dom\" \/>\n<meta property=\"og:description\" content=\"Das Sichtschutzband f\u00fcr Gitterz\u00e4une 35 m x 19 cm ist die ideale L\u00f6sung, um Privatsph\u00e4re, Windschutz und ein \u00e4sthetisches Erscheinungsbild Ihres Zauns zu gew\u00e4hrleisten. Es ist f\u00fcr das einfache Einflechten in Standard-Gitterz\u00e4une (z.\u202fB. 2D- oder 3D-Z\u00e4une) konzipiert und eignet sich sowohl f\u00fcr den privaten als auch f\u00fcr den gewerblichen Einsatz. Eigenschaften:Ma\u00dfe: 35 Meter L\u00e4nge, 19 [&hellip;]\" \/>\n<meta property=\"og:url\" content=\"https:\/\/e-dom.si\/de\/izdelek\/sichtschutzband-fur-gitterzaun-35-m-x-19-cm\/\" \/>\n<meta property=\"og:site_name\" content=\"E-dom\" \/>\n<meta property=\"article:publisher\" content=\"https:\/\/www.facebook.com\/profile.php?id=100067959520584\" \/>\n<meta property=\"article:modified_time\" content=\"2025-06-01T16:31:51+00:00\" \/>\n<meta property=\"og:image\" content=\"https:\/\/e-dom.si\/wp-content\/uploads\/2025\/06\/trak.png\" \/>\n\t<meta property=\"og:image:width\" content=\"600\" \/>\n\t<meta property=\"og:image:height\" content=\"600\" \/>\n\t<meta property=\"og:image:type\" content=\"image\/png\" \/>\n<meta name=\"twitter:card\" content=\"summary_large_image\" \/>\n<meta name=\"twitter:label1\" content=\"Gesch\u00e4tzte Lesezeit\" \/>\n\t<meta name=\"twitter:data1\" content=\"1 Minute\" \/>\n<script type=\"application\/ld+json\" class=\"yoast-schema-graph\">{\"@context\":\"https:\/\/schema.org\",\"@graph\":[{\"@type\":\"WebPage\",\"@id\":\"https:\/\/e-dom.si\/de\/izdelek\/sichtschutzband-fur-gitterzaun-35-m-x-19-cm\/\",\"url\":\"https:\/\/e-dom.si\/de\/izdelek\/sichtschutzband-fur-gitterzaun-35-m-x-19-cm\/\",\"name\":\"Sichtschutzband f\u00fcr Gitterzaun 35\u202fm x 19\u202fcm - E-dom\",\"isPartOf\":{\"@id\":\"https:\/\/e-dom.si\/#website\"},\"primaryImageOfPage\":{\"@id\":\"https:\/\/e-dom.si\/de\/izdelek\/sichtschutzband-fur-gitterzaun-35-m-x-19-cm\/#primaryimage\"},\"image\":{\"@id\":\"https:\/\/e-dom.si\/de\/izdelek\/sichtschutzband-fur-gitterzaun-35-m-x-19-cm\/#primaryimage\"},\"thumbnailUrl\":\"https:\/\/e-dom.si\/wp-content\/uploads\/2025\/06\/trak.png\",\"datePublished\":\"2025-06-01T13:48:01+00:00\",\"dateModified\":\"2025-06-01T16:31:51+00:00\",\"breadcrumb\":{\"@id\":\"https:\/\/e-dom.si\/de\/izdelek\/sichtschutzband-fur-gitterzaun-35-m-x-19-cm\/#breadcrumb\"},\"inLanguage\":\"de-AT\",\"potentialAction\":[{\"@type\":\"ReadAction\",\"target\":[\"https:\/\/e-dom.si\/de\/izdelek\/sichtschutzband-fur-gitterzaun-35-m-x-19-cm\/\"]}]},{\"@type\":\"ImageObject\",\"inLanguage\":\"de-AT\",\"@id\":\"https:\/\/e-dom.si\/de\/izdelek\/sichtschutzband-fur-gitterzaun-35-m-x-19-cm\/#primaryimage\",\"url\":\"https:\/\/e-dom.si\/wp-content\/uploads\/2025\/06\/trak.png\",\"contentUrl\":\"https:\/\/e-dom.si\/wp-content\/uploads\/2025\/06\/trak.png\",\"width\":600,\"height\":600},{\"@type\":\"BreadcrumbList\",\"@id\":\"https:\/\/e-dom.si\/de\/izdelek\/sichtschutzband-fur-gitterzaun-35-m-x-19-cm\/#breadcrumb\",\"itemListElement\":[{\"@type\":\"ListItem\",\"position\":1,\"name\":\"Domov\",\"item\":\"https:\/\/e-dom.si\/\"},{\"@type\":\"ListItem\",\"position\":2,\"name\":\"Izdelki\",\"item\":\"https:\/\/e-dom.si\/shop\/\"},{\"@type\":\"ListItem\",\"position\":3,\"name\":\"Sichtschutzband f\u00fcr Gitterzaun 35\u202fm x 19\u202fcm\"}]},{\"@type\":\"WebSite\",\"@id\":\"https:\/\/e-dom.si\/#website\",\"url\":\"https:\/\/e-dom.si\/\",\"name\":\"E-dom\",\"description\":\"Pohi\u0161tvo in gradbeni material za vsak dom.\",\"publisher\":{\"@id\":\"https:\/\/e-dom.si\/#organization\"},\"potentialAction\":[{\"@type\":\"SearchAction\",\"target\":{\"@type\":\"EntryPoint\",\"urlTemplate\":\"https:\/\/e-dom.si\/?s={search_term_string}\"},\"query-input\":{\"@type\":\"PropertyValueSpecification\",\"valueRequired\":true,\"valueName\":\"search_term_string\"}}],\"inLanguage\":\"de-AT\"},{\"@type\":\"Organization\",\"@id\":\"https:\/\/e-dom.si\/#organization\",\"name\":\"Lion-x do.o.\",\"url\":\"https:\/\/e-dom.si\/\",\"logo\":{\"@type\":\"ImageObject\",\"inLanguage\":\"de-AT\",\"@id\":\"https:\/\/e-dom.si\/#\/schema\/logo\/image\/\",\"url\":\"https:\/\/e-dom.si\/wp-content\/uploads\/2023\/03\/LOGOTIP-1-BREZ-TEXTA2.png\",\"contentUrl\":\"https:\/\/e-dom.si\/wp-content\/uploads\/2023\/03\/LOGOTIP-1-BREZ-TEXTA2.png\",\"width\":359,\"height\":359,\"caption\":\"Lion-x do.o.\"},\"image\":{\"@id\":\"https:\/\/e-dom.si\/#\/schema\/logo\/image\/\"},\"sameAs\":[\"https:\/\/www.facebook.com\/profile.php?id=100067959520584\",\"https:\/\/www.instagram.com\/e_dom.si\/\"]}]}<\/script>\n<!-- \/ Yoast SEO plugin. -->","yoast_head_json":{"title":"Sichtschutzband f\u00fcr Gitterzaun 35\u202fm x 19\u202fcm - E-dom","robots":{"index":"index","follow":"follow","max-snippet":"max-snippet:-1","max-image-preview":"max-image-preview:large","max-video-preview":"max-video-preview:-1"},"canonical":"https:\/\/e-dom.si\/de\/izdelek\/sichtschutzband-fur-gitterzaun-35-m-x-19-cm\/","og_locale":"de_DE","og_type":"article","og_title":"Sichtschutzband f\u00fcr Gitterzaun 35\u202fm x 19\u202fcm - E-dom","og_description":"Das Sichtschutzband f\u00fcr Gitterz\u00e4une 35 m x 19 cm ist die ideale L\u00f6sung, um Privatsph\u00e4re, Windschutz und ein \u00e4sthetisches Erscheinungsbild Ihres Zauns zu gew\u00e4hrleisten. Es ist f\u00fcr das einfache Einflechten in Standard-Gitterz\u00e4une (z.\u202fB. 2D- oder 3D-Z\u00e4une) konzipiert und eignet sich sowohl f\u00fcr den privaten als auch f\u00fcr den gewerblichen Einsatz. Eigenschaften:Ma\u00dfe: 35 Meter L\u00e4nge, 19 [&hellip;]","og_url":"https:\/\/e-dom.si\/de\/izdelek\/sichtschutzband-fur-gitterzaun-35-m-x-19-cm\/","og_site_name":"E-dom","article_publisher":"https:\/\/www.facebook.com\/profile.php?id=100067959520584","article_modified_time":"2025-06-01T16:31:51+00:00","og_image":[{"width":600,"height":600,"url":"https:\/\/e-dom.si\/wp-content\/uploads\/2025\/06\/trak.png","type":"image\/png"}],"twitter_card":"summary_large_image","twitter_misc":{"Gesch\u00e4tzte Lesezeit":"1 Minute"},"schema":{"@context":"https:\/\/schema.org","@graph":[{"@type":"WebPage","@id":"https:\/\/e-dom.si\/de\/izdelek\/sichtschutzband-fur-gitterzaun-35-m-x-19-cm\/","url":"https:\/\/e-dom.si\/de\/izdelek\/sichtschutzband-fur-gitterzaun-35-m-x-19-cm\/","name":"Sichtschutzband f\u00fcr Gitterzaun 35\u202fm x 19\u202fcm - E-dom","isPartOf":{"@id":"https:\/\/e-dom.si\/#website"},"primaryImageOfPage":{"@id":"https:\/\/e-dom.si\/de\/izdelek\/sichtschutzband-fur-gitterzaun-35-m-x-19-cm\/#primaryimage"},"image":{"@id":"https:\/\/e-dom.si\/de\/izdelek\/sichtschutzband-fur-gitterzaun-35-m-x-19-cm\/#primaryimage"},"thumbnailUrl":"https:\/\/e-dom.si\/wp-content\/uploads\/2025\/06\/trak.png","datePublished":"2025-06-01T13:48:01+00:00","dateModified":"2025-06-01T16:31:51+00:00","breadcrumb":{"@id":"https:\/\/e-dom.si\/de\/izdelek\/sichtschutzband-fur-gitterzaun-35-m-x-19-cm\/#breadcrumb"},"inLanguage":"de-AT","potentialAction":[{"@type":"ReadAction","target":["https:\/\/e-dom.si\/de\/izdelek\/sichtschutzband-fur-gitterzaun-35-m-x-19-cm\/"]}]},{"@type":"ImageObject","inLanguage":"de-AT","@id":"https:\/\/e-dom.si\/de\/izdelek\/sichtschutzband-fur-gitterzaun-35-m-x-19-cm\/#primaryimage","url":"https:\/\/e-dom.si\/wp-content\/uploads\/2025\/06\/trak.png","contentUrl":"https:\/\/e-dom.si\/wp-content\/uploads\/2025\/06\/trak.png","width":600,"height":600},{"@type":"BreadcrumbList","@id":"https:\/\/e-dom.si\/de\/izdelek\/sichtschutzband-fur-gitterzaun-35-m-x-19-cm\/#breadcrumb","itemListElement":[{"@type":"ListItem","position":1,"name":"Domov","item":"https:\/\/e-dom.si\/"},{"@type":"ListItem","position":2,"name":"Izdelki","item":"https:\/\/e-dom.si\/shop\/"},{"@type":"ListItem","position":3,"name":"Sichtschutzband f\u00fcr Gitterzaun 35\u202fm x 19\u202fcm"}]},{"@type":"WebSite","@id":"https:\/\/e-dom.si\/#website","url":"https:\/\/e-dom.si\/","name":"E-dom","description":"Pohi\u0161tvo in gradbeni material za vsak dom.","publisher":{"@id":"https:\/\/e-dom.si\/#organization"},"potentialAction":[{"@type":"SearchAction","target":{"@type":"EntryPoint","urlTemplate":"https:\/\/e-dom.si\/?s={search_term_string}"},"query-input":{"@type":"PropertyValueSpecification","valueRequired":true,"valueName":"search_term_string"}}],"inLanguage":"de-AT"},{"@type":"Organization","@id":"https:\/\/e-dom.si\/#organization","name":"Lion-x do.o.","url":"https:\/\/e-dom.si\/","logo":{"@type":"ImageObject","inLanguage":"de-AT","@id":"https:\/\/e-dom.si\/#\/schema\/logo\/image\/","url":"https:\/\/e-dom.si\/wp-content\/uploads\/2023\/03\/LOGOTIP-1-BREZ-TEXTA2.png","contentUrl":"https:\/\/e-dom.si\/wp-content\/uploads\/2023\/03\/LOGOTIP-1-BREZ-TEXTA2.png","width":359,"height":359,"caption":"Lion-x do.o."},"image":{"@id":"https:\/\/e-dom.si\/#\/schema\/logo\/image\/"},"sameAs":["https:\/\/www.facebook.com\/profile.php?id=100067959520584","https:\/\/www.instagram.com\/e_dom.si\/"]}]}},"_links":{"self":[{"href":"https:\/\/e-dom.si\/de\/wp-json\/wp\/v2\/product\/4325","targetHints":{"allow":["GET"]}}],"collection":[{"href":"https:\/\/e-dom.si\/de\/wp-json\/wp\/v2\/product"}],"about":[{"href":"https:\/\/e-dom.si\/de\/wp-json\/wp\/v2\/types\/product"}],"version-history":[{"count":0,"href":"https:\/\/e-dom.si\/de\/wp-json\/wp\/v2\/product\/4325\/revisions"}],"wp:featuredmedia":[{"embeddable":true,"href":"https:\/\/e-dom.si\/de\/wp-json\/wp\/v2\/media\/4251"}],"wp:attachment":[{"href":"https:\/\/e-dom.si\/de\/wp-json\/wp\/v2\/media?parent=4325"}],"wp:term":[{"taxonomy":"product_brand","embeddable":true,"href":"https:\/\/e-dom.si\/de\/wp-json\/wp\/v2\/product_brand?post=4325"},{"taxonomy":"product_cat","embeddable":true,"href":"https:\/\/e-dom.si\/de\/wp-json\/wp\/v2\/product_cat?post=4325"},{"taxonomy":"product_tag","embeddable":true,"href":"https:\/\/e-dom.si\/de\/wp-json\/wp\/v2\/product_tag?post=4325"}],"curies":[{"name":"wp","href":"https:\/\/api.w.org\/{rel}","templated":true}]}}