{"id":4248,"date":"2025-06-01T13:23:03","date_gmt":"2025-06-01T11:23:03","guid":{"rendered":"https:\/\/e-dom.si\/?post_type=product&#038;p=4248"},"modified":"2025-06-03T23:31:39","modified_gmt":"2025-06-03T21:31:39","slug":"trak-za-panelno-ograjo-35-m-x-19-cm","status":"publish","type":"product","link":"https:\/\/e-dom.si\/de\/product\/trak-za-panelno-ograjo-35-m-x-19-cm\/","title":{"rendered":"Trak za panelno ograjo 35 m x 19 cm"},"content":{"rendered":"<p data-start=\"121\" data-end=\"427\"><strong data-start=\"121\" data-end=\"160\">Trak za panelno ograjo 35 m x 19 cm<\/strong> je idealna re\u0161itev za zagotavljanje zasebnosti, za\u0161\u010dite pred vetrom in estetskega videza va\u0161e ograje. Trak je zasnovan za enostavno vpletanje v standardne panelne ograje (npr. 2D ali 3D ograje) in je primeren za uporabo tako na zasebnih kot tudi poslovnih povr\u0161inah.<\/p>\n<p data-start=\"429\" data-end=\"443\"><strong data-start=\"429\" data-end=\"443\">Lastnosti:<\/strong><\/p>\n<ul data-start=\"444\" data-end=\"785\">\n<li data-start=\"444\" data-end=\"496\">\n<p data-start=\"446\" data-end=\"496\">Dimenzije: <strong data-start=\"457\" data-end=\"478\">35 metrov dol\u017eine<\/strong>, <strong data-start=\"480\" data-end=\"496\">19 cm \u0161irine<\/strong><\/p>\n<\/li>\n<li data-start=\"497\" data-end=\"558\">\n<p data-start=\"499\" data-end=\"558\">Material: <strong data-start=\"509\" data-end=\"527\">UV-odporen PVC<\/strong><\/p>\n<\/li>\n<li data-start=\"625\" data-end=\"673\">\n<p data-start=\"627\" data-end=\"673\">Odporen na vremenske vplive, vlago in UV-\u017earke<\/p>\n<\/li>\n<li data-start=\"749\" data-end=\"785\">\n<p data-start=\"751\" data-end=\"785\">Pove\u010da zasebnost in zmanj\u0161a prepih<\/p>\n<\/li>\n<\/ul>\n<p data-start=\"787\" data-end=\"810\"><strong data-start=\"787\" data-end=\"810\">Vklju\u010deno v paketu:<\/strong><\/p>\n<ul data-start=\"811\" data-end=\"920\">\n<li data-start=\"811\" data-end=\"834\">\n<p data-start=\"813\" data-end=\"834\">1 x trak dol\u017eine 35 m<\/p>\n<\/li>\n<li data-start=\"835\" data-end=\"920\">\n<p data-start=\"837\" data-end=\"920\">20 x sponka za pritrditev<\/p>\n<\/li>\n<\/ul>","protected":false},"excerpt":{"rendered":"<p>Trak za panelno ograjo 35 m x 19 cm je idealna re\u0161itev za zagotavljanje zasebnosti, za\u0161\u010dite pred vetrom in estetskega videza va\u0161e ograje. Trak je zasnovan za enostavno vpletanje v standardne panelne ograje (npr. 2D ali 3D ograje) in je primeren za uporabo tako na zasebnih kot tudi poslovnih povr\u0161inah. Lastnosti: Dimenzije: 35 metrov dol\u017eine, [&hellip;]<\/p>","protected":false},"featured_media":4251,"template":"","meta":{"inline_featured_image":false},"product_brand":[],"product_cat":[23,24],"product_tag":[],"class_list":{"0":"post-4248","1":"product","2":"type-product","3":"status-publish","4":"has-post-thumbnail","6":"product_cat-ograje-sl","7":"product_cat-vsi-izdelki","9":"first","10":"instock","11":"taxable","12":"shipping-taxable","13":"purchasable","14":"product-type-simple"},"yoast_head":"<!-- This site is optimized with the Yoast SEO plugin v25.5 - https:\/\/yoast.com\/wordpress\/plugins\/seo\/ -->\n<title>Trak za panelno ograjo 35 m x 19 cm - E-dom<\/title>\n<meta name=\"robots\" content=\"index, follow, max-snippet:-1, max-image-preview:large, max-video-preview:-1\" \/>\n<link rel=\"canonical\" href=\"https:\/\/e-dom.si\/de\/product\/trak-za-panelno-ograjo-35-m-x-19-cm\/\" \/>\n<meta property=\"og:locale\" content=\"de_DE\" \/>\n<meta property=\"og:type\" content=\"article\" \/>\n<meta property=\"og:title\" content=\"Trak za panelno ograjo 35 m x 19 cm - E-dom\" \/>\n<meta property=\"og:description\" content=\"Trak za panelno ograjo 35 m x 19 cm je idealna re\u0161itev za zagotavljanje zasebnosti, za\u0161\u010dite pred vetrom in estetskega videza va\u0161e ograje. Trak je zasnovan za enostavno vpletanje v standardne panelne ograje (npr. 2D ali 3D ograje) in je primeren za uporabo tako na zasebnih kot tudi poslovnih povr\u0161inah. Lastnosti: Dimenzije: 35 metrov dol\u017eine, [&hellip;]\" \/>\n<meta property=\"og:url\" content=\"https:\/\/e-dom.si\/de\/product\/trak-za-panelno-ograjo-35-m-x-19-cm\/\" \/>\n<meta property=\"og:site_name\" content=\"E-dom\" \/>\n<meta property=\"article:publisher\" content=\"https:\/\/www.facebook.com\/profile.php?id=100067959520584\" \/>\n<meta property=\"article:modified_time\" content=\"2025-06-03T21:31:39+00:00\" \/>\n<meta property=\"og:image\" content=\"https:\/\/e-dom.si\/wp-content\/uploads\/2025\/06\/trak.png\" \/>\n\t<meta property=\"og:image:width\" content=\"600\" \/>\n\t<meta property=\"og:image:height\" content=\"600\" \/>\n\t<meta property=\"og:image:type\" content=\"image\/png\" \/>\n<meta name=\"twitter:card\" content=\"summary_large_image\" \/>\n<meta name=\"twitter:label1\" content=\"Gesch\u00e4tzte Lesezeit\" \/>\n\t<meta name=\"twitter:data1\" content=\"1 Minute\" \/>\n<script type=\"application\/ld+json\" class=\"yoast-schema-graph\">{\"@context\":\"https:\/\/schema.org\",\"@graph\":[{\"@type\":\"WebPage\",\"@id\":\"https:\/\/e-dom.si\/izdelek\/trak-za-panelno-ograjo-35-m-x-19-cm\/\",\"url\":\"https:\/\/e-dom.si\/izdelek\/trak-za-panelno-ograjo-35-m-x-19-cm\/\",\"name\":\"Trak za panelno ograjo 35 m x 19 cm - E-dom\",\"isPartOf\":{\"@id\":\"https:\/\/e-dom.si\/#website\"},\"primaryImageOfPage\":{\"@id\":\"https:\/\/e-dom.si\/izdelek\/trak-za-panelno-ograjo-35-m-x-19-cm\/#primaryimage\"},\"image\":{\"@id\":\"https:\/\/e-dom.si\/izdelek\/trak-za-panelno-ograjo-35-m-x-19-cm\/#primaryimage\"},\"thumbnailUrl\":\"https:\/\/e-dom.si\/wp-content\/uploads\/2025\/06\/trak.png\",\"datePublished\":\"2025-06-01T11:23:03+00:00\",\"dateModified\":\"2025-06-03T21:31:39+00:00\",\"breadcrumb\":{\"@id\":\"https:\/\/e-dom.si\/izdelek\/trak-za-panelno-ograjo-35-m-x-19-cm\/#breadcrumb\"},\"inLanguage\":\"de-AT\",\"potentialAction\":[{\"@type\":\"ReadAction\",\"target\":[\"https:\/\/e-dom.si\/izdelek\/trak-za-panelno-ograjo-35-m-x-19-cm\/\"]}]},{\"@type\":\"ImageObject\",\"inLanguage\":\"de-AT\",\"@id\":\"https:\/\/e-dom.si\/izdelek\/trak-za-panelno-ograjo-35-m-x-19-cm\/#primaryimage\",\"url\":\"https:\/\/e-dom.si\/wp-content\/uploads\/2025\/06\/trak.png\",\"contentUrl\":\"https:\/\/e-dom.si\/wp-content\/uploads\/2025\/06\/trak.png\",\"width\":600,\"height\":600},{\"@type\":\"BreadcrumbList\",\"@id\":\"https:\/\/e-dom.si\/izdelek\/trak-za-panelno-ograjo-35-m-x-19-cm\/#breadcrumb\",\"itemListElement\":[{\"@type\":\"ListItem\",\"position\":1,\"name\":\"Domov\",\"item\":\"https:\/\/e-dom.si\/\"},{\"@type\":\"ListItem\",\"position\":2,\"name\":\"Izdelki\",\"item\":\"https:\/\/e-dom.si\/shop\/\"},{\"@type\":\"ListItem\",\"position\":3,\"name\":\"Trak za panelno ograjo 35 m x 19 cm\"}]},{\"@type\":\"WebSite\",\"@id\":\"https:\/\/e-dom.si\/#website\",\"url\":\"https:\/\/e-dom.si\/\",\"name\":\"E-dom\",\"description\":\"Pohi\u0161tvo in gradbeni material za vsak dom.\",\"publisher\":{\"@id\":\"https:\/\/e-dom.si\/#organization\"},\"potentialAction\":[{\"@type\":\"SearchAction\",\"target\":{\"@type\":\"EntryPoint\",\"urlTemplate\":\"https:\/\/e-dom.si\/?s={search_term_string}\"},\"query-input\":{\"@type\":\"PropertyValueSpecification\",\"valueRequired\":true,\"valueName\":\"search_term_string\"}}],\"inLanguage\":\"de-AT\"},{\"@type\":\"Organization\",\"@id\":\"https:\/\/e-dom.si\/#organization\",\"name\":\"Lion-x do.o.\",\"url\":\"https:\/\/e-dom.si\/\",\"logo\":{\"@type\":\"ImageObject\",\"inLanguage\":\"de-AT\",\"@id\":\"https:\/\/e-dom.si\/#\/schema\/logo\/image\/\",\"url\":\"https:\/\/e-dom.si\/wp-content\/uploads\/2023\/03\/LOGOTIP-1-BREZ-TEXTA2.png\",\"contentUrl\":\"https:\/\/e-dom.si\/wp-content\/uploads\/2023\/03\/LOGOTIP-1-BREZ-TEXTA2.png\",\"width\":359,\"height\":359,\"caption\":\"Lion-x do.o.\"},\"image\":{\"@id\":\"https:\/\/e-dom.si\/#\/schema\/logo\/image\/\"},\"sameAs\":[\"https:\/\/www.facebook.com\/profile.php?id=100067959520584\",\"https:\/\/www.instagram.com\/e_dom.si\/\"]}]}<\/script>\n<!-- \/ Yoast SEO plugin. -->","yoast_head_json":{"title":"Trak za panelno ograjo 35 m x 19 cm - E-dom","robots":{"index":"index","follow":"follow","max-snippet":"max-snippet:-1","max-image-preview":"max-image-preview:large","max-video-preview":"max-video-preview:-1"},"canonical":"https:\/\/e-dom.si\/de\/product\/trak-za-panelno-ograjo-35-m-x-19-cm\/","og_locale":"de_DE","og_type":"article","og_title":"Trak za panelno ograjo 35 m x 19 cm - E-dom","og_description":"Trak za panelno ograjo 35 m x 19 cm je idealna re\u0161itev za zagotavljanje zasebnosti, za\u0161\u010dite pred vetrom in estetskega videza va\u0161e ograje. Trak je zasnovan za enostavno vpletanje v standardne panelne ograje (npr. 2D ali 3D ograje) in je primeren za uporabo tako na zasebnih kot tudi poslovnih povr\u0161inah. Lastnosti: Dimenzije: 35 metrov dol\u017eine, [&hellip;]","og_url":"https:\/\/e-dom.si\/de\/product\/trak-za-panelno-ograjo-35-m-x-19-cm\/","og_site_name":"E-dom","article_publisher":"https:\/\/www.facebook.com\/profile.php?id=100067959520584","article_modified_time":"2025-06-03T21:31:39+00:00","og_image":[{"width":600,"height":600,"url":"https:\/\/e-dom.si\/wp-content\/uploads\/2025\/06\/trak.png","type":"image\/png"}],"twitter_card":"summary_large_image","twitter_misc":{"Gesch\u00e4tzte Lesezeit":"1 Minute"},"schema":{"@context":"https:\/\/schema.org","@graph":[{"@type":"WebPage","@id":"https:\/\/e-dom.si\/izdelek\/trak-za-panelno-ograjo-35-m-x-19-cm\/","url":"https:\/\/e-dom.si\/izdelek\/trak-za-panelno-ograjo-35-m-x-19-cm\/","name":"Trak za panelno ograjo 35 m x 19 cm - E-dom","isPartOf":{"@id":"https:\/\/e-dom.si\/#website"},"primaryImageOfPage":{"@id":"https:\/\/e-dom.si\/izdelek\/trak-za-panelno-ograjo-35-m-x-19-cm\/#primaryimage"},"image":{"@id":"https:\/\/e-dom.si\/izdelek\/trak-za-panelno-ograjo-35-m-x-19-cm\/#primaryimage"},"thumbnailUrl":"https:\/\/e-dom.si\/wp-content\/uploads\/2025\/06\/trak.png","datePublished":"2025-06-01T11:23:03+00:00","dateModified":"2025-06-03T21:31:39+00:00","breadcrumb":{"@id":"https:\/\/e-dom.si\/izdelek\/trak-za-panelno-ograjo-35-m-x-19-cm\/#breadcrumb"},"inLanguage":"de-AT","potentialAction":[{"@type":"ReadAction","target":["https:\/\/e-dom.si\/izdelek\/trak-za-panelno-ograjo-35-m-x-19-cm\/"]}]},{"@type":"ImageObject","inLanguage":"de-AT","@id":"https:\/\/e-dom.si\/izdelek\/trak-za-panelno-ograjo-35-m-x-19-cm\/#primaryimage","url":"https:\/\/e-dom.si\/wp-content\/uploads\/2025\/06\/trak.png","contentUrl":"https:\/\/e-dom.si\/wp-content\/uploads\/2025\/06\/trak.png","width":600,"height":600},{"@type":"BreadcrumbList","@id":"https:\/\/e-dom.si\/izdelek\/trak-za-panelno-ograjo-35-m-x-19-cm\/#breadcrumb","itemListElement":[{"@type":"ListItem","position":1,"name":"Domov","item":"https:\/\/e-dom.si\/"},{"@type":"ListItem","position":2,"name":"Izdelki","item":"https:\/\/e-dom.si\/shop\/"},{"@type":"ListItem","position":3,"name":"Trak za panelno ograjo 35 m x 19 cm"}]},{"@type":"WebSite","@id":"https:\/\/e-dom.si\/#website","url":"https:\/\/e-dom.si\/","name":"E-dom","description":"Pohi\u0161tvo in gradbeni material za vsak dom.","publisher":{"@id":"https:\/\/e-dom.si\/#organization"},"potentialAction":[{"@type":"SearchAction","target":{"@type":"EntryPoint","urlTemplate":"https:\/\/e-dom.si\/?s={search_term_string}"},"query-input":{"@type":"PropertyValueSpecification","valueRequired":true,"valueName":"search_term_string"}}],"inLanguage":"de-AT"},{"@type":"Organization","@id":"https:\/\/e-dom.si\/#organization","name":"Lion-x do.o.","url":"https:\/\/e-dom.si\/","logo":{"@type":"ImageObject","inLanguage":"de-AT","@id":"https:\/\/e-dom.si\/#\/schema\/logo\/image\/","url":"https:\/\/e-dom.si\/wp-content\/uploads\/2023\/03\/LOGOTIP-1-BREZ-TEXTA2.png","contentUrl":"https:\/\/e-dom.si\/wp-content\/uploads\/2023\/03\/LOGOTIP-1-BREZ-TEXTA2.png","width":359,"height":359,"caption":"Lion-x do.o."},"image":{"@id":"https:\/\/e-dom.si\/#\/schema\/logo\/image\/"},"sameAs":["https:\/\/www.facebook.com\/profile.php?id=100067959520584","https:\/\/www.instagram.com\/e_dom.si\/"]}]}},"_links":{"self":[{"href":"https:\/\/e-dom.si\/de\/wp-json\/wp\/v2\/product\/4248","targetHints":{"allow":["GET"]}}],"collection":[{"href":"https:\/\/e-dom.si\/de\/wp-json\/wp\/v2\/product"}],"about":[{"href":"https:\/\/e-dom.si\/de\/wp-json\/wp\/v2\/types\/product"}],"version-history":[{"count":0,"href":"https:\/\/e-dom.si\/de\/wp-json\/wp\/v2\/product\/4248\/revisions"}],"wp:featuredmedia":[{"embeddable":true,"href":"https:\/\/e-dom.si\/de\/wp-json\/wp\/v2\/media\/4251"}],"wp:attachment":[{"href":"https:\/\/e-dom.si\/de\/wp-json\/wp\/v2\/media?parent=4248"}],"wp:term":[{"taxonomy":"product_brand","embeddable":true,"href":"https:\/\/e-dom.si\/de\/wp-json\/wp\/v2\/product_brand?post=4248"},{"taxonomy":"product_cat","embeddable":true,"href":"https:\/\/e-dom.si\/de\/wp-json\/wp\/v2\/product_cat?post=4248"},{"taxonomy":"product_tag","embeddable":true,"href":"https:\/\/e-dom.si\/de\/wp-json\/wp\/v2\/product_tag?post=4248"}],"curies":[{"name":"wp","href":"https:\/\/api.w.org\/{rel}","templated":true}]}}