{"id":3092,"date":"2023-03-28T11:27:24","date_gmt":"2023-03-28T09:27:24","guid":{"rendered":"https:\/\/e-dom.si\/?post_type=product&#038;p=3092"},"modified":"2025-06-01T18:13:07","modified_gmt":"2025-06-01T16:13:07","slug":"osb-plosca","status":"publish","type":"product","link":"https:\/\/e-dom.si\/de\/product\/osb-plosca\/","title":{"rendered":"OSB PLO\u0160\u010cA"},"content":{"rendered":"<p>Vsestransko uporabne troslojne plo\u0161\u010de za izdelavo stre\u0161nih konstrukcij, zunanjih ali notranjih sten, podov in stropov pri monta\u017eni gradnji ter za opa\u017eevanje betonskih konstrukcij pri klasi\u010dni gradnji. Uporabljajo se tudi za postavitve sejemskih prostorov, reklamnih panojev, embala\u017eo itd.<\/p>","protected":false},"excerpt":{"rendered":"<p>Vsestransko uporabne troslojne plo\u0161\u010de za izdelavo stre\u0161nih konstrukcij, zunanjih ali notranjih sten, podov in stropov pri monta\u017eni gradnji ter za opa\u017eevanje betonskih konstrukcij pri klasi\u010dni gradnji. Uporabljajo se tudi za postavitve sejemskih prostorov, reklamnih panojev, embala\u017eo itd.<\/p>","protected":false},"featured_media":3093,"template":"","meta":{"inline_featured_image":false},"product_brand":[],"product_cat":[19,24],"product_tag":[],"class_list":{"0":"post-3092","1":"product","2":"type-product","3":"status-publish","4":"has-post-thumbnail","6":"product_cat-nekategorizirano","7":"product_cat-vsi-izdelki","9":"first","10":"instock","11":"taxable","12":"shipping-taxable","13":"purchasable","14":"product-type-variable"},"yoast_head":"<!-- This site is optimized with the Yoast SEO plugin v25.5 - https:\/\/yoast.com\/wordpress\/plugins\/seo\/ -->\n<title>OSB PLO\u0160\u010cA - E-dom<\/title>\n<meta name=\"robots\" content=\"index, follow, max-snippet:-1, max-image-preview:large, max-video-preview:-1\" \/>\n<link rel=\"canonical\" href=\"https:\/\/e-dom.si\/de\/product\/osb-plosca\/\" \/>\n<meta property=\"og:locale\" content=\"de_DE\" \/>\n<meta property=\"og:type\" content=\"article\" \/>\n<meta property=\"og:title\" content=\"OSB PLO\u0160\u010cA - E-dom\" \/>\n<meta property=\"og:description\" content=\"Vsestransko uporabne troslojne plo\u0161\u010de za izdelavo stre\u0161nih konstrukcij, zunanjih ali notranjih sten, podov in stropov pri monta\u017eni gradnji ter za opa\u017eevanje betonskih konstrukcij pri klasi\u010dni gradnji. Uporabljajo se tudi za postavitve sejemskih prostorov, reklamnih panojev, embala\u017eo itd.\" \/>\n<meta property=\"og:url\" content=\"https:\/\/e-dom.si\/de\/product\/osb-plosca\/\" \/>\n<meta property=\"og:site_name\" content=\"E-dom\" \/>\n<meta property=\"article:publisher\" content=\"https:\/\/www.facebook.com\/profile.php?id=100067959520584\" \/>\n<meta property=\"article:modified_time\" content=\"2025-06-01T16:13:07+00:00\" \/>\n<meta property=\"og:image\" content=\"https:\/\/e-dom.si\/wp-content\/uploads\/2023\/03\/osb-ploce.jpg\" \/>\n\t<meta property=\"og:image:width\" content=\"690\" \/>\n\t<meta property=\"og:image:height\" content=\"510\" \/>\n\t<meta property=\"og:image:type\" content=\"image\/jpeg\" \/>\n<meta name=\"twitter:card\" content=\"summary_large_image\" \/>\n<meta name=\"twitter:label1\" content=\"Gesch\u00e4tzte Lesezeit\" \/>\n\t<meta name=\"twitter:data1\" content=\"1 Minute\" \/>\n<script type=\"application\/ld+json\" class=\"yoast-schema-graph\">{\"@context\":\"https:\/\/schema.org\",\"@graph\":[{\"@type\":\"WebPage\",\"@id\":\"https:\/\/e-dom.si\/izdelek\/osb-plosca\/\",\"url\":\"https:\/\/e-dom.si\/izdelek\/osb-plosca\/\",\"name\":\"OSB PLO\u0160\u010cA - E-dom\",\"isPartOf\":{\"@id\":\"https:\/\/e-dom.si\/#website\"},\"primaryImageOfPage\":{\"@id\":\"https:\/\/e-dom.si\/izdelek\/osb-plosca\/#primaryimage\"},\"image\":{\"@id\":\"https:\/\/e-dom.si\/izdelek\/osb-plosca\/#primaryimage\"},\"thumbnailUrl\":\"https:\/\/e-dom.si\/wp-content\/uploads\/2023\/03\/osb-ploce.jpg\",\"datePublished\":\"2023-03-28T09:27:24+00:00\",\"dateModified\":\"2025-06-01T16:13:07+00:00\",\"breadcrumb\":{\"@id\":\"https:\/\/e-dom.si\/izdelek\/osb-plosca\/#breadcrumb\"},\"inLanguage\":\"de-AT\",\"potentialAction\":[{\"@type\":\"ReadAction\",\"target\":[\"https:\/\/e-dom.si\/izdelek\/osb-plosca\/\"]}]},{\"@type\":\"ImageObject\",\"inLanguage\":\"de-AT\",\"@id\":\"https:\/\/e-dom.si\/izdelek\/osb-plosca\/#primaryimage\",\"url\":\"https:\/\/e-dom.si\/wp-content\/uploads\/2023\/03\/osb-ploce.jpg\",\"contentUrl\":\"https:\/\/e-dom.si\/wp-content\/uploads\/2023\/03\/osb-ploce.jpg\",\"width\":690,\"height\":510},{\"@type\":\"BreadcrumbList\",\"@id\":\"https:\/\/e-dom.si\/izdelek\/osb-plosca\/#breadcrumb\",\"itemListElement\":[{\"@type\":\"ListItem\",\"position\":1,\"name\":\"Domov\",\"item\":\"https:\/\/e-dom.si\/\"},{\"@type\":\"ListItem\",\"position\":2,\"name\":\"Izdelki\",\"item\":\"https:\/\/e-dom.si\/shop\/\"},{\"@type\":\"ListItem\",\"position\":3,\"name\":\"OSB PLO\u0160\u010cA\"}]},{\"@type\":\"WebSite\",\"@id\":\"https:\/\/e-dom.si\/#website\",\"url\":\"https:\/\/e-dom.si\/\",\"name\":\"E-dom\",\"description\":\"Pohi\u0161tvo in gradbeni material za vsak dom.\",\"publisher\":{\"@id\":\"https:\/\/e-dom.si\/#organization\"},\"potentialAction\":[{\"@type\":\"SearchAction\",\"target\":{\"@type\":\"EntryPoint\",\"urlTemplate\":\"https:\/\/e-dom.si\/?s={search_term_string}\"},\"query-input\":{\"@type\":\"PropertyValueSpecification\",\"valueRequired\":true,\"valueName\":\"search_term_string\"}}],\"inLanguage\":\"de-AT\"},{\"@type\":\"Organization\",\"@id\":\"https:\/\/e-dom.si\/#organization\",\"name\":\"Lion-x do.o.\",\"url\":\"https:\/\/e-dom.si\/\",\"logo\":{\"@type\":\"ImageObject\",\"inLanguage\":\"de-AT\",\"@id\":\"https:\/\/e-dom.si\/#\/schema\/logo\/image\/\",\"url\":\"https:\/\/e-dom.si\/wp-content\/uploads\/2023\/03\/LOGOTIP-1-BREZ-TEXTA2.png\",\"contentUrl\":\"https:\/\/e-dom.si\/wp-content\/uploads\/2023\/03\/LOGOTIP-1-BREZ-TEXTA2.png\",\"width\":359,\"height\":359,\"caption\":\"Lion-x do.o.\"},\"image\":{\"@id\":\"https:\/\/e-dom.si\/#\/schema\/logo\/image\/\"},\"sameAs\":[\"https:\/\/www.facebook.com\/profile.php?id=100067959520584\",\"https:\/\/www.instagram.com\/e_dom.si\/\"]}]}<\/script>\n<!-- \/ Yoast SEO plugin. -->","yoast_head_json":{"title":"OSB PLO\u0160\u010cA - E-dom","robots":{"index":"index","follow":"follow","max-snippet":"max-snippet:-1","max-image-preview":"max-image-preview:large","max-video-preview":"max-video-preview:-1"},"canonical":"https:\/\/e-dom.si\/de\/product\/osb-plosca\/","og_locale":"de_DE","og_type":"article","og_title":"OSB PLO\u0160\u010cA - E-dom","og_description":"Vsestransko uporabne troslojne plo\u0161\u010de za izdelavo stre\u0161nih konstrukcij, zunanjih ali notranjih sten, podov in stropov pri monta\u017eni gradnji ter za opa\u017eevanje betonskih konstrukcij pri klasi\u010dni gradnji. Uporabljajo se tudi za postavitve sejemskih prostorov, reklamnih panojev, embala\u017eo itd.","og_url":"https:\/\/e-dom.si\/de\/product\/osb-plosca\/","og_site_name":"E-dom","article_publisher":"https:\/\/www.facebook.com\/profile.php?id=100067959520584","article_modified_time":"2025-06-01T16:13:07+00:00","og_image":[{"width":690,"height":510,"url":"https:\/\/e-dom.si\/wp-content\/uploads\/2023\/03\/osb-ploce.jpg","type":"image\/jpeg"}],"twitter_card":"summary_large_image","twitter_misc":{"Gesch\u00e4tzte Lesezeit":"1 Minute"},"schema":{"@context":"https:\/\/schema.org","@graph":[{"@type":"WebPage","@id":"https:\/\/e-dom.si\/izdelek\/osb-plosca\/","url":"https:\/\/e-dom.si\/izdelek\/osb-plosca\/","name":"OSB PLO\u0160\u010cA - E-dom","isPartOf":{"@id":"https:\/\/e-dom.si\/#website"},"primaryImageOfPage":{"@id":"https:\/\/e-dom.si\/izdelek\/osb-plosca\/#primaryimage"},"image":{"@id":"https:\/\/e-dom.si\/izdelek\/osb-plosca\/#primaryimage"},"thumbnailUrl":"https:\/\/e-dom.si\/wp-content\/uploads\/2023\/03\/osb-ploce.jpg","datePublished":"2023-03-28T09:27:24+00:00","dateModified":"2025-06-01T16:13:07+00:00","breadcrumb":{"@id":"https:\/\/e-dom.si\/izdelek\/osb-plosca\/#breadcrumb"},"inLanguage":"de-AT","potentialAction":[{"@type":"ReadAction","target":["https:\/\/e-dom.si\/izdelek\/osb-plosca\/"]}]},{"@type":"ImageObject","inLanguage":"de-AT","@id":"https:\/\/e-dom.si\/izdelek\/osb-plosca\/#primaryimage","url":"https:\/\/e-dom.si\/wp-content\/uploads\/2023\/03\/osb-ploce.jpg","contentUrl":"https:\/\/e-dom.si\/wp-content\/uploads\/2023\/03\/osb-ploce.jpg","width":690,"height":510},{"@type":"BreadcrumbList","@id":"https:\/\/e-dom.si\/izdelek\/osb-plosca\/#breadcrumb","itemListElement":[{"@type":"ListItem","position":1,"name":"Domov","item":"https:\/\/e-dom.si\/"},{"@type":"ListItem","position":2,"name":"Izdelki","item":"https:\/\/e-dom.si\/shop\/"},{"@type":"ListItem","position":3,"name":"OSB PLO\u0160\u010cA"}]},{"@type":"WebSite","@id":"https:\/\/e-dom.si\/#website","url":"https:\/\/e-dom.si\/","name":"E-dom","description":"Pohi\u0161tvo in gradbeni material za vsak dom.","publisher":{"@id":"https:\/\/e-dom.si\/#organization"},"potentialAction":[{"@type":"SearchAction","target":{"@type":"EntryPoint","urlTemplate":"https:\/\/e-dom.si\/?s={search_term_string}"},"query-input":{"@type":"PropertyValueSpecification","valueRequired":true,"valueName":"search_term_string"}}],"inLanguage":"de-AT"},{"@type":"Organization","@id":"https:\/\/e-dom.si\/#organization","name":"Lion-x do.o.","url":"https:\/\/e-dom.si\/","logo":{"@type":"ImageObject","inLanguage":"de-AT","@id":"https:\/\/e-dom.si\/#\/schema\/logo\/image\/","url":"https:\/\/e-dom.si\/wp-content\/uploads\/2023\/03\/LOGOTIP-1-BREZ-TEXTA2.png","contentUrl":"https:\/\/e-dom.si\/wp-content\/uploads\/2023\/03\/LOGOTIP-1-BREZ-TEXTA2.png","width":359,"height":359,"caption":"Lion-x do.o."},"image":{"@id":"https:\/\/e-dom.si\/#\/schema\/logo\/image\/"},"sameAs":["https:\/\/www.facebook.com\/profile.php?id=100067959520584","https:\/\/www.instagram.com\/e_dom.si\/"]}]}},"_links":{"self":[{"href":"https:\/\/e-dom.si\/de\/wp-json\/wp\/v2\/product\/3092","targetHints":{"allow":["GET"]}}],"collection":[{"href":"https:\/\/e-dom.si\/de\/wp-json\/wp\/v2\/product"}],"about":[{"href":"https:\/\/e-dom.si\/de\/wp-json\/wp\/v2\/types\/product"}],"version-history":[{"count":0,"href":"https:\/\/e-dom.si\/de\/wp-json\/wp\/v2\/product\/3092\/revisions"}],"wp:featuredmedia":[{"embeddable":true,"href":"https:\/\/e-dom.si\/de\/wp-json\/wp\/v2\/media\/3093"}],"wp:attachment":[{"href":"https:\/\/e-dom.si\/de\/wp-json\/wp\/v2\/media?parent=3092"}],"wp:term":[{"taxonomy":"product_brand","embeddable":true,"href":"https:\/\/e-dom.si\/de\/wp-json\/wp\/v2\/product_brand?post=3092"},{"taxonomy":"product_cat","embeddable":true,"href":"https:\/\/e-dom.si\/de\/wp-json\/wp\/v2\/product_cat?post=3092"},{"taxonomy":"product_tag","embeddable":true,"href":"https:\/\/e-dom.si\/de\/wp-json\/wp\/v2\/product_tag?post=3092"}],"curies":[{"name":"wp","href":"https:\/\/api.w.org\/{rel}","templated":true}]}}