{"id":2857,"date":"2023-03-26T11:43:41","date_gmt":"2023-03-26T09:43:41","guid":{"rendered":"https:\/\/e-dom.si\/izdelek\/pocinkani-kotnik-za-omet-275-m\/"},"modified":"2025-06-01T18:17:51","modified_gmt":"2025-06-01T16:17:51","slug":"pocinkani-kotnik-za-omet-275-m","status":"publish","type":"product","link":"https:\/\/e-dom.si\/de\/product\/pocinkani-kotnik-za-omet-275-m\/","title":{"rendered":"Pocinkani vogalnik za omet 2,75 m"},"content":{"rendered":"<p>Vogalnik iz pocinkane jeklene plo\u010devine za natan\u010dno in stabilno izvedbo vogalov.<\/p>\n<p>Pocinkani vogalnik za omet je izdelek, ki se uporablja za za\u0161\u010dito in utrditev robov ometane povr\u0161ine. Namenjen je za namestitev na vogale sten in drugih elementov, ki so izpostavljeni po\u0161kodbam, kot so na primer vogali stebrov, odprtine za vrata in okna ter drugi vogali prostorov.<\/p>\n<p>Vogalnik je izdelan iz trpe\u017enega materiala, kot je na primer jeklo ali aluminij, ki je nato prevle\u010den s plastjo cinka. Cinkova prevleka ima dvojno funkcijo &#8211; zagotavlja za\u0161\u010dito pred rjo in drugimi korozivnimi procesi, hkrati pa omogo\u010da bolj\u0161i oprijem ometa na povr\u0161ino.<\/p>","protected":false},"excerpt":{"rendered":"<p>Vogalnik iz pocinkane jeklene plo\u010devine za natan\u010dno in stabilno izvedbo vogalov. Pocinkani vogalnik za omet je izdelek, ki se uporablja za za\u0161\u010dito in utrditev robov ometane povr\u0161ine. Namenjen je za namestitev na vogale sten in drugih elementov, ki so izpostavljeni po\u0161kodbam, kot so na primer vogali stebrov, odprtine za vrata in okna ter drugi vogali [&hellip;]<\/p>","protected":false},"featured_media":2808,"template":"","meta":{"inline_featured_image":false},"product_brand":[],"product_cat":[79,24],"product_tag":[],"class_list":{"0":"post-2857","1":"product","2":"type-product","3":"status-publish","4":"has-post-thumbnail","6":"product_cat-fasade-sl","7":"product_cat-vsi-izdelki","9":"first","10":"instock","11":"taxable","12":"shipping-taxable","13":"purchasable","14":"product-type-simple"},"yoast_head":"<!-- This site is optimized with the Yoast SEO plugin v25.5 - https:\/\/yoast.com\/wordpress\/plugins\/seo\/ -->\n<title>Pocinkani vogalnik za omet 2,75 m - E-dom<\/title>\n<meta name=\"robots\" content=\"index, follow, max-snippet:-1, max-image-preview:large, max-video-preview:-1\" \/>\n<link rel=\"canonical\" href=\"https:\/\/e-dom.si\/de\/product\/pocinkani-kotnik-za-omet-275-m\/\" \/>\n<meta property=\"og:locale\" content=\"de_DE\" \/>\n<meta property=\"og:type\" content=\"article\" \/>\n<meta property=\"og:title\" content=\"Pocinkani vogalnik za omet 2,75 m - E-dom\" \/>\n<meta property=\"og:description\" content=\"Vogalnik iz pocinkane jeklene plo\u010devine za natan\u010dno in stabilno izvedbo vogalov. Pocinkani vogalnik za omet je izdelek, ki se uporablja za za\u0161\u010dito in utrditev robov ometane povr\u0161ine. Namenjen je za namestitev na vogale sten in drugih elementov, ki so izpostavljeni po\u0161kodbam, kot so na primer vogali stebrov, odprtine za vrata in okna ter drugi vogali [&hellip;]\" \/>\n<meta property=\"og:url\" content=\"https:\/\/e-dom.si\/de\/product\/pocinkani-kotnik-za-omet-275-m\/\" \/>\n<meta property=\"og:site_name\" content=\"E-dom\" \/>\n<meta property=\"article:publisher\" content=\"https:\/\/www.facebook.com\/profile.php?id=100067959520584\" \/>\n<meta property=\"article:modified_time\" content=\"2025-06-01T16:17:51+00:00\" \/>\n<meta property=\"og:image\" content=\"https:\/\/e-dom.si\/wp-content\/uploads\/2023\/03\/pocinkani-kotnik-za-omet.jpg\" \/>\n\t<meta property=\"og:image:width\" content=\"800\" \/>\n\t<meta property=\"og:image:height\" content=\"800\" \/>\n\t<meta property=\"og:image:type\" content=\"image\/jpeg\" \/>\n<meta name=\"twitter:card\" content=\"summary_large_image\" \/>\n<meta name=\"twitter:label1\" content=\"Gesch\u00e4tzte Lesezeit\" \/>\n\t<meta name=\"twitter:data1\" content=\"1 Minute\" \/>\n<script type=\"application\/ld+json\" class=\"yoast-schema-graph\">{\"@context\":\"https:\/\/schema.org\",\"@graph\":[{\"@type\":\"WebPage\",\"@id\":\"https:\/\/e-dom.si\/izdelek\/pocinkani-kotnik-za-omet-275-m\/\",\"url\":\"https:\/\/e-dom.si\/izdelek\/pocinkani-kotnik-za-omet-275-m\/\",\"name\":\"Pocinkani vogalnik za omet 2,75 m - E-dom\",\"isPartOf\":{\"@id\":\"https:\/\/e-dom.si\/#website\"},\"primaryImageOfPage\":{\"@id\":\"https:\/\/e-dom.si\/izdelek\/pocinkani-kotnik-za-omet-275-m\/#primaryimage\"},\"image\":{\"@id\":\"https:\/\/e-dom.si\/izdelek\/pocinkani-kotnik-za-omet-275-m\/#primaryimage\"},\"thumbnailUrl\":\"https:\/\/e-dom.si\/wp-content\/uploads\/2023\/03\/pocinkani-kotnik-za-omet.jpg\",\"datePublished\":\"2023-03-26T09:43:41+00:00\",\"dateModified\":\"2025-06-01T16:17:51+00:00\",\"breadcrumb\":{\"@id\":\"https:\/\/e-dom.si\/izdelek\/pocinkani-kotnik-za-omet-275-m\/#breadcrumb\"},\"inLanguage\":\"de-AT\",\"potentialAction\":[{\"@type\":\"ReadAction\",\"target\":[\"https:\/\/e-dom.si\/izdelek\/pocinkani-kotnik-za-omet-275-m\/\"]}]},{\"@type\":\"ImageObject\",\"inLanguage\":\"de-AT\",\"@id\":\"https:\/\/e-dom.si\/izdelek\/pocinkani-kotnik-za-omet-275-m\/#primaryimage\",\"url\":\"https:\/\/e-dom.si\/wp-content\/uploads\/2023\/03\/pocinkani-kotnik-za-omet.jpg\",\"contentUrl\":\"https:\/\/e-dom.si\/wp-content\/uploads\/2023\/03\/pocinkani-kotnik-za-omet.jpg\",\"width\":800,\"height\":800},{\"@type\":\"BreadcrumbList\",\"@id\":\"https:\/\/e-dom.si\/izdelek\/pocinkani-kotnik-za-omet-275-m\/#breadcrumb\",\"itemListElement\":[{\"@type\":\"ListItem\",\"position\":1,\"name\":\"Domov\",\"item\":\"https:\/\/e-dom.si\/\"},{\"@type\":\"ListItem\",\"position\":2,\"name\":\"Izdelki\",\"item\":\"https:\/\/e-dom.si\/shop\/\"},{\"@type\":\"ListItem\",\"position\":3,\"name\":\"Pocinkani vogalnik za omet 2,75 m\"}]},{\"@type\":\"WebSite\",\"@id\":\"https:\/\/e-dom.si\/#website\",\"url\":\"https:\/\/e-dom.si\/\",\"name\":\"E-dom\",\"description\":\"Pohi\u0161tvo in gradbeni material za vsak dom.\",\"publisher\":{\"@id\":\"https:\/\/e-dom.si\/#organization\"},\"potentialAction\":[{\"@type\":\"SearchAction\",\"target\":{\"@type\":\"EntryPoint\",\"urlTemplate\":\"https:\/\/e-dom.si\/?s={search_term_string}\"},\"query-input\":{\"@type\":\"PropertyValueSpecification\",\"valueRequired\":true,\"valueName\":\"search_term_string\"}}],\"inLanguage\":\"de-AT\"},{\"@type\":\"Organization\",\"@id\":\"https:\/\/e-dom.si\/#organization\",\"name\":\"Lion-x do.o.\",\"url\":\"https:\/\/e-dom.si\/\",\"logo\":{\"@type\":\"ImageObject\",\"inLanguage\":\"de-AT\",\"@id\":\"https:\/\/e-dom.si\/#\/schema\/logo\/image\/\",\"url\":\"https:\/\/e-dom.si\/wp-content\/uploads\/2023\/03\/LOGOTIP-1-BREZ-TEXTA2.png\",\"contentUrl\":\"https:\/\/e-dom.si\/wp-content\/uploads\/2023\/03\/LOGOTIP-1-BREZ-TEXTA2.png\",\"width\":359,\"height\":359,\"caption\":\"Lion-x do.o.\"},\"image\":{\"@id\":\"https:\/\/e-dom.si\/#\/schema\/logo\/image\/\"},\"sameAs\":[\"https:\/\/www.facebook.com\/profile.php?id=100067959520584\",\"https:\/\/www.instagram.com\/e_dom.si\/\"]}]}<\/script>\n<!-- \/ Yoast SEO plugin. -->","yoast_head_json":{"title":"Pocinkani vogalnik za omet 2,75 m - E-dom","robots":{"index":"index","follow":"follow","max-snippet":"max-snippet:-1","max-image-preview":"max-image-preview:large","max-video-preview":"max-video-preview:-1"},"canonical":"https:\/\/e-dom.si\/de\/product\/pocinkani-kotnik-za-omet-275-m\/","og_locale":"de_DE","og_type":"article","og_title":"Pocinkani vogalnik za omet 2,75 m - E-dom","og_description":"Vogalnik iz pocinkane jeklene plo\u010devine za natan\u010dno in stabilno izvedbo vogalov. Pocinkani vogalnik za omet je izdelek, ki se uporablja za za\u0161\u010dito in utrditev robov ometane povr\u0161ine. Namenjen je za namestitev na vogale sten in drugih elementov, ki so izpostavljeni po\u0161kodbam, kot so na primer vogali stebrov, odprtine za vrata in okna ter drugi vogali [&hellip;]","og_url":"https:\/\/e-dom.si\/de\/product\/pocinkani-kotnik-za-omet-275-m\/","og_site_name":"E-dom","article_publisher":"https:\/\/www.facebook.com\/profile.php?id=100067959520584","article_modified_time":"2025-06-01T16:17:51+00:00","og_image":[{"width":800,"height":800,"url":"https:\/\/e-dom.si\/wp-content\/uploads\/2023\/03\/pocinkani-kotnik-za-omet.jpg","type":"image\/jpeg"}],"twitter_card":"summary_large_image","twitter_misc":{"Gesch\u00e4tzte Lesezeit":"1 Minute"},"schema":{"@context":"https:\/\/schema.org","@graph":[{"@type":"WebPage","@id":"https:\/\/e-dom.si\/izdelek\/pocinkani-kotnik-za-omet-275-m\/","url":"https:\/\/e-dom.si\/izdelek\/pocinkani-kotnik-za-omet-275-m\/","name":"Pocinkani vogalnik za omet 2,75 m - E-dom","isPartOf":{"@id":"https:\/\/e-dom.si\/#website"},"primaryImageOfPage":{"@id":"https:\/\/e-dom.si\/izdelek\/pocinkani-kotnik-za-omet-275-m\/#primaryimage"},"image":{"@id":"https:\/\/e-dom.si\/izdelek\/pocinkani-kotnik-za-omet-275-m\/#primaryimage"},"thumbnailUrl":"https:\/\/e-dom.si\/wp-content\/uploads\/2023\/03\/pocinkani-kotnik-za-omet.jpg","datePublished":"2023-03-26T09:43:41+00:00","dateModified":"2025-06-01T16:17:51+00:00","breadcrumb":{"@id":"https:\/\/e-dom.si\/izdelek\/pocinkani-kotnik-za-omet-275-m\/#breadcrumb"},"inLanguage":"de-AT","potentialAction":[{"@type":"ReadAction","target":["https:\/\/e-dom.si\/izdelek\/pocinkani-kotnik-za-omet-275-m\/"]}]},{"@type":"ImageObject","inLanguage":"de-AT","@id":"https:\/\/e-dom.si\/izdelek\/pocinkani-kotnik-za-omet-275-m\/#primaryimage","url":"https:\/\/e-dom.si\/wp-content\/uploads\/2023\/03\/pocinkani-kotnik-za-omet.jpg","contentUrl":"https:\/\/e-dom.si\/wp-content\/uploads\/2023\/03\/pocinkani-kotnik-za-omet.jpg","width":800,"height":800},{"@type":"BreadcrumbList","@id":"https:\/\/e-dom.si\/izdelek\/pocinkani-kotnik-za-omet-275-m\/#breadcrumb","itemListElement":[{"@type":"ListItem","position":1,"name":"Domov","item":"https:\/\/e-dom.si\/"},{"@type":"ListItem","position":2,"name":"Izdelki","item":"https:\/\/e-dom.si\/shop\/"},{"@type":"ListItem","position":3,"name":"Pocinkani vogalnik za omet 2,75 m"}]},{"@type":"WebSite","@id":"https:\/\/e-dom.si\/#website","url":"https:\/\/e-dom.si\/","name":"E-dom","description":"Pohi\u0161tvo in gradbeni material za vsak dom.","publisher":{"@id":"https:\/\/e-dom.si\/#organization"},"potentialAction":[{"@type":"SearchAction","target":{"@type":"EntryPoint","urlTemplate":"https:\/\/e-dom.si\/?s={search_term_string}"},"query-input":{"@type":"PropertyValueSpecification","valueRequired":true,"valueName":"search_term_string"}}],"inLanguage":"de-AT"},{"@type":"Organization","@id":"https:\/\/e-dom.si\/#organization","name":"Lion-x do.o.","url":"https:\/\/e-dom.si\/","logo":{"@type":"ImageObject","inLanguage":"de-AT","@id":"https:\/\/e-dom.si\/#\/schema\/logo\/image\/","url":"https:\/\/e-dom.si\/wp-content\/uploads\/2023\/03\/LOGOTIP-1-BREZ-TEXTA2.png","contentUrl":"https:\/\/e-dom.si\/wp-content\/uploads\/2023\/03\/LOGOTIP-1-BREZ-TEXTA2.png","width":359,"height":359,"caption":"Lion-x do.o."},"image":{"@id":"https:\/\/e-dom.si\/#\/schema\/logo\/image\/"},"sameAs":["https:\/\/www.facebook.com\/profile.php?id=100067959520584","https:\/\/www.instagram.com\/e_dom.si\/"]}]}},"_links":{"self":[{"href":"https:\/\/e-dom.si\/de\/wp-json\/wp\/v2\/product\/2857","targetHints":{"allow":["GET"]}}],"collection":[{"href":"https:\/\/e-dom.si\/de\/wp-json\/wp\/v2\/product"}],"about":[{"href":"https:\/\/e-dom.si\/de\/wp-json\/wp\/v2\/types\/product"}],"version-history":[{"count":0,"href":"https:\/\/e-dom.si\/de\/wp-json\/wp\/v2\/product\/2857\/revisions"}],"wp:featuredmedia":[{"embeddable":true,"href":"https:\/\/e-dom.si\/de\/wp-json\/wp\/v2\/media\/2808"}],"wp:attachment":[{"href":"https:\/\/e-dom.si\/de\/wp-json\/wp\/v2\/media?parent=2857"}],"wp:term":[{"taxonomy":"product_brand","embeddable":true,"href":"https:\/\/e-dom.si\/de\/wp-json\/wp\/v2\/product_brand?post=2857"},{"taxonomy":"product_cat","embeddable":true,"href":"https:\/\/e-dom.si\/de\/wp-json\/wp\/v2\/product_cat?post=2857"},{"taxonomy":"product_tag","embeddable":true,"href":"https:\/\/e-dom.si\/de\/wp-json\/wp\/v2\/product_tag?post=2857"}],"curies":[{"name":"wp","href":"https:\/\/api.w.org\/{rel}","templated":true}]}}