{"id":2832,"date":"2023-03-26T11:43:31","date_gmt":"2023-03-26T09:43:31","guid":{"rendered":"https:\/\/e-dom.si\/?post_type=product&#038;p=2832"},"modified":"2025-06-01T18:18:32","modified_gmt":"2025-06-01T16:18:32","slug":"xps-stirodur","status":"publish","type":"product","link":"https:\/\/e-dom.si\/de\/product\/xps-stirodur\/","title":{"rendered":"XPS stirodur"},"content":{"rendered":"<p>XPS stirodur je izdelek iz skupine izolacijskih materialov, ki se uporablja za toplotno izolacijo stavb. Gre za ekstrudiran polistiren, ki je sestavljen iz zaprte celice, kar pomeni, da ne absorbira vlage in ima zelo nizko toplotno prevodnost.<\/p>\n<p>XPS stirodur se uporablja kot izolacijski material pri gradnji stropov, sten in tal, saj zagotavlja zelo dobro toplotno izolativnost in zmanj\u0161uje toplotne izgube v prostoru. Zaradi svoje zaprte strukture se tudi odli\u010dno obnese kot izolacija proti vlagi in vodni pari, kar je \u0161e posebej pomembno pri gradnji kopalnic, kuhinj in drugih prostorov z visoko vla\u017enostjo.<\/p>\n<p>XPS stirodur ima tudi dobre mehanske lastnosti, zato se lahko uporablja tudi kot trdna podlaga za obloge, kot so keramika, parket in drugi materiali. Poleg tega je material odporen proti gnitju in plesni, zato zagotavlja dolgo \u017eivljenjsko dobo in dobro vzdr\u017eljivost.<\/p>\n<p>XPS stirodur se obi\u010dajno prodaja v obliki plo\u0161\u010d razli\u010dnih debelin in dimenzij, ki jih je mogo\u010de enostavno rezati in prilagajati razli\u010dnim oblikam in velikostim prostorov. Namestitev materiala je preprosta, saj se obi\u010dajno pritrdi na stene, stropove in tla s pomo\u010djo lepila ali sidri\u0161\u010d.<\/p>","protected":false},"excerpt":{"rendered":"<p>XPS stirodur je izdelek iz skupine izolacijskih materialov, ki se uporablja za toplotno izolacijo stavb. Gre za ekstrudiran polistiren, ki je sestavljen iz zaprte celice, kar pomeni, da ne absorbira vlage in ima zelo nizko toplotno prevodnost. XPS stirodur se uporablja kot izolacijski material pri gradnji stropov, sten in tal, saj zagotavlja zelo dobro toplotno [&hellip;]<\/p>","protected":false},"featured_media":2799,"template":"","meta":{"inline_featured_image":false},"product_brand":[],"product_cat":[79,30,24],"product_tag":[],"class_list":{"0":"post-2832","1":"product","2":"type-product","3":"status-publish","4":"has-post-thumbnail","6":"product_cat-fasade-sl","7":"product_cat-stiropor-sl","8":"product_cat-vsi-izdelki","10":"first","11":"instock","12":"taxable","13":"shipping-taxable","14":"purchasable","15":"product-type-variable"},"yoast_head":"<!-- This site is optimized with the Yoast SEO plugin v25.5 - https:\/\/yoast.com\/wordpress\/plugins\/seo\/ -->\n<title>XPS stirodur - E-dom<\/title>\n<meta name=\"robots\" content=\"index, follow, max-snippet:-1, max-image-preview:large, max-video-preview:-1\" \/>\n<link rel=\"canonical\" href=\"https:\/\/e-dom.si\/de\/product\/xps-stirodur\/\" \/>\n<meta property=\"og:locale\" content=\"de_DE\" \/>\n<meta property=\"og:type\" content=\"article\" \/>\n<meta property=\"og:title\" content=\"XPS stirodur - E-dom\" \/>\n<meta property=\"og:description\" content=\"XPS stirodur je izdelek iz skupine izolacijskih materialov, ki se uporablja za toplotno izolacijo stavb. Gre za ekstrudiran polistiren, ki je sestavljen iz zaprte celice, kar pomeni, da ne absorbira vlage in ima zelo nizko toplotno prevodnost. XPS stirodur se uporablja kot izolacijski material pri gradnji stropov, sten in tal, saj zagotavlja zelo dobro toplotno [&hellip;]\" \/>\n<meta property=\"og:url\" content=\"https:\/\/e-dom.si\/de\/product\/xps-stirodur\/\" \/>\n<meta property=\"og:site_name\" content=\"E-dom\" \/>\n<meta property=\"article:publisher\" content=\"https:\/\/www.facebook.com\/profile.php?id=100067959520584\" \/>\n<meta property=\"article:modified_time\" content=\"2025-06-01T16:18:32+00:00\" \/>\n<meta property=\"og:image\" content=\"https:\/\/e-dom.si\/wp-content\/uploads\/2023\/03\/xps-stirodur.jpg\" \/>\n\t<meta property=\"og:image:width\" content=\"800\" \/>\n\t<meta property=\"og:image:height\" content=\"800\" \/>\n\t<meta property=\"og:image:type\" content=\"image\/jpeg\" \/>\n<meta name=\"twitter:card\" content=\"summary_large_image\" \/>\n<meta name=\"twitter:label1\" content=\"Gesch\u00e4tzte Lesezeit\" \/>\n\t<meta name=\"twitter:data1\" content=\"2 Minuten\" \/>\n<script type=\"application\/ld+json\" class=\"yoast-schema-graph\">{\"@context\":\"https:\/\/schema.org\",\"@graph\":[{\"@type\":\"WebPage\",\"@id\":\"https:\/\/e-dom.si\/izdelek\/xps-stirodur\/\",\"url\":\"https:\/\/e-dom.si\/izdelek\/xps-stirodur\/\",\"name\":\"XPS stirodur - E-dom\",\"isPartOf\":{\"@id\":\"https:\/\/e-dom.si\/#website\"},\"primaryImageOfPage\":{\"@id\":\"https:\/\/e-dom.si\/izdelek\/xps-stirodur\/#primaryimage\"},\"image\":{\"@id\":\"https:\/\/e-dom.si\/izdelek\/xps-stirodur\/#primaryimage\"},\"thumbnailUrl\":\"https:\/\/e-dom.si\/wp-content\/uploads\/2023\/03\/xps-stirodur.jpg\",\"datePublished\":\"2023-03-26T09:43:31+00:00\",\"dateModified\":\"2025-06-01T16:18:32+00:00\",\"breadcrumb\":{\"@id\":\"https:\/\/e-dom.si\/izdelek\/xps-stirodur\/#breadcrumb\"},\"inLanguage\":\"de-AT\",\"potentialAction\":[{\"@type\":\"ReadAction\",\"target\":[\"https:\/\/e-dom.si\/izdelek\/xps-stirodur\/\"]}]},{\"@type\":\"ImageObject\",\"inLanguage\":\"de-AT\",\"@id\":\"https:\/\/e-dom.si\/izdelek\/xps-stirodur\/#primaryimage\",\"url\":\"https:\/\/e-dom.si\/wp-content\/uploads\/2023\/03\/xps-stirodur.jpg\",\"contentUrl\":\"https:\/\/e-dom.si\/wp-content\/uploads\/2023\/03\/xps-stirodur.jpg\",\"width\":800,\"height\":800},{\"@type\":\"BreadcrumbList\",\"@id\":\"https:\/\/e-dom.si\/izdelek\/xps-stirodur\/#breadcrumb\",\"itemListElement\":[{\"@type\":\"ListItem\",\"position\":1,\"name\":\"Domov\",\"item\":\"https:\/\/e-dom.si\/\"},{\"@type\":\"ListItem\",\"position\":2,\"name\":\"Izdelki\",\"item\":\"https:\/\/e-dom.si\/shop\/\"},{\"@type\":\"ListItem\",\"position\":3,\"name\":\"XPS stirodur\"}]},{\"@type\":\"WebSite\",\"@id\":\"https:\/\/e-dom.si\/#website\",\"url\":\"https:\/\/e-dom.si\/\",\"name\":\"E-dom\",\"description\":\"Pohi\u0161tvo in gradbeni material za vsak dom.\",\"publisher\":{\"@id\":\"https:\/\/e-dom.si\/#organization\"},\"potentialAction\":[{\"@type\":\"SearchAction\",\"target\":{\"@type\":\"EntryPoint\",\"urlTemplate\":\"https:\/\/e-dom.si\/?s={search_term_string}\"},\"query-input\":{\"@type\":\"PropertyValueSpecification\",\"valueRequired\":true,\"valueName\":\"search_term_string\"}}],\"inLanguage\":\"de-AT\"},{\"@type\":\"Organization\",\"@id\":\"https:\/\/e-dom.si\/#organization\",\"name\":\"Lion-x do.o.\",\"url\":\"https:\/\/e-dom.si\/\",\"logo\":{\"@type\":\"ImageObject\",\"inLanguage\":\"de-AT\",\"@id\":\"https:\/\/e-dom.si\/#\/schema\/logo\/image\/\",\"url\":\"https:\/\/e-dom.si\/wp-content\/uploads\/2023\/03\/LOGOTIP-1-BREZ-TEXTA2.png\",\"contentUrl\":\"https:\/\/e-dom.si\/wp-content\/uploads\/2023\/03\/LOGOTIP-1-BREZ-TEXTA2.png\",\"width\":359,\"height\":359,\"caption\":\"Lion-x do.o.\"},\"image\":{\"@id\":\"https:\/\/e-dom.si\/#\/schema\/logo\/image\/\"},\"sameAs\":[\"https:\/\/www.facebook.com\/profile.php?id=100067959520584\",\"https:\/\/www.instagram.com\/e_dom.si\/\"]}]}<\/script>\n<!-- \/ Yoast SEO plugin. -->","yoast_head_json":{"title":"XPS stirodur - E-dom","robots":{"index":"index","follow":"follow","max-snippet":"max-snippet:-1","max-image-preview":"max-image-preview:large","max-video-preview":"max-video-preview:-1"},"canonical":"https:\/\/e-dom.si\/de\/product\/xps-stirodur\/","og_locale":"de_DE","og_type":"article","og_title":"XPS stirodur - E-dom","og_description":"XPS stirodur je izdelek iz skupine izolacijskih materialov, ki se uporablja za toplotno izolacijo stavb. Gre za ekstrudiran polistiren, ki je sestavljen iz zaprte celice, kar pomeni, da ne absorbira vlage in ima zelo nizko toplotno prevodnost. XPS stirodur se uporablja kot izolacijski material pri gradnji stropov, sten in tal, saj zagotavlja zelo dobro toplotno [&hellip;]","og_url":"https:\/\/e-dom.si\/de\/product\/xps-stirodur\/","og_site_name":"E-dom","article_publisher":"https:\/\/www.facebook.com\/profile.php?id=100067959520584","article_modified_time":"2025-06-01T16:18:32+00:00","og_image":[{"width":800,"height":800,"url":"https:\/\/e-dom.si\/wp-content\/uploads\/2023\/03\/xps-stirodur.jpg","type":"image\/jpeg"}],"twitter_card":"summary_large_image","twitter_misc":{"Gesch\u00e4tzte Lesezeit":"2 Minuten"},"schema":{"@context":"https:\/\/schema.org","@graph":[{"@type":"WebPage","@id":"https:\/\/e-dom.si\/izdelek\/xps-stirodur\/","url":"https:\/\/e-dom.si\/izdelek\/xps-stirodur\/","name":"XPS stirodur - E-dom","isPartOf":{"@id":"https:\/\/e-dom.si\/#website"},"primaryImageOfPage":{"@id":"https:\/\/e-dom.si\/izdelek\/xps-stirodur\/#primaryimage"},"image":{"@id":"https:\/\/e-dom.si\/izdelek\/xps-stirodur\/#primaryimage"},"thumbnailUrl":"https:\/\/e-dom.si\/wp-content\/uploads\/2023\/03\/xps-stirodur.jpg","datePublished":"2023-03-26T09:43:31+00:00","dateModified":"2025-06-01T16:18:32+00:00","breadcrumb":{"@id":"https:\/\/e-dom.si\/izdelek\/xps-stirodur\/#breadcrumb"},"inLanguage":"de-AT","potentialAction":[{"@type":"ReadAction","target":["https:\/\/e-dom.si\/izdelek\/xps-stirodur\/"]}]},{"@type":"ImageObject","inLanguage":"de-AT","@id":"https:\/\/e-dom.si\/izdelek\/xps-stirodur\/#primaryimage","url":"https:\/\/e-dom.si\/wp-content\/uploads\/2023\/03\/xps-stirodur.jpg","contentUrl":"https:\/\/e-dom.si\/wp-content\/uploads\/2023\/03\/xps-stirodur.jpg","width":800,"height":800},{"@type":"BreadcrumbList","@id":"https:\/\/e-dom.si\/izdelek\/xps-stirodur\/#breadcrumb","itemListElement":[{"@type":"ListItem","position":1,"name":"Domov","item":"https:\/\/e-dom.si\/"},{"@type":"ListItem","position":2,"name":"Izdelki","item":"https:\/\/e-dom.si\/shop\/"},{"@type":"ListItem","position":3,"name":"XPS stirodur"}]},{"@type":"WebSite","@id":"https:\/\/e-dom.si\/#website","url":"https:\/\/e-dom.si\/","name":"E-dom","description":"Pohi\u0161tvo in gradbeni material za vsak dom.","publisher":{"@id":"https:\/\/e-dom.si\/#organization"},"potentialAction":[{"@type":"SearchAction","target":{"@type":"EntryPoint","urlTemplate":"https:\/\/e-dom.si\/?s={search_term_string}"},"query-input":{"@type":"PropertyValueSpecification","valueRequired":true,"valueName":"search_term_string"}}],"inLanguage":"de-AT"},{"@type":"Organization","@id":"https:\/\/e-dom.si\/#organization","name":"Lion-x do.o.","url":"https:\/\/e-dom.si\/","logo":{"@type":"ImageObject","inLanguage":"de-AT","@id":"https:\/\/e-dom.si\/#\/schema\/logo\/image\/","url":"https:\/\/e-dom.si\/wp-content\/uploads\/2023\/03\/LOGOTIP-1-BREZ-TEXTA2.png","contentUrl":"https:\/\/e-dom.si\/wp-content\/uploads\/2023\/03\/LOGOTIP-1-BREZ-TEXTA2.png","width":359,"height":359,"caption":"Lion-x do.o."},"image":{"@id":"https:\/\/e-dom.si\/#\/schema\/logo\/image\/"},"sameAs":["https:\/\/www.facebook.com\/profile.php?id=100067959520584","https:\/\/www.instagram.com\/e_dom.si\/"]}]}},"_links":{"self":[{"href":"https:\/\/e-dom.si\/de\/wp-json\/wp\/v2\/product\/2832","targetHints":{"allow":["GET"]}}],"collection":[{"href":"https:\/\/e-dom.si\/de\/wp-json\/wp\/v2\/product"}],"about":[{"href":"https:\/\/e-dom.si\/de\/wp-json\/wp\/v2\/types\/product"}],"version-history":[{"count":0,"href":"https:\/\/e-dom.si\/de\/wp-json\/wp\/v2\/product\/2832\/revisions"}],"wp:featuredmedia":[{"embeddable":true,"href":"https:\/\/e-dom.si\/de\/wp-json\/wp\/v2\/media\/2799"}],"wp:attachment":[{"href":"https:\/\/e-dom.si\/de\/wp-json\/wp\/v2\/media?parent=2832"}],"wp:term":[{"taxonomy":"product_brand","embeddable":true,"href":"https:\/\/e-dom.si\/de\/wp-json\/wp\/v2\/product_brand?post=2832"},{"taxonomy":"product_cat","embeddable":true,"href":"https:\/\/e-dom.si\/de\/wp-json\/wp\/v2\/product_cat?post=2832"},{"taxonomy":"product_tag","embeddable":true,"href":"https:\/\/e-dom.si\/de\/wp-json\/wp\/v2\/product_tag?post=2832"}],"curies":[{"name":"wp","href":"https:\/\/api.w.org\/{rel}","templated":true}]}}