{"id":2826,"date":"2023-03-26T11:43:30","date_gmt":"2023-03-26T09:43:30","guid":{"rendered":"https:\/\/e-dom.si\/?post_type=product&#038;p=2826"},"modified":"2025-06-01T18:19:04","modified_gmt":"2025-06-01T16:19:04","slug":"steklena-volna-ursa","status":"publish","type":"product","link":"https:\/\/e-dom.si\/de\/product\/steklena-volna-ursa\/","title":{"rendered":"Steklena volna Ursa"},"content":{"rendered":"<p>Steklena volna je izolacijski material, ki se uporablja za izolacijo sten, stropov in tal v gradbeni\u0161tvu. Gre za material, ki je narejen iz steklenih vlaken, ki so lahko volnene ali stisnjene v plo\u0161\u010de.<\/p>\n<p>Steklena volna ima odli\u010dne lastnosti izolacije toplote in zvoka, zato se uporablja predvsem za izolacijo notranjih prostorov. Poleg tega je material nevnetljiv in odporen na plesni ter vodno paro, kar zagotavlja dolgo \u017eivljenjsko dobo in visoko u\u010dinkovitost izolacije.<\/p>\n<p>Material je enostaven za uporabo, saj se lahko enostavno razre\u017ee na ustrezne dimenzije in polo\u017ei v steno ali med stropne ali talne nosilce. Poleg tega se steklena volna obi\u010dajno prodaja v zvitkih ali plo\u0161\u010dah razli\u010dnih debelin, kar omogo\u010da prilagajanje materiala razli\u010dnim zahtevam gradnje.<\/p>","protected":false},"excerpt":{"rendered":"<p>Steklena volna je izolacijski material, ki se uporablja za izolacijo sten, stropov in tal v gradbeni\u0161tvu. Gre za material, ki je narejen iz steklenih vlaken, ki so lahko volnene ali stisnjene v plo\u0161\u010de. Steklena volna ima odli\u010dne lastnosti izolacije toplote in zvoka, zato se uporablja predvsem za izolacijo notranjih prostorov. Poleg tega je material nevnetljiv [&hellip;]<\/p>","protected":false},"featured_media":2798,"template":"","meta":{"inline_featured_image":false},"product_brand":[],"product_cat":[79,241,24],"product_tag":[],"class_list":{"0":"post-2826","1":"product","2":"type-product","3":"status-publish","4":"has-post-thumbnail","6":"product_cat-fasade-sl","7":"product_cat-folije","8":"product_cat-vsi-izdelki","10":"first","11":"instock","12":"taxable","13":"shipping-taxable","14":"purchasable","15":"product-type-variable"},"yoast_head":"<!-- This site is optimized with the Yoast SEO plugin v25.5 - https:\/\/yoast.com\/wordpress\/plugins\/seo\/ -->\n<title>Steklena volna Ursa - E-dom<\/title>\n<meta name=\"robots\" content=\"index, follow, max-snippet:-1, max-image-preview:large, max-video-preview:-1\" \/>\n<link rel=\"canonical\" href=\"https:\/\/e-dom.si\/de\/product\/steklena-volna-ursa\/\" \/>\n<meta property=\"og:locale\" content=\"de_DE\" \/>\n<meta property=\"og:type\" content=\"article\" \/>\n<meta property=\"og:title\" content=\"Steklena volna Ursa - E-dom\" \/>\n<meta property=\"og:description\" content=\"Steklena volna je izolacijski material, ki se uporablja za izolacijo sten, stropov in tal v gradbeni\u0161tvu. Gre za material, ki je narejen iz steklenih vlaken, ki so lahko volnene ali stisnjene v plo\u0161\u010de. Steklena volna ima odli\u010dne lastnosti izolacije toplote in zvoka, zato se uporablja predvsem za izolacijo notranjih prostorov. Poleg tega je material nevnetljiv [&hellip;]\" \/>\n<meta property=\"og:url\" content=\"https:\/\/e-dom.si\/de\/product\/steklena-volna-ursa\/\" \/>\n<meta property=\"og:site_name\" content=\"E-dom\" \/>\n<meta property=\"article:publisher\" content=\"https:\/\/www.facebook.com\/profile.php?id=100067959520584\" \/>\n<meta property=\"article:modified_time\" content=\"2025-06-01T16:19:04+00:00\" \/>\n<meta property=\"og:image\" content=\"https:\/\/e-dom.si\/wp-content\/uploads\/2023\/03\/steklena-volna.jpg\" \/>\n\t<meta property=\"og:image:width\" content=\"690\" \/>\n\t<meta property=\"og:image:height\" content=\"690\" \/>\n\t<meta property=\"og:image:type\" content=\"image\/jpeg\" \/>\n<meta name=\"twitter:card\" content=\"summary_large_image\" \/>\n<meta name=\"twitter:label1\" content=\"Gesch\u00e4tzte Lesezeit\" \/>\n\t<meta name=\"twitter:data1\" content=\"1 Minute\" \/>\n<script type=\"application\/ld+json\" class=\"yoast-schema-graph\">{\"@context\":\"https:\/\/schema.org\",\"@graph\":[{\"@type\":\"WebPage\",\"@id\":\"https:\/\/e-dom.si\/izdelek\/steklena-volna-ursa\/\",\"url\":\"https:\/\/e-dom.si\/izdelek\/steklena-volna-ursa\/\",\"name\":\"Steklena volna Ursa - E-dom\",\"isPartOf\":{\"@id\":\"https:\/\/e-dom.si\/#website\"},\"primaryImageOfPage\":{\"@id\":\"https:\/\/e-dom.si\/izdelek\/steklena-volna-ursa\/#primaryimage\"},\"image\":{\"@id\":\"https:\/\/e-dom.si\/izdelek\/steklena-volna-ursa\/#primaryimage\"},\"thumbnailUrl\":\"https:\/\/e-dom.si\/wp-content\/uploads\/2023\/03\/steklena-volna.jpg\",\"datePublished\":\"2023-03-26T09:43:30+00:00\",\"dateModified\":\"2025-06-01T16:19:04+00:00\",\"breadcrumb\":{\"@id\":\"https:\/\/e-dom.si\/izdelek\/steklena-volna-ursa\/#breadcrumb\"},\"inLanguage\":\"de-AT\",\"potentialAction\":[{\"@type\":\"ReadAction\",\"target\":[\"https:\/\/e-dom.si\/izdelek\/steklena-volna-ursa\/\"]}]},{\"@type\":\"ImageObject\",\"inLanguage\":\"de-AT\",\"@id\":\"https:\/\/e-dom.si\/izdelek\/steklena-volna-ursa\/#primaryimage\",\"url\":\"https:\/\/e-dom.si\/wp-content\/uploads\/2023\/03\/steklena-volna.jpg\",\"contentUrl\":\"https:\/\/e-dom.si\/wp-content\/uploads\/2023\/03\/steklena-volna.jpg\",\"width\":690,\"height\":690},{\"@type\":\"BreadcrumbList\",\"@id\":\"https:\/\/e-dom.si\/izdelek\/steklena-volna-ursa\/#breadcrumb\",\"itemListElement\":[{\"@type\":\"ListItem\",\"position\":1,\"name\":\"Domov\",\"item\":\"https:\/\/e-dom.si\/\"},{\"@type\":\"ListItem\",\"position\":2,\"name\":\"Izdelki\",\"item\":\"https:\/\/e-dom.si\/shop\/\"},{\"@type\":\"ListItem\",\"position\":3,\"name\":\"Steklena volna Ursa\"}]},{\"@type\":\"WebSite\",\"@id\":\"https:\/\/e-dom.si\/#website\",\"url\":\"https:\/\/e-dom.si\/\",\"name\":\"E-dom\",\"description\":\"Pohi\u0161tvo in gradbeni material za vsak dom.\",\"publisher\":{\"@id\":\"https:\/\/e-dom.si\/#organization\"},\"potentialAction\":[{\"@type\":\"SearchAction\",\"target\":{\"@type\":\"EntryPoint\",\"urlTemplate\":\"https:\/\/e-dom.si\/?s={search_term_string}\"},\"query-input\":{\"@type\":\"PropertyValueSpecification\",\"valueRequired\":true,\"valueName\":\"search_term_string\"}}],\"inLanguage\":\"de-AT\"},{\"@type\":\"Organization\",\"@id\":\"https:\/\/e-dom.si\/#organization\",\"name\":\"Lion-x do.o.\",\"url\":\"https:\/\/e-dom.si\/\",\"logo\":{\"@type\":\"ImageObject\",\"inLanguage\":\"de-AT\",\"@id\":\"https:\/\/e-dom.si\/#\/schema\/logo\/image\/\",\"url\":\"https:\/\/e-dom.si\/wp-content\/uploads\/2023\/03\/LOGOTIP-1-BREZ-TEXTA2.png\",\"contentUrl\":\"https:\/\/e-dom.si\/wp-content\/uploads\/2023\/03\/LOGOTIP-1-BREZ-TEXTA2.png\",\"width\":359,\"height\":359,\"caption\":\"Lion-x do.o.\"},\"image\":{\"@id\":\"https:\/\/e-dom.si\/#\/schema\/logo\/image\/\"},\"sameAs\":[\"https:\/\/www.facebook.com\/profile.php?id=100067959520584\",\"https:\/\/www.instagram.com\/e_dom.si\/\"]}]}<\/script>\n<!-- \/ Yoast SEO plugin. -->","yoast_head_json":{"title":"Steklena volna Ursa - E-dom","robots":{"index":"index","follow":"follow","max-snippet":"max-snippet:-1","max-image-preview":"max-image-preview:large","max-video-preview":"max-video-preview:-1"},"canonical":"https:\/\/e-dom.si\/de\/product\/steklena-volna-ursa\/","og_locale":"de_DE","og_type":"article","og_title":"Steklena volna Ursa - E-dom","og_description":"Steklena volna je izolacijski material, ki se uporablja za izolacijo sten, stropov in tal v gradbeni\u0161tvu. Gre za material, ki je narejen iz steklenih vlaken, ki so lahko volnene ali stisnjene v plo\u0161\u010de. Steklena volna ima odli\u010dne lastnosti izolacije toplote in zvoka, zato se uporablja predvsem za izolacijo notranjih prostorov. Poleg tega je material nevnetljiv [&hellip;]","og_url":"https:\/\/e-dom.si\/de\/product\/steklena-volna-ursa\/","og_site_name":"E-dom","article_publisher":"https:\/\/www.facebook.com\/profile.php?id=100067959520584","article_modified_time":"2025-06-01T16:19:04+00:00","og_image":[{"width":690,"height":690,"url":"https:\/\/e-dom.si\/wp-content\/uploads\/2023\/03\/steklena-volna.jpg","type":"image\/jpeg"}],"twitter_card":"summary_large_image","twitter_misc":{"Gesch\u00e4tzte Lesezeit":"1 Minute"},"schema":{"@context":"https:\/\/schema.org","@graph":[{"@type":"WebPage","@id":"https:\/\/e-dom.si\/izdelek\/steklena-volna-ursa\/","url":"https:\/\/e-dom.si\/izdelek\/steklena-volna-ursa\/","name":"Steklena volna Ursa - E-dom","isPartOf":{"@id":"https:\/\/e-dom.si\/#website"},"primaryImageOfPage":{"@id":"https:\/\/e-dom.si\/izdelek\/steklena-volna-ursa\/#primaryimage"},"image":{"@id":"https:\/\/e-dom.si\/izdelek\/steklena-volna-ursa\/#primaryimage"},"thumbnailUrl":"https:\/\/e-dom.si\/wp-content\/uploads\/2023\/03\/steklena-volna.jpg","datePublished":"2023-03-26T09:43:30+00:00","dateModified":"2025-06-01T16:19:04+00:00","breadcrumb":{"@id":"https:\/\/e-dom.si\/izdelek\/steklena-volna-ursa\/#breadcrumb"},"inLanguage":"de-AT","potentialAction":[{"@type":"ReadAction","target":["https:\/\/e-dom.si\/izdelek\/steklena-volna-ursa\/"]}]},{"@type":"ImageObject","inLanguage":"de-AT","@id":"https:\/\/e-dom.si\/izdelek\/steklena-volna-ursa\/#primaryimage","url":"https:\/\/e-dom.si\/wp-content\/uploads\/2023\/03\/steklena-volna.jpg","contentUrl":"https:\/\/e-dom.si\/wp-content\/uploads\/2023\/03\/steklena-volna.jpg","width":690,"height":690},{"@type":"BreadcrumbList","@id":"https:\/\/e-dom.si\/izdelek\/steklena-volna-ursa\/#breadcrumb","itemListElement":[{"@type":"ListItem","position":1,"name":"Domov","item":"https:\/\/e-dom.si\/"},{"@type":"ListItem","position":2,"name":"Izdelki","item":"https:\/\/e-dom.si\/shop\/"},{"@type":"ListItem","position":3,"name":"Steklena volna Ursa"}]},{"@type":"WebSite","@id":"https:\/\/e-dom.si\/#website","url":"https:\/\/e-dom.si\/","name":"E-dom","description":"Pohi\u0161tvo in gradbeni material za vsak dom.","publisher":{"@id":"https:\/\/e-dom.si\/#organization"},"potentialAction":[{"@type":"SearchAction","target":{"@type":"EntryPoint","urlTemplate":"https:\/\/e-dom.si\/?s={search_term_string}"},"query-input":{"@type":"PropertyValueSpecification","valueRequired":true,"valueName":"search_term_string"}}],"inLanguage":"de-AT"},{"@type":"Organization","@id":"https:\/\/e-dom.si\/#organization","name":"Lion-x do.o.","url":"https:\/\/e-dom.si\/","logo":{"@type":"ImageObject","inLanguage":"de-AT","@id":"https:\/\/e-dom.si\/#\/schema\/logo\/image\/","url":"https:\/\/e-dom.si\/wp-content\/uploads\/2023\/03\/LOGOTIP-1-BREZ-TEXTA2.png","contentUrl":"https:\/\/e-dom.si\/wp-content\/uploads\/2023\/03\/LOGOTIP-1-BREZ-TEXTA2.png","width":359,"height":359,"caption":"Lion-x do.o."},"image":{"@id":"https:\/\/e-dom.si\/#\/schema\/logo\/image\/"},"sameAs":["https:\/\/www.facebook.com\/profile.php?id=100067959520584","https:\/\/www.instagram.com\/e_dom.si\/"]}]}},"_links":{"self":[{"href":"https:\/\/e-dom.si\/de\/wp-json\/wp\/v2\/product\/2826","targetHints":{"allow":["GET"]}}],"collection":[{"href":"https:\/\/e-dom.si\/de\/wp-json\/wp\/v2\/product"}],"about":[{"href":"https:\/\/e-dom.si\/de\/wp-json\/wp\/v2\/types\/product"}],"version-history":[{"count":0,"href":"https:\/\/e-dom.si\/de\/wp-json\/wp\/v2\/product\/2826\/revisions"}],"wp:featuredmedia":[{"embeddable":true,"href":"https:\/\/e-dom.si\/de\/wp-json\/wp\/v2\/media\/2798"}],"wp:attachment":[{"href":"https:\/\/e-dom.si\/de\/wp-json\/wp\/v2\/media?parent=2826"}],"wp:term":[{"taxonomy":"product_brand","embeddable":true,"href":"https:\/\/e-dom.si\/de\/wp-json\/wp\/v2\/product_brand?post=2826"},{"taxonomy":"product_cat","embeddable":true,"href":"https:\/\/e-dom.si\/de\/wp-json\/wp\/v2\/product_cat?post=2826"},{"taxonomy":"product_tag","embeddable":true,"href":"https:\/\/e-dom.si\/de\/wp-json\/wp\/v2\/product_tag?post=2826"}],"curies":[{"name":"wp","href":"https:\/\/api.w.org\/{rel}","templated":true}]}}