{"id":2792,"date":"2023-03-23T20:22:08","date_gmt":"2023-03-23T19:22:08","guid":{"rendered":"https:\/\/e-dom.si\/izdelek\/raztegljiva-folija-5-kg\/"},"modified":"2025-06-01T18:19:18","modified_gmt":"2025-06-01T16:19:18","slug":"raztegljiva-folija-5-kg","status":"publish","type":"product","link":"https:\/\/e-dom.si\/de\/product\/raztegljiva-folija-5-kg\/","title":{"rendered":"Ovijalna folija 5 kg"},"content":{"rendered":"<p>Ovijalna folija je izdelek iz skupine embala\u017enih materialov, ki se uporablja za za\u0161\u010dito in med transportom in skladi\u0161\u010denjem. Folija je narejena iz polietilena in jo odlikuje visoka pro\u017enost in trpe\u017enost.<\/p>\n<ul>\n<li>\u0160irina 435 mm<\/li>\n<li>Dol\u017eina pribli\u017eno 400 m<\/li>\n<\/ul>\n<p>&nbsp;<\/p>","protected":false},"excerpt":{"rendered":"<p>Ovijalna folija je izdelek iz skupine embala\u017enih materialov, ki se uporablja za za\u0161\u010dito in med transportom in skladi\u0161\u010denjem. Folija je narejena iz polietilena in jo odlikuje visoka pro\u017enost in trpe\u017enost. \u0160irina 435 mm Dol\u017eina pribli\u017eno 400 m &nbsp;<\/p>","protected":false},"featured_media":2727,"template":"","meta":{"inline_featured_image":false},"product_brand":[],"product_cat":[241,24],"product_tag":[],"class_list":{"0":"post-2792","1":"product","2":"type-product","3":"status-publish","4":"has-post-thumbnail","6":"product_cat-folije","7":"product_cat-vsi-izdelki","9":"first","10":"instock","11":"taxable","12":"shipping-taxable","13":"purchasable","14":"product-type-simple"},"yoast_head":"<!-- This site is optimized with the Yoast SEO plugin v25.5 - https:\/\/yoast.com\/wordpress\/plugins\/seo\/ -->\n<title>Ovijalna folija 5 kg - E-dom<\/title>\n<meta name=\"robots\" content=\"index, follow, max-snippet:-1, max-image-preview:large, max-video-preview:-1\" \/>\n<link rel=\"canonical\" href=\"https:\/\/e-dom.si\/de\/product\/raztegljiva-folija-5-kg\/\" \/>\n<meta property=\"og:locale\" content=\"de_DE\" \/>\n<meta property=\"og:type\" content=\"article\" \/>\n<meta property=\"og:title\" content=\"Ovijalna folija 5 kg - E-dom\" \/>\n<meta property=\"og:description\" content=\"Ovijalna folija je izdelek iz skupine embala\u017enih materialov, ki se uporablja za za\u0161\u010dito in med transportom in skladi\u0161\u010denjem. Folija je narejena iz polietilena in jo odlikuje visoka pro\u017enost in trpe\u017enost. \u0160irina 435 mm Dol\u017eina pribli\u017eno 400 m &nbsp;\" \/>\n<meta property=\"og:url\" content=\"https:\/\/e-dom.si\/de\/product\/raztegljiva-folija-5-kg\/\" \/>\n<meta property=\"og:site_name\" content=\"E-dom\" \/>\n<meta property=\"article:publisher\" content=\"https:\/\/www.facebook.com\/profile.php?id=100067959520584\" \/>\n<meta property=\"article:modified_time\" content=\"2025-06-01T16:19:18+00:00\" \/>\n<meta property=\"og:image\" content=\"https:\/\/e-dom.si\/wp-content\/uploads\/2023\/03\/raztegljiva-folija.jpg\" \/>\n\t<meta property=\"og:image:width\" content=\"600\" \/>\n\t<meta property=\"og:image:height\" content=\"600\" \/>\n\t<meta property=\"og:image:type\" content=\"image\/jpeg\" \/>\n<meta name=\"twitter:card\" content=\"summary_large_image\" \/>\n<meta name=\"twitter:label1\" content=\"Gesch\u00e4tzte Lesezeit\" \/>\n\t<meta name=\"twitter:data1\" content=\"1 Minute\" \/>\n<script type=\"application\/ld+json\" class=\"yoast-schema-graph\">{\"@context\":\"https:\/\/schema.org\",\"@graph\":[{\"@type\":\"WebPage\",\"@id\":\"https:\/\/e-dom.si\/izdelek\/raztegljiva-folija-5-kg\/\",\"url\":\"https:\/\/e-dom.si\/izdelek\/raztegljiva-folija-5-kg\/\",\"name\":\"Ovijalna folija 5 kg - E-dom\",\"isPartOf\":{\"@id\":\"https:\/\/e-dom.si\/#website\"},\"primaryImageOfPage\":{\"@id\":\"https:\/\/e-dom.si\/izdelek\/raztegljiva-folija-5-kg\/#primaryimage\"},\"image\":{\"@id\":\"https:\/\/e-dom.si\/izdelek\/raztegljiva-folija-5-kg\/#primaryimage\"},\"thumbnailUrl\":\"https:\/\/e-dom.si\/wp-content\/uploads\/2023\/03\/raztegljiva-folija.jpg\",\"datePublished\":\"2023-03-23T19:22:08+00:00\",\"dateModified\":\"2025-06-01T16:19:18+00:00\",\"breadcrumb\":{\"@id\":\"https:\/\/e-dom.si\/izdelek\/raztegljiva-folija-5-kg\/#breadcrumb\"},\"inLanguage\":\"de-AT\",\"potentialAction\":[{\"@type\":\"ReadAction\",\"target\":[\"https:\/\/e-dom.si\/izdelek\/raztegljiva-folija-5-kg\/\"]}]},{\"@type\":\"ImageObject\",\"inLanguage\":\"de-AT\",\"@id\":\"https:\/\/e-dom.si\/izdelek\/raztegljiva-folija-5-kg\/#primaryimage\",\"url\":\"https:\/\/e-dom.si\/wp-content\/uploads\/2023\/03\/raztegljiva-folija.jpg\",\"contentUrl\":\"https:\/\/e-dom.si\/wp-content\/uploads\/2023\/03\/raztegljiva-folija.jpg\",\"width\":600,\"height\":600},{\"@type\":\"BreadcrumbList\",\"@id\":\"https:\/\/e-dom.si\/izdelek\/raztegljiva-folija-5-kg\/#breadcrumb\",\"itemListElement\":[{\"@type\":\"ListItem\",\"position\":1,\"name\":\"Domov\",\"item\":\"https:\/\/e-dom.si\/\"},{\"@type\":\"ListItem\",\"position\":2,\"name\":\"Izdelki\",\"item\":\"https:\/\/e-dom.si\/shop\/\"},{\"@type\":\"ListItem\",\"position\":3,\"name\":\"Ovijalna folija 5 kg\"}]},{\"@type\":\"WebSite\",\"@id\":\"https:\/\/e-dom.si\/#website\",\"url\":\"https:\/\/e-dom.si\/\",\"name\":\"E-dom\",\"description\":\"Pohi\u0161tvo in gradbeni material za vsak dom.\",\"publisher\":{\"@id\":\"https:\/\/e-dom.si\/#organization\"},\"potentialAction\":[{\"@type\":\"SearchAction\",\"target\":{\"@type\":\"EntryPoint\",\"urlTemplate\":\"https:\/\/e-dom.si\/?s={search_term_string}\"},\"query-input\":{\"@type\":\"PropertyValueSpecification\",\"valueRequired\":true,\"valueName\":\"search_term_string\"}}],\"inLanguage\":\"de-AT\"},{\"@type\":\"Organization\",\"@id\":\"https:\/\/e-dom.si\/#organization\",\"name\":\"Lion-x do.o.\",\"url\":\"https:\/\/e-dom.si\/\",\"logo\":{\"@type\":\"ImageObject\",\"inLanguage\":\"de-AT\",\"@id\":\"https:\/\/e-dom.si\/#\/schema\/logo\/image\/\",\"url\":\"https:\/\/e-dom.si\/wp-content\/uploads\/2023\/03\/LOGOTIP-1-BREZ-TEXTA2.png\",\"contentUrl\":\"https:\/\/e-dom.si\/wp-content\/uploads\/2023\/03\/LOGOTIP-1-BREZ-TEXTA2.png\",\"width\":359,\"height\":359,\"caption\":\"Lion-x do.o.\"},\"image\":{\"@id\":\"https:\/\/e-dom.si\/#\/schema\/logo\/image\/\"},\"sameAs\":[\"https:\/\/www.facebook.com\/profile.php?id=100067959520584\",\"https:\/\/www.instagram.com\/e_dom.si\/\"]}]}<\/script>\n<!-- \/ Yoast SEO plugin. -->","yoast_head_json":{"title":"Ovijalna folija 5 kg - E-dom","robots":{"index":"index","follow":"follow","max-snippet":"max-snippet:-1","max-image-preview":"max-image-preview:large","max-video-preview":"max-video-preview:-1"},"canonical":"https:\/\/e-dom.si\/de\/product\/raztegljiva-folija-5-kg\/","og_locale":"de_DE","og_type":"article","og_title":"Ovijalna folija 5 kg - E-dom","og_description":"Ovijalna folija je izdelek iz skupine embala\u017enih materialov, ki se uporablja za za\u0161\u010dito in med transportom in skladi\u0161\u010denjem. Folija je narejena iz polietilena in jo odlikuje visoka pro\u017enost in trpe\u017enost. \u0160irina 435 mm Dol\u017eina pribli\u017eno 400 m &nbsp;","og_url":"https:\/\/e-dom.si\/de\/product\/raztegljiva-folija-5-kg\/","og_site_name":"E-dom","article_publisher":"https:\/\/www.facebook.com\/profile.php?id=100067959520584","article_modified_time":"2025-06-01T16:19:18+00:00","og_image":[{"width":600,"height":600,"url":"https:\/\/e-dom.si\/wp-content\/uploads\/2023\/03\/raztegljiva-folija.jpg","type":"image\/jpeg"}],"twitter_card":"summary_large_image","twitter_misc":{"Gesch\u00e4tzte Lesezeit":"1 Minute"},"schema":{"@context":"https:\/\/schema.org","@graph":[{"@type":"WebPage","@id":"https:\/\/e-dom.si\/izdelek\/raztegljiva-folija-5-kg\/","url":"https:\/\/e-dom.si\/izdelek\/raztegljiva-folija-5-kg\/","name":"Ovijalna folija 5 kg - E-dom","isPartOf":{"@id":"https:\/\/e-dom.si\/#website"},"primaryImageOfPage":{"@id":"https:\/\/e-dom.si\/izdelek\/raztegljiva-folija-5-kg\/#primaryimage"},"image":{"@id":"https:\/\/e-dom.si\/izdelek\/raztegljiva-folija-5-kg\/#primaryimage"},"thumbnailUrl":"https:\/\/e-dom.si\/wp-content\/uploads\/2023\/03\/raztegljiva-folija.jpg","datePublished":"2023-03-23T19:22:08+00:00","dateModified":"2025-06-01T16:19:18+00:00","breadcrumb":{"@id":"https:\/\/e-dom.si\/izdelek\/raztegljiva-folija-5-kg\/#breadcrumb"},"inLanguage":"de-AT","potentialAction":[{"@type":"ReadAction","target":["https:\/\/e-dom.si\/izdelek\/raztegljiva-folija-5-kg\/"]}]},{"@type":"ImageObject","inLanguage":"de-AT","@id":"https:\/\/e-dom.si\/izdelek\/raztegljiva-folija-5-kg\/#primaryimage","url":"https:\/\/e-dom.si\/wp-content\/uploads\/2023\/03\/raztegljiva-folija.jpg","contentUrl":"https:\/\/e-dom.si\/wp-content\/uploads\/2023\/03\/raztegljiva-folija.jpg","width":600,"height":600},{"@type":"BreadcrumbList","@id":"https:\/\/e-dom.si\/izdelek\/raztegljiva-folija-5-kg\/#breadcrumb","itemListElement":[{"@type":"ListItem","position":1,"name":"Domov","item":"https:\/\/e-dom.si\/"},{"@type":"ListItem","position":2,"name":"Izdelki","item":"https:\/\/e-dom.si\/shop\/"},{"@type":"ListItem","position":3,"name":"Ovijalna folija 5 kg"}]},{"@type":"WebSite","@id":"https:\/\/e-dom.si\/#website","url":"https:\/\/e-dom.si\/","name":"E-dom","description":"Pohi\u0161tvo in gradbeni material za vsak dom.","publisher":{"@id":"https:\/\/e-dom.si\/#organization"},"potentialAction":[{"@type":"SearchAction","target":{"@type":"EntryPoint","urlTemplate":"https:\/\/e-dom.si\/?s={search_term_string}"},"query-input":{"@type":"PropertyValueSpecification","valueRequired":true,"valueName":"search_term_string"}}],"inLanguage":"de-AT"},{"@type":"Organization","@id":"https:\/\/e-dom.si\/#organization","name":"Lion-x do.o.","url":"https:\/\/e-dom.si\/","logo":{"@type":"ImageObject","inLanguage":"de-AT","@id":"https:\/\/e-dom.si\/#\/schema\/logo\/image\/","url":"https:\/\/e-dom.si\/wp-content\/uploads\/2023\/03\/LOGOTIP-1-BREZ-TEXTA2.png","contentUrl":"https:\/\/e-dom.si\/wp-content\/uploads\/2023\/03\/LOGOTIP-1-BREZ-TEXTA2.png","width":359,"height":359,"caption":"Lion-x do.o."},"image":{"@id":"https:\/\/e-dom.si\/#\/schema\/logo\/image\/"},"sameAs":["https:\/\/www.facebook.com\/profile.php?id=100067959520584","https:\/\/www.instagram.com\/e_dom.si\/"]}]}},"_links":{"self":[{"href":"https:\/\/e-dom.si\/de\/wp-json\/wp\/v2\/product\/2792","targetHints":{"allow":["GET"]}}],"collection":[{"href":"https:\/\/e-dom.si\/de\/wp-json\/wp\/v2\/product"}],"about":[{"href":"https:\/\/e-dom.si\/de\/wp-json\/wp\/v2\/types\/product"}],"version-history":[{"count":0,"href":"https:\/\/e-dom.si\/de\/wp-json\/wp\/v2\/product\/2792\/revisions"}],"wp:featuredmedia":[{"embeddable":true,"href":"https:\/\/e-dom.si\/de\/wp-json\/wp\/v2\/media\/2727"}],"wp:attachment":[{"href":"https:\/\/e-dom.si\/de\/wp-json\/wp\/v2\/media?parent=2792"}],"wp:term":[{"taxonomy":"product_brand","embeddable":true,"href":"https:\/\/e-dom.si\/de\/wp-json\/wp\/v2\/product_brand?post=2792"},{"taxonomy":"product_cat","embeddable":true,"href":"https:\/\/e-dom.si\/de\/wp-json\/wp\/v2\/product_cat?post=2792"},{"taxonomy":"product_tag","embeddable":true,"href":"https:\/\/e-dom.si\/de\/wp-json\/wp\/v2\/product_tag?post=2792"}],"curies":[{"name":"wp","href":"https:\/\/api.w.org\/{rel}","templated":true}]}}