{"id":2789,"date":"2023-03-23T20:22:07","date_gmt":"2023-03-23T19:22:07","guid":{"rendered":"https:\/\/e-dom.si\/izdelek\/gradbena-folija-4-m-zelena\/"},"modified":"2025-06-01T18:19:34","modified_gmt":"2025-06-01T16:19:34","slug":"gradbena-folija-4-m-zelena","status":"publish","type":"product","link":"https:\/\/e-dom.si\/de\/product\/gradbena-folija-4-m-zelena\/","title":{"rendered":"Gradbena folija 4 m &#8211; zelena (55kg)"},"content":{"rendered":"<p>Rola ima pribli\u017eno 55 kg.<\/p>\n<p>\u0160irina 4 m.<\/p>\n<p>1 kg = 6,6 m2<\/p>\n<p>Gradbena folija za uporabo v gradbeni\u0161tvu.<\/p>\n<ul>\n<li>Prepre\u010duje vdor vlage in vode.<\/li>\n<li>Za\u0161\u010dita gradbenih materialov.<\/li>\n<\/ul>","protected":false},"excerpt":{"rendered":"<p>Rola ima pribli\u017eno 55 kg. \u0160irina 4 m. 1 kg = 6,6 m2 Gradbena folija za uporabo v gradbeni\u0161tvu. Prepre\u010duje vdor vlage in vode. Za\u0161\u010dita gradbenih materialov.<\/p>","protected":false},"featured_media":2723,"template":"","meta":{"inline_featured_image":false},"product_brand":[],"product_cat":[241,24],"product_tag":[],"class_list":{"0":"post-2789","1":"product","2":"type-product","3":"status-publish","4":"has-post-thumbnail","6":"product_cat-folije","7":"product_cat-vsi-izdelki","9":"first","10":"instock","11":"taxable","12":"shipping-taxable","13":"purchasable","14":"product-type-simple"},"yoast_head":"<!-- This site is optimized with the Yoast SEO plugin v25.5 - https:\/\/yoast.com\/wordpress\/plugins\/seo\/ -->\n<title>Gradbena folija 4 m - zelena (55kg) - E-dom<\/title>\n<meta name=\"robots\" content=\"index, follow, max-snippet:-1, max-image-preview:large, max-video-preview:-1\" \/>\n<link rel=\"canonical\" href=\"https:\/\/e-dom.si\/de\/product\/gradbena-folija-4-m-zelena\/\" \/>\n<meta property=\"og:locale\" content=\"de_DE\" \/>\n<meta property=\"og:type\" content=\"article\" \/>\n<meta property=\"og:title\" content=\"Gradbena folija 4 m - zelena (55kg) - E-dom\" \/>\n<meta property=\"og:description\" content=\"Rola ima pribli\u017eno 55 kg. \u0160irina 4 m. 1 kg = 6,6 m2 Gradbena folija za uporabo v gradbeni\u0161tvu. Prepre\u010duje vdor vlage in vode. Za\u0161\u010dita gradbenih materialov.\" \/>\n<meta property=\"og:url\" content=\"https:\/\/e-dom.si\/de\/product\/gradbena-folija-4-m-zelena\/\" \/>\n<meta property=\"og:site_name\" content=\"E-dom\" \/>\n<meta property=\"article:publisher\" content=\"https:\/\/www.facebook.com\/profile.php?id=100067959520584\" \/>\n<meta property=\"article:modified_time\" content=\"2025-06-01T16:19:34+00:00\" \/>\n<meta property=\"og:image\" content=\"https:\/\/e-dom.si\/wp-content\/uploads\/2023\/03\/gradbena-folija.jpg\" \/>\n\t<meta property=\"og:image:width\" content=\"600\" \/>\n\t<meta property=\"og:image:height\" content=\"600\" \/>\n\t<meta property=\"og:image:type\" content=\"image\/jpeg\" \/>\n<meta name=\"twitter:card\" content=\"summary_large_image\" \/>\n<meta name=\"twitter:label1\" content=\"Gesch\u00e4tzte Lesezeit\" \/>\n\t<meta name=\"twitter:data1\" content=\"1 Minute\" \/>\n<script type=\"application\/ld+json\" class=\"yoast-schema-graph\">{\"@context\":\"https:\/\/schema.org\",\"@graph\":[{\"@type\":\"WebPage\",\"@id\":\"https:\/\/e-dom.si\/izdelek\/gradbena-folija-4-m-zelena\/\",\"url\":\"https:\/\/e-dom.si\/izdelek\/gradbena-folija-4-m-zelena\/\",\"name\":\"Gradbena folija 4 m - zelena (55kg) - E-dom\",\"isPartOf\":{\"@id\":\"https:\/\/e-dom.si\/#website\"},\"primaryImageOfPage\":{\"@id\":\"https:\/\/e-dom.si\/izdelek\/gradbena-folija-4-m-zelena\/#primaryimage\"},\"image\":{\"@id\":\"https:\/\/e-dom.si\/izdelek\/gradbena-folija-4-m-zelena\/#primaryimage\"},\"thumbnailUrl\":\"https:\/\/e-dom.si\/wp-content\/uploads\/2023\/03\/gradbena-folija.jpg\",\"datePublished\":\"2023-03-23T19:22:07+00:00\",\"dateModified\":\"2025-06-01T16:19:34+00:00\",\"breadcrumb\":{\"@id\":\"https:\/\/e-dom.si\/izdelek\/gradbena-folija-4-m-zelena\/#breadcrumb\"},\"inLanguage\":\"de-AT\",\"potentialAction\":[{\"@type\":\"ReadAction\",\"target\":[\"https:\/\/e-dom.si\/izdelek\/gradbena-folija-4-m-zelena\/\"]}]},{\"@type\":\"ImageObject\",\"inLanguage\":\"de-AT\",\"@id\":\"https:\/\/e-dom.si\/izdelek\/gradbena-folija-4-m-zelena\/#primaryimage\",\"url\":\"https:\/\/e-dom.si\/wp-content\/uploads\/2023\/03\/gradbena-folija.jpg\",\"contentUrl\":\"https:\/\/e-dom.si\/wp-content\/uploads\/2023\/03\/gradbena-folija.jpg\",\"width\":600,\"height\":600},{\"@type\":\"BreadcrumbList\",\"@id\":\"https:\/\/e-dom.si\/izdelek\/gradbena-folija-4-m-zelena\/#breadcrumb\",\"itemListElement\":[{\"@type\":\"ListItem\",\"position\":1,\"name\":\"Domov\",\"item\":\"https:\/\/e-dom.si\/\"},{\"@type\":\"ListItem\",\"position\":2,\"name\":\"Izdelki\",\"item\":\"https:\/\/e-dom.si\/shop\/\"},{\"@type\":\"ListItem\",\"position\":3,\"name\":\"Gradbena folija 4 m &#8211; zelena (55kg)\"}]},{\"@type\":\"WebSite\",\"@id\":\"https:\/\/e-dom.si\/#website\",\"url\":\"https:\/\/e-dom.si\/\",\"name\":\"E-dom\",\"description\":\"Pohi\u0161tvo in gradbeni material za vsak dom.\",\"publisher\":{\"@id\":\"https:\/\/e-dom.si\/#organization\"},\"potentialAction\":[{\"@type\":\"SearchAction\",\"target\":{\"@type\":\"EntryPoint\",\"urlTemplate\":\"https:\/\/e-dom.si\/?s={search_term_string}\"},\"query-input\":{\"@type\":\"PropertyValueSpecification\",\"valueRequired\":true,\"valueName\":\"search_term_string\"}}],\"inLanguage\":\"de-AT\"},{\"@type\":\"Organization\",\"@id\":\"https:\/\/e-dom.si\/#organization\",\"name\":\"Lion-x do.o.\",\"url\":\"https:\/\/e-dom.si\/\",\"logo\":{\"@type\":\"ImageObject\",\"inLanguage\":\"de-AT\",\"@id\":\"https:\/\/e-dom.si\/#\/schema\/logo\/image\/\",\"url\":\"https:\/\/e-dom.si\/wp-content\/uploads\/2023\/03\/LOGOTIP-1-BREZ-TEXTA2.png\",\"contentUrl\":\"https:\/\/e-dom.si\/wp-content\/uploads\/2023\/03\/LOGOTIP-1-BREZ-TEXTA2.png\",\"width\":359,\"height\":359,\"caption\":\"Lion-x do.o.\"},\"image\":{\"@id\":\"https:\/\/e-dom.si\/#\/schema\/logo\/image\/\"},\"sameAs\":[\"https:\/\/www.facebook.com\/profile.php?id=100067959520584\",\"https:\/\/www.instagram.com\/e_dom.si\/\"]}]}<\/script>\n<!-- \/ Yoast SEO plugin. -->","yoast_head_json":{"title":"Gradbena folija 4 m - zelena (55kg) - E-dom","robots":{"index":"index","follow":"follow","max-snippet":"max-snippet:-1","max-image-preview":"max-image-preview:large","max-video-preview":"max-video-preview:-1"},"canonical":"https:\/\/e-dom.si\/de\/product\/gradbena-folija-4-m-zelena\/","og_locale":"de_DE","og_type":"article","og_title":"Gradbena folija 4 m - zelena (55kg) - E-dom","og_description":"Rola ima pribli\u017eno 55 kg. \u0160irina 4 m. 1 kg = 6,6 m2 Gradbena folija za uporabo v gradbeni\u0161tvu. Prepre\u010duje vdor vlage in vode. Za\u0161\u010dita gradbenih materialov.","og_url":"https:\/\/e-dom.si\/de\/product\/gradbena-folija-4-m-zelena\/","og_site_name":"E-dom","article_publisher":"https:\/\/www.facebook.com\/profile.php?id=100067959520584","article_modified_time":"2025-06-01T16:19:34+00:00","og_image":[{"width":600,"height":600,"url":"https:\/\/e-dom.si\/wp-content\/uploads\/2023\/03\/gradbena-folija.jpg","type":"image\/jpeg"}],"twitter_card":"summary_large_image","twitter_misc":{"Gesch\u00e4tzte Lesezeit":"1 Minute"},"schema":{"@context":"https:\/\/schema.org","@graph":[{"@type":"WebPage","@id":"https:\/\/e-dom.si\/izdelek\/gradbena-folija-4-m-zelena\/","url":"https:\/\/e-dom.si\/izdelek\/gradbena-folija-4-m-zelena\/","name":"Gradbena folija 4 m - zelena (55kg) - E-dom","isPartOf":{"@id":"https:\/\/e-dom.si\/#website"},"primaryImageOfPage":{"@id":"https:\/\/e-dom.si\/izdelek\/gradbena-folija-4-m-zelena\/#primaryimage"},"image":{"@id":"https:\/\/e-dom.si\/izdelek\/gradbena-folija-4-m-zelena\/#primaryimage"},"thumbnailUrl":"https:\/\/e-dom.si\/wp-content\/uploads\/2023\/03\/gradbena-folija.jpg","datePublished":"2023-03-23T19:22:07+00:00","dateModified":"2025-06-01T16:19:34+00:00","breadcrumb":{"@id":"https:\/\/e-dom.si\/izdelek\/gradbena-folija-4-m-zelena\/#breadcrumb"},"inLanguage":"de-AT","potentialAction":[{"@type":"ReadAction","target":["https:\/\/e-dom.si\/izdelek\/gradbena-folija-4-m-zelena\/"]}]},{"@type":"ImageObject","inLanguage":"de-AT","@id":"https:\/\/e-dom.si\/izdelek\/gradbena-folija-4-m-zelena\/#primaryimage","url":"https:\/\/e-dom.si\/wp-content\/uploads\/2023\/03\/gradbena-folija.jpg","contentUrl":"https:\/\/e-dom.si\/wp-content\/uploads\/2023\/03\/gradbena-folija.jpg","width":600,"height":600},{"@type":"BreadcrumbList","@id":"https:\/\/e-dom.si\/izdelek\/gradbena-folija-4-m-zelena\/#breadcrumb","itemListElement":[{"@type":"ListItem","position":1,"name":"Domov","item":"https:\/\/e-dom.si\/"},{"@type":"ListItem","position":2,"name":"Izdelki","item":"https:\/\/e-dom.si\/shop\/"},{"@type":"ListItem","position":3,"name":"Gradbena folija 4 m &#8211; zelena (55kg)"}]},{"@type":"WebSite","@id":"https:\/\/e-dom.si\/#website","url":"https:\/\/e-dom.si\/","name":"E-dom","description":"Pohi\u0161tvo in gradbeni material za vsak dom.","publisher":{"@id":"https:\/\/e-dom.si\/#organization"},"potentialAction":[{"@type":"SearchAction","target":{"@type":"EntryPoint","urlTemplate":"https:\/\/e-dom.si\/?s={search_term_string}"},"query-input":{"@type":"PropertyValueSpecification","valueRequired":true,"valueName":"search_term_string"}}],"inLanguage":"de-AT"},{"@type":"Organization","@id":"https:\/\/e-dom.si\/#organization","name":"Lion-x do.o.","url":"https:\/\/e-dom.si\/","logo":{"@type":"ImageObject","inLanguage":"de-AT","@id":"https:\/\/e-dom.si\/#\/schema\/logo\/image\/","url":"https:\/\/e-dom.si\/wp-content\/uploads\/2023\/03\/LOGOTIP-1-BREZ-TEXTA2.png","contentUrl":"https:\/\/e-dom.si\/wp-content\/uploads\/2023\/03\/LOGOTIP-1-BREZ-TEXTA2.png","width":359,"height":359,"caption":"Lion-x do.o."},"image":{"@id":"https:\/\/e-dom.si\/#\/schema\/logo\/image\/"},"sameAs":["https:\/\/www.facebook.com\/profile.php?id=100067959520584","https:\/\/www.instagram.com\/e_dom.si\/"]}]}},"_links":{"self":[{"href":"https:\/\/e-dom.si\/de\/wp-json\/wp\/v2\/product\/2789","targetHints":{"allow":["GET"]}}],"collection":[{"href":"https:\/\/e-dom.si\/de\/wp-json\/wp\/v2\/product"}],"about":[{"href":"https:\/\/e-dom.si\/de\/wp-json\/wp\/v2\/types\/product"}],"version-history":[{"count":0,"href":"https:\/\/e-dom.si\/de\/wp-json\/wp\/v2\/product\/2789\/revisions"}],"wp:featuredmedia":[{"embeddable":true,"href":"https:\/\/e-dom.si\/de\/wp-json\/wp\/v2\/media\/2723"}],"wp:attachment":[{"href":"https:\/\/e-dom.si\/de\/wp-json\/wp\/v2\/media?parent=2789"}],"wp:term":[{"taxonomy":"product_brand","embeddable":true,"href":"https:\/\/e-dom.si\/de\/wp-json\/wp\/v2\/product_brand?post=2789"},{"taxonomy":"product_cat","embeddable":true,"href":"https:\/\/e-dom.si\/de\/wp-json\/wp\/v2\/product_cat?post=2789"},{"taxonomy":"product_tag","embeddable":true,"href":"https:\/\/e-dom.si\/de\/wp-json\/wp\/v2\/product_tag?post=2789"}],"curies":[{"name":"wp","href":"https:\/\/api.w.org\/{rel}","templated":true}]}}