{"id":2730,"date":"2023-03-23T20:21:48","date_gmt":"2023-03-23T19:21:48","guid":{"rendered":"https:\/\/e-dom.si\/?post_type=product&#038;p=2730"},"modified":"2025-06-01T18:24:24","modified_gmt":"2025-06-01T16:24:24","slug":"zakljucna-slemenska-ploscica","status":"publish","type":"product","link":"https:\/\/e-dom.si\/de\/product\/zakljucna-slemenska-ploscica\/","title":{"rendered":"Zaklju\u010dna slemenska plo\u0161\u010dica"},"content":{"rendered":"<p>Vi\u0161ina: cca. 163 mm<\/p>\n<p>\u0160irina: cca. 220 mm<\/p>\n<p>Kon\u010dna slemenska plo\u0161\u010da Bramac je dodatek za stre\u0161no krtino in se uporablja pri suhem pokrivanju slemena. Namenjena je za zaklju\u010dek na koncu slemena, med slemenjakom in krajnikom. Hkrati nudi za\u0161\u010dito pred vdorom ptic in nudi dodatno odzra\u010devalno odprtino. Izdelana je iz trdega ter kakovostnega PVC materiala. Primerna je za vse modele stre\u0161nikov. Barva: ope\u010dno rde\u010da.<\/p>\n<ul>\n<li>Visoka odpornost.<\/li>\n<li>Dobra trdnost.<\/li>\n<li>Kakovostni materiali.<\/li>\n<\/ul>","protected":false},"excerpt":{"rendered":"<p>Vi\u0161ina: cca. 163 mm \u0160irina: cca. 220 mm Kon\u010dna slemenska plo\u0161\u010da Bramac je dodatek za stre\u0161no krtino in se uporablja pri suhem pokrivanju slemena. Namenjena je za zaklju\u010dek na koncu slemena, med slemenjakom in krajnikom. Hkrati nudi za\u0161\u010dito pred vdorom ptic in nudi dodatno odzra\u010devalno odprtino. Izdelana je iz trdega ter kakovostnega PVC materiala. Primerna [&hellip;]<\/p>","protected":false},"featured_media":2606,"template":"","meta":{"inline_featured_image":false},"product_brand":[],"product_cat":[19,24],"product_tag":[],"class_list":{"0":"post-2730","1":"product","2":"type-product","3":"status-publish","4":"has-post-thumbnail","6":"product_cat-nekategorizirano","7":"product_cat-vsi-izdelki","9":"first","10":"instock","11":"taxable","12":"shipping-taxable","13":"purchasable","14":"product-type-variable"},"yoast_head":"<!-- This site is optimized with the Yoast SEO plugin v25.5 - https:\/\/yoast.com\/wordpress\/plugins\/seo\/ -->\n<title>Zaklju\u010dna slemenska plo\u0161\u010dica - E-dom<\/title>\n<meta name=\"robots\" content=\"index, follow, max-snippet:-1, max-image-preview:large, max-video-preview:-1\" \/>\n<link rel=\"canonical\" href=\"https:\/\/e-dom.si\/de\/product\/zakljucna-slemenska-ploscica\/\" \/>\n<meta property=\"og:locale\" content=\"de_DE\" \/>\n<meta property=\"og:type\" content=\"article\" \/>\n<meta property=\"og:title\" content=\"Zaklju\u010dna slemenska plo\u0161\u010dica - E-dom\" \/>\n<meta property=\"og:description\" content=\"Vi\u0161ina: cca. 163 mm \u0160irina: cca. 220 mm Kon\u010dna slemenska plo\u0161\u010da Bramac je dodatek za stre\u0161no krtino in se uporablja pri suhem pokrivanju slemena. Namenjena je za zaklju\u010dek na koncu slemena, med slemenjakom in krajnikom. Hkrati nudi za\u0161\u010dito pred vdorom ptic in nudi dodatno odzra\u010devalno odprtino. Izdelana je iz trdega ter kakovostnega PVC materiala. Primerna [&hellip;]\" \/>\n<meta property=\"og:url\" content=\"https:\/\/e-dom.si\/de\/product\/zakljucna-slemenska-ploscica\/\" \/>\n<meta property=\"og:site_name\" content=\"E-dom\" \/>\n<meta property=\"article:publisher\" content=\"https:\/\/www.facebook.com\/profile.php?id=100067959520584\" \/>\n<meta property=\"article:modified_time\" content=\"2025-06-01T16:24:24+00:00\" \/>\n<meta property=\"og:image\" content=\"https:\/\/e-dom.si\/wp-content\/uploads\/2023\/03\/zakljucna-slemenska-ploscica-1.jpg\" \/>\n\t<meta property=\"og:image:width\" content=\"600\" \/>\n\t<meta property=\"og:image:height\" content=\"598\" \/>\n\t<meta property=\"og:image:type\" content=\"image\/jpeg\" \/>\n<meta name=\"twitter:card\" content=\"summary_large_image\" \/>\n<meta name=\"twitter:label1\" content=\"Gesch\u00e4tzte Lesezeit\" \/>\n\t<meta name=\"twitter:data1\" content=\"1 Minute\" \/>\n<script type=\"application\/ld+json\" class=\"yoast-schema-graph\">{\"@context\":\"https:\/\/schema.org\",\"@graph\":[{\"@type\":\"WebPage\",\"@id\":\"https:\/\/e-dom.si\/izdelek\/zakljucna-slemenska-ploscica\/\",\"url\":\"https:\/\/e-dom.si\/izdelek\/zakljucna-slemenska-ploscica\/\",\"name\":\"Zaklju\u010dna slemenska plo\u0161\u010dica - E-dom\",\"isPartOf\":{\"@id\":\"https:\/\/e-dom.si\/#website\"},\"primaryImageOfPage\":{\"@id\":\"https:\/\/e-dom.si\/izdelek\/zakljucna-slemenska-ploscica\/#primaryimage\"},\"image\":{\"@id\":\"https:\/\/e-dom.si\/izdelek\/zakljucna-slemenska-ploscica\/#primaryimage\"},\"thumbnailUrl\":\"https:\/\/e-dom.si\/wp-content\/uploads\/2023\/03\/zakljucna-slemenska-ploscica-1.jpg\",\"datePublished\":\"2023-03-23T19:21:48+00:00\",\"dateModified\":\"2025-06-01T16:24:24+00:00\",\"breadcrumb\":{\"@id\":\"https:\/\/e-dom.si\/izdelek\/zakljucna-slemenska-ploscica\/#breadcrumb\"},\"inLanguage\":\"de-AT\",\"potentialAction\":[{\"@type\":\"ReadAction\",\"target\":[\"https:\/\/e-dom.si\/izdelek\/zakljucna-slemenska-ploscica\/\"]}]},{\"@type\":\"ImageObject\",\"inLanguage\":\"de-AT\",\"@id\":\"https:\/\/e-dom.si\/izdelek\/zakljucna-slemenska-ploscica\/#primaryimage\",\"url\":\"https:\/\/e-dom.si\/wp-content\/uploads\/2023\/03\/zakljucna-slemenska-ploscica-1.jpg\",\"contentUrl\":\"https:\/\/e-dom.si\/wp-content\/uploads\/2023\/03\/zakljucna-slemenska-ploscica-1.jpg\",\"width\":600,\"height\":598},{\"@type\":\"BreadcrumbList\",\"@id\":\"https:\/\/e-dom.si\/izdelek\/zakljucna-slemenska-ploscica\/#breadcrumb\",\"itemListElement\":[{\"@type\":\"ListItem\",\"position\":1,\"name\":\"Domov\",\"item\":\"https:\/\/e-dom.si\/\"},{\"@type\":\"ListItem\",\"position\":2,\"name\":\"Izdelki\",\"item\":\"https:\/\/e-dom.si\/shop\/\"},{\"@type\":\"ListItem\",\"position\":3,\"name\":\"Zaklju\u010dna slemenska plo\u0161\u010dica\"}]},{\"@type\":\"WebSite\",\"@id\":\"https:\/\/e-dom.si\/#website\",\"url\":\"https:\/\/e-dom.si\/\",\"name\":\"E-dom\",\"description\":\"Pohi\u0161tvo in gradbeni material za vsak dom.\",\"publisher\":{\"@id\":\"https:\/\/e-dom.si\/#organization\"},\"potentialAction\":[{\"@type\":\"SearchAction\",\"target\":{\"@type\":\"EntryPoint\",\"urlTemplate\":\"https:\/\/e-dom.si\/?s={search_term_string}\"},\"query-input\":{\"@type\":\"PropertyValueSpecification\",\"valueRequired\":true,\"valueName\":\"search_term_string\"}}],\"inLanguage\":\"de-AT\"},{\"@type\":\"Organization\",\"@id\":\"https:\/\/e-dom.si\/#organization\",\"name\":\"Lion-x do.o.\",\"url\":\"https:\/\/e-dom.si\/\",\"logo\":{\"@type\":\"ImageObject\",\"inLanguage\":\"de-AT\",\"@id\":\"https:\/\/e-dom.si\/#\/schema\/logo\/image\/\",\"url\":\"https:\/\/e-dom.si\/wp-content\/uploads\/2023\/03\/LOGOTIP-1-BREZ-TEXTA2.png\",\"contentUrl\":\"https:\/\/e-dom.si\/wp-content\/uploads\/2023\/03\/LOGOTIP-1-BREZ-TEXTA2.png\",\"width\":359,\"height\":359,\"caption\":\"Lion-x do.o.\"},\"image\":{\"@id\":\"https:\/\/e-dom.si\/#\/schema\/logo\/image\/\"},\"sameAs\":[\"https:\/\/www.facebook.com\/profile.php?id=100067959520584\",\"https:\/\/www.instagram.com\/e_dom.si\/\"]}]}<\/script>\n<!-- \/ Yoast SEO plugin. -->","yoast_head_json":{"title":"Zaklju\u010dna slemenska plo\u0161\u010dica - E-dom","robots":{"index":"index","follow":"follow","max-snippet":"max-snippet:-1","max-image-preview":"max-image-preview:large","max-video-preview":"max-video-preview:-1"},"canonical":"https:\/\/e-dom.si\/de\/product\/zakljucna-slemenska-ploscica\/","og_locale":"de_DE","og_type":"article","og_title":"Zaklju\u010dna slemenska plo\u0161\u010dica - E-dom","og_description":"Vi\u0161ina: cca. 163 mm \u0160irina: cca. 220 mm Kon\u010dna slemenska plo\u0161\u010da Bramac je dodatek za stre\u0161no krtino in se uporablja pri suhem pokrivanju slemena. Namenjena je za zaklju\u010dek na koncu slemena, med slemenjakom in krajnikom. Hkrati nudi za\u0161\u010dito pred vdorom ptic in nudi dodatno odzra\u010devalno odprtino. Izdelana je iz trdega ter kakovostnega PVC materiala. Primerna [&hellip;]","og_url":"https:\/\/e-dom.si\/de\/product\/zakljucna-slemenska-ploscica\/","og_site_name":"E-dom","article_publisher":"https:\/\/www.facebook.com\/profile.php?id=100067959520584","article_modified_time":"2025-06-01T16:24:24+00:00","og_image":[{"width":600,"height":598,"url":"https:\/\/e-dom.si\/wp-content\/uploads\/2023\/03\/zakljucna-slemenska-ploscica-1.jpg","type":"image\/jpeg"}],"twitter_card":"summary_large_image","twitter_misc":{"Gesch\u00e4tzte Lesezeit":"1 Minute"},"schema":{"@context":"https:\/\/schema.org","@graph":[{"@type":"WebPage","@id":"https:\/\/e-dom.si\/izdelek\/zakljucna-slemenska-ploscica\/","url":"https:\/\/e-dom.si\/izdelek\/zakljucna-slemenska-ploscica\/","name":"Zaklju\u010dna slemenska plo\u0161\u010dica - E-dom","isPartOf":{"@id":"https:\/\/e-dom.si\/#website"},"primaryImageOfPage":{"@id":"https:\/\/e-dom.si\/izdelek\/zakljucna-slemenska-ploscica\/#primaryimage"},"image":{"@id":"https:\/\/e-dom.si\/izdelek\/zakljucna-slemenska-ploscica\/#primaryimage"},"thumbnailUrl":"https:\/\/e-dom.si\/wp-content\/uploads\/2023\/03\/zakljucna-slemenska-ploscica-1.jpg","datePublished":"2023-03-23T19:21:48+00:00","dateModified":"2025-06-01T16:24:24+00:00","breadcrumb":{"@id":"https:\/\/e-dom.si\/izdelek\/zakljucna-slemenska-ploscica\/#breadcrumb"},"inLanguage":"de-AT","potentialAction":[{"@type":"ReadAction","target":["https:\/\/e-dom.si\/izdelek\/zakljucna-slemenska-ploscica\/"]}]},{"@type":"ImageObject","inLanguage":"de-AT","@id":"https:\/\/e-dom.si\/izdelek\/zakljucna-slemenska-ploscica\/#primaryimage","url":"https:\/\/e-dom.si\/wp-content\/uploads\/2023\/03\/zakljucna-slemenska-ploscica-1.jpg","contentUrl":"https:\/\/e-dom.si\/wp-content\/uploads\/2023\/03\/zakljucna-slemenska-ploscica-1.jpg","width":600,"height":598},{"@type":"BreadcrumbList","@id":"https:\/\/e-dom.si\/izdelek\/zakljucna-slemenska-ploscica\/#breadcrumb","itemListElement":[{"@type":"ListItem","position":1,"name":"Domov","item":"https:\/\/e-dom.si\/"},{"@type":"ListItem","position":2,"name":"Izdelki","item":"https:\/\/e-dom.si\/shop\/"},{"@type":"ListItem","position":3,"name":"Zaklju\u010dna slemenska plo\u0161\u010dica"}]},{"@type":"WebSite","@id":"https:\/\/e-dom.si\/#website","url":"https:\/\/e-dom.si\/","name":"E-dom","description":"Pohi\u0161tvo in gradbeni material za vsak dom.","publisher":{"@id":"https:\/\/e-dom.si\/#organization"},"potentialAction":[{"@type":"SearchAction","target":{"@type":"EntryPoint","urlTemplate":"https:\/\/e-dom.si\/?s={search_term_string}"},"query-input":{"@type":"PropertyValueSpecification","valueRequired":true,"valueName":"search_term_string"}}],"inLanguage":"de-AT"},{"@type":"Organization","@id":"https:\/\/e-dom.si\/#organization","name":"Lion-x do.o.","url":"https:\/\/e-dom.si\/","logo":{"@type":"ImageObject","inLanguage":"de-AT","@id":"https:\/\/e-dom.si\/#\/schema\/logo\/image\/","url":"https:\/\/e-dom.si\/wp-content\/uploads\/2023\/03\/LOGOTIP-1-BREZ-TEXTA2.png","contentUrl":"https:\/\/e-dom.si\/wp-content\/uploads\/2023\/03\/LOGOTIP-1-BREZ-TEXTA2.png","width":359,"height":359,"caption":"Lion-x do.o."},"image":{"@id":"https:\/\/e-dom.si\/#\/schema\/logo\/image\/"},"sameAs":["https:\/\/www.facebook.com\/profile.php?id=100067959520584","https:\/\/www.instagram.com\/e_dom.si\/"]}]}},"_links":{"self":[{"href":"https:\/\/e-dom.si\/de\/wp-json\/wp\/v2\/product\/2730","targetHints":{"allow":["GET"]}}],"collection":[{"href":"https:\/\/e-dom.si\/de\/wp-json\/wp\/v2\/product"}],"about":[{"href":"https:\/\/e-dom.si\/de\/wp-json\/wp\/v2\/types\/product"}],"version-history":[{"count":0,"href":"https:\/\/e-dom.si\/de\/wp-json\/wp\/v2\/product\/2730\/revisions"}],"wp:featuredmedia":[{"embeddable":true,"href":"https:\/\/e-dom.si\/de\/wp-json\/wp\/v2\/media\/2606"}],"wp:attachment":[{"href":"https:\/\/e-dom.si\/de\/wp-json\/wp\/v2\/media?parent=2730"}],"wp:term":[{"taxonomy":"product_brand","embeddable":true,"href":"https:\/\/e-dom.si\/de\/wp-json\/wp\/v2\/product_brand?post=2730"},{"taxonomy":"product_cat","embeddable":true,"href":"https:\/\/e-dom.si\/de\/wp-json\/wp\/v2\/product_cat?post=2730"},{"taxonomy":"product_tag","embeddable":true,"href":"https:\/\/e-dom.si\/de\/wp-json\/wp\/v2\/product_tag?post=2730"}],"curies":[{"name":"wp","href":"https:\/\/api.w.org\/{rel}","templated":true}]}}