{"id":2557,"date":"2023-03-22T18:51:05","date_gmt":"2023-03-22T17:51:05","guid":{"rendered":"https:\/\/e-dom.si\/?post_type=product&#038;p=2557"},"modified":"2025-06-01T18:25:06","modified_gmt":"2025-06-01T16:25:06","slug":"paropropustna-folija-nexofoil","status":"publish","type":"product","link":"https:\/\/e-dom.si\/de\/product\/paropropustna-folija-nexofoil\/","title":{"rendered":"Paropropustna folija Nexofoil 50 m"},"content":{"rendered":"<p>Dol\u017eina folije je 50 m. \u0160irina 1,5 m.<\/p>\n<p>Paropropustna folija, je sekundarna kritina, ki prepu\u0161\u010da paro, obenem pa ne prepu\u0161\u010da vode. Slu\u017ei tudi kot vetrna za\u0161\u010dita notranjim zidovom in stre\u0161ni konstrukciji.<\/p>\n<p>To je difuzno odprta membrana, ki je zasnovana kot hrapava ovojnica pod zunanjimi strehami.<\/p>\n<p>Membrana je popolnoma nepremo\u010dljiva, \u0161\u010diti toplotno izolacijo pred de\u017ejem ali snegom in je hkrati odli\u010dna obramba pred vetrom.<\/p>","protected":false},"excerpt":{"rendered":"<p>Dol\u017eina folije je 50 m. \u0160irina 1,5 m. Paropropustna folija, je sekundarna kritina, ki prepu\u0161\u010da paro, obenem pa ne prepu\u0161\u010da vode. Slu\u017ei tudi kot vetrna za\u0161\u010dita notranjim zidovom in stre\u0161ni konstrukciji. To je difuzno odprta membrana, ki je zasnovana kot hrapava ovojnica pod zunanjimi strehami. Membrana je popolnoma nepremo\u010dljiva, \u0161\u010diti toplotno izolacijo pred de\u017ejem ali [&hellip;]<\/p>","protected":false},"featured_media":2561,"template":"","meta":{"inline_featured_image":false},"product_brand":[],"product_cat":[241,24],"product_tag":[],"class_list":{"0":"post-2557","1":"product","2":"type-product","3":"status-publish","4":"has-post-thumbnail","6":"product_cat-folije","7":"product_cat-vsi-izdelki","9":"first","10":"instock","11":"taxable","12":"shipping-taxable","13":"purchasable","14":"product-type-variable"},"yoast_head":"<!-- This site is optimized with the Yoast SEO plugin v25.5 - https:\/\/yoast.com\/wordpress\/plugins\/seo\/ -->\n<title>Paropropustna folija Nexofoil 50 m - E-dom<\/title>\n<meta name=\"robots\" content=\"index, follow, max-snippet:-1, max-image-preview:large, max-video-preview:-1\" \/>\n<link rel=\"canonical\" href=\"https:\/\/e-dom.si\/de\/product\/paropropustna-folija-nexofoil\/\" \/>\n<meta property=\"og:locale\" content=\"de_DE\" \/>\n<meta property=\"og:type\" content=\"article\" \/>\n<meta property=\"og:title\" content=\"Paropropustna folija Nexofoil 50 m - E-dom\" \/>\n<meta property=\"og:description\" content=\"Dol\u017eina folije je 50 m. \u0160irina 1,5 m. Paropropustna folija, je sekundarna kritina, ki prepu\u0161\u010da paro, obenem pa ne prepu\u0161\u010da vode. Slu\u017ei tudi kot vetrna za\u0161\u010dita notranjim zidovom in stre\u0161ni konstrukciji. To je difuzno odprta membrana, ki je zasnovana kot hrapava ovojnica pod zunanjimi strehami. Membrana je popolnoma nepremo\u010dljiva, \u0161\u010diti toplotno izolacijo pred de\u017ejem ali [&hellip;]\" \/>\n<meta property=\"og:url\" content=\"https:\/\/e-dom.si\/de\/product\/paropropustna-folija-nexofoil\/\" \/>\n<meta property=\"og:site_name\" content=\"E-dom\" \/>\n<meta property=\"article:publisher\" content=\"https:\/\/www.facebook.com\/profile.php?id=100067959520584\" \/>\n<meta property=\"article:modified_time\" content=\"2025-06-01T16:25:06+00:00\" \/>\n<meta property=\"og:image\" content=\"https:\/\/e-dom.si\/wp-content\/uploads\/2023\/03\/paropropustna-folija_nexofoil.jpg\" \/>\n\t<meta property=\"og:image:width\" content=\"800\" \/>\n\t<meta property=\"og:image:height\" content=\"800\" \/>\n\t<meta property=\"og:image:type\" content=\"image\/jpeg\" \/>\n<meta name=\"twitter:card\" content=\"summary_large_image\" \/>\n<meta name=\"twitter:label1\" content=\"Gesch\u00e4tzte Lesezeit\" \/>\n\t<meta name=\"twitter:data1\" content=\"1 Minute\" \/>\n<script type=\"application\/ld+json\" class=\"yoast-schema-graph\">{\"@context\":\"https:\/\/schema.org\",\"@graph\":[{\"@type\":\"WebPage\",\"@id\":\"https:\/\/e-dom.si\/izdelek\/paropropustna-folija-nexofoil\/\",\"url\":\"https:\/\/e-dom.si\/izdelek\/paropropustna-folija-nexofoil\/\",\"name\":\"Paropropustna folija Nexofoil 50 m - E-dom\",\"isPartOf\":{\"@id\":\"https:\/\/e-dom.si\/#website\"},\"primaryImageOfPage\":{\"@id\":\"https:\/\/e-dom.si\/izdelek\/paropropustna-folija-nexofoil\/#primaryimage\"},\"image\":{\"@id\":\"https:\/\/e-dom.si\/izdelek\/paropropustna-folija-nexofoil\/#primaryimage\"},\"thumbnailUrl\":\"https:\/\/e-dom.si\/wp-content\/uploads\/2023\/03\/paropropustna-folija_nexofoil.jpg\",\"datePublished\":\"2023-03-22T17:51:05+00:00\",\"dateModified\":\"2025-06-01T16:25:06+00:00\",\"breadcrumb\":{\"@id\":\"https:\/\/e-dom.si\/izdelek\/paropropustna-folija-nexofoil\/#breadcrumb\"},\"inLanguage\":\"de-AT\",\"potentialAction\":[{\"@type\":\"ReadAction\",\"target\":[\"https:\/\/e-dom.si\/izdelek\/paropropustna-folija-nexofoil\/\"]}]},{\"@type\":\"ImageObject\",\"inLanguage\":\"de-AT\",\"@id\":\"https:\/\/e-dom.si\/izdelek\/paropropustna-folija-nexofoil\/#primaryimage\",\"url\":\"https:\/\/e-dom.si\/wp-content\/uploads\/2023\/03\/paropropustna-folija_nexofoil.jpg\",\"contentUrl\":\"https:\/\/e-dom.si\/wp-content\/uploads\/2023\/03\/paropropustna-folija_nexofoil.jpg\",\"width\":800,\"height\":800},{\"@type\":\"BreadcrumbList\",\"@id\":\"https:\/\/e-dom.si\/izdelek\/paropropustna-folija-nexofoil\/#breadcrumb\",\"itemListElement\":[{\"@type\":\"ListItem\",\"position\":1,\"name\":\"Domov\",\"item\":\"https:\/\/e-dom.si\/\"},{\"@type\":\"ListItem\",\"position\":2,\"name\":\"Izdelki\",\"item\":\"https:\/\/e-dom.si\/shop\/\"},{\"@type\":\"ListItem\",\"position\":3,\"name\":\"Paropropustna folija Nexofoil 50 m\"}]},{\"@type\":\"WebSite\",\"@id\":\"https:\/\/e-dom.si\/#website\",\"url\":\"https:\/\/e-dom.si\/\",\"name\":\"E-dom\",\"description\":\"Pohi\u0161tvo in gradbeni material za vsak dom.\",\"publisher\":{\"@id\":\"https:\/\/e-dom.si\/#organization\"},\"potentialAction\":[{\"@type\":\"SearchAction\",\"target\":{\"@type\":\"EntryPoint\",\"urlTemplate\":\"https:\/\/e-dom.si\/?s={search_term_string}\"},\"query-input\":{\"@type\":\"PropertyValueSpecification\",\"valueRequired\":true,\"valueName\":\"search_term_string\"}}],\"inLanguage\":\"de-AT\"},{\"@type\":\"Organization\",\"@id\":\"https:\/\/e-dom.si\/#organization\",\"name\":\"Lion-x do.o.\",\"url\":\"https:\/\/e-dom.si\/\",\"logo\":{\"@type\":\"ImageObject\",\"inLanguage\":\"de-AT\",\"@id\":\"https:\/\/e-dom.si\/#\/schema\/logo\/image\/\",\"url\":\"https:\/\/e-dom.si\/wp-content\/uploads\/2023\/03\/LOGOTIP-1-BREZ-TEXTA2.png\",\"contentUrl\":\"https:\/\/e-dom.si\/wp-content\/uploads\/2023\/03\/LOGOTIP-1-BREZ-TEXTA2.png\",\"width\":359,\"height\":359,\"caption\":\"Lion-x do.o.\"},\"image\":{\"@id\":\"https:\/\/e-dom.si\/#\/schema\/logo\/image\/\"},\"sameAs\":[\"https:\/\/www.facebook.com\/profile.php?id=100067959520584\",\"https:\/\/www.instagram.com\/e_dom.si\/\"]}]}<\/script>\n<!-- \/ Yoast SEO plugin. -->","yoast_head_json":{"title":"Paropropustna folija Nexofoil 50 m - E-dom","robots":{"index":"index","follow":"follow","max-snippet":"max-snippet:-1","max-image-preview":"max-image-preview:large","max-video-preview":"max-video-preview:-1"},"canonical":"https:\/\/e-dom.si\/de\/product\/paropropustna-folija-nexofoil\/","og_locale":"de_DE","og_type":"article","og_title":"Paropropustna folija Nexofoil 50 m - E-dom","og_description":"Dol\u017eina folije je 50 m. \u0160irina 1,5 m. Paropropustna folija, je sekundarna kritina, ki prepu\u0161\u010da paro, obenem pa ne prepu\u0161\u010da vode. Slu\u017ei tudi kot vetrna za\u0161\u010dita notranjim zidovom in stre\u0161ni konstrukciji. To je difuzno odprta membrana, ki je zasnovana kot hrapava ovojnica pod zunanjimi strehami. Membrana je popolnoma nepremo\u010dljiva, \u0161\u010diti toplotno izolacijo pred de\u017ejem ali [&hellip;]","og_url":"https:\/\/e-dom.si\/de\/product\/paropropustna-folija-nexofoil\/","og_site_name":"E-dom","article_publisher":"https:\/\/www.facebook.com\/profile.php?id=100067959520584","article_modified_time":"2025-06-01T16:25:06+00:00","og_image":[{"width":800,"height":800,"url":"https:\/\/e-dom.si\/wp-content\/uploads\/2023\/03\/paropropustna-folija_nexofoil.jpg","type":"image\/jpeg"}],"twitter_card":"summary_large_image","twitter_misc":{"Gesch\u00e4tzte Lesezeit":"1 Minute"},"schema":{"@context":"https:\/\/schema.org","@graph":[{"@type":"WebPage","@id":"https:\/\/e-dom.si\/izdelek\/paropropustna-folija-nexofoil\/","url":"https:\/\/e-dom.si\/izdelek\/paropropustna-folija-nexofoil\/","name":"Paropropustna folija Nexofoil 50 m - E-dom","isPartOf":{"@id":"https:\/\/e-dom.si\/#website"},"primaryImageOfPage":{"@id":"https:\/\/e-dom.si\/izdelek\/paropropustna-folija-nexofoil\/#primaryimage"},"image":{"@id":"https:\/\/e-dom.si\/izdelek\/paropropustna-folija-nexofoil\/#primaryimage"},"thumbnailUrl":"https:\/\/e-dom.si\/wp-content\/uploads\/2023\/03\/paropropustna-folija_nexofoil.jpg","datePublished":"2023-03-22T17:51:05+00:00","dateModified":"2025-06-01T16:25:06+00:00","breadcrumb":{"@id":"https:\/\/e-dom.si\/izdelek\/paropropustna-folija-nexofoil\/#breadcrumb"},"inLanguage":"de-AT","potentialAction":[{"@type":"ReadAction","target":["https:\/\/e-dom.si\/izdelek\/paropropustna-folija-nexofoil\/"]}]},{"@type":"ImageObject","inLanguage":"de-AT","@id":"https:\/\/e-dom.si\/izdelek\/paropropustna-folija-nexofoil\/#primaryimage","url":"https:\/\/e-dom.si\/wp-content\/uploads\/2023\/03\/paropropustna-folija_nexofoil.jpg","contentUrl":"https:\/\/e-dom.si\/wp-content\/uploads\/2023\/03\/paropropustna-folija_nexofoil.jpg","width":800,"height":800},{"@type":"BreadcrumbList","@id":"https:\/\/e-dom.si\/izdelek\/paropropustna-folija-nexofoil\/#breadcrumb","itemListElement":[{"@type":"ListItem","position":1,"name":"Domov","item":"https:\/\/e-dom.si\/"},{"@type":"ListItem","position":2,"name":"Izdelki","item":"https:\/\/e-dom.si\/shop\/"},{"@type":"ListItem","position":3,"name":"Paropropustna folija Nexofoil 50 m"}]},{"@type":"WebSite","@id":"https:\/\/e-dom.si\/#website","url":"https:\/\/e-dom.si\/","name":"E-dom","description":"Pohi\u0161tvo in gradbeni material za vsak dom.","publisher":{"@id":"https:\/\/e-dom.si\/#organization"},"potentialAction":[{"@type":"SearchAction","target":{"@type":"EntryPoint","urlTemplate":"https:\/\/e-dom.si\/?s={search_term_string}"},"query-input":{"@type":"PropertyValueSpecification","valueRequired":true,"valueName":"search_term_string"}}],"inLanguage":"de-AT"},{"@type":"Organization","@id":"https:\/\/e-dom.si\/#organization","name":"Lion-x do.o.","url":"https:\/\/e-dom.si\/","logo":{"@type":"ImageObject","inLanguage":"de-AT","@id":"https:\/\/e-dom.si\/#\/schema\/logo\/image\/","url":"https:\/\/e-dom.si\/wp-content\/uploads\/2023\/03\/LOGOTIP-1-BREZ-TEXTA2.png","contentUrl":"https:\/\/e-dom.si\/wp-content\/uploads\/2023\/03\/LOGOTIP-1-BREZ-TEXTA2.png","width":359,"height":359,"caption":"Lion-x do.o."},"image":{"@id":"https:\/\/e-dom.si\/#\/schema\/logo\/image\/"},"sameAs":["https:\/\/www.facebook.com\/profile.php?id=100067959520584","https:\/\/www.instagram.com\/e_dom.si\/"]}]}},"_links":{"self":[{"href":"https:\/\/e-dom.si\/de\/wp-json\/wp\/v2\/product\/2557","targetHints":{"allow":["GET"]}}],"collection":[{"href":"https:\/\/e-dom.si\/de\/wp-json\/wp\/v2\/product"}],"about":[{"href":"https:\/\/e-dom.si\/de\/wp-json\/wp\/v2\/types\/product"}],"version-history":[{"count":0,"href":"https:\/\/e-dom.si\/de\/wp-json\/wp\/v2\/product\/2557\/revisions"}],"wp:featuredmedia":[{"embeddable":true,"href":"https:\/\/e-dom.si\/de\/wp-json\/wp\/v2\/media\/2561"}],"wp:attachment":[{"href":"https:\/\/e-dom.si\/de\/wp-json\/wp\/v2\/media?parent=2557"}],"wp:term":[{"taxonomy":"product_brand","embeddable":true,"href":"https:\/\/e-dom.si\/de\/wp-json\/wp\/v2\/product_brand?post=2557"},{"taxonomy":"product_cat","embeddable":true,"href":"https:\/\/e-dom.si\/de\/wp-json\/wp\/v2\/product_cat?post=2557"},{"taxonomy":"product_tag","embeddable":true,"href":"https:\/\/e-dom.si\/de\/wp-json\/wp\/v2\/product_tag?post=2557"}],"curies":[{"name":"wp","href":"https:\/\/api.w.org\/{rel}","templated":true}]}}