{"id":2377,"date":"2023-03-16T21:37:18","date_gmt":"2023-03-16T20:37:18","guid":{"rendered":"https:\/\/e-dom.si\/?post_type=product&#038;p=2377"},"modified":"2023-04-27T16:45:51","modified_gmt":"2023-04-27T14:45:51","slug":"napenjalec-zice-pocinkani","status":"publish","type":"product","link":"https:\/\/e-dom.si\/de\/product\/napenjalec-zice-pocinkani\/","title":{"rendered":"Napenjalec \u017eice pocinkani"},"content":{"rendered":"<p>Napenjalec \u017eice MK L-100 (200\/1) \u00a0je uporaben in prakti\u010den pripomo\u010dek za napenjanje \u017eic v razli\u010dnih situacijah. Sestavljen je iz ro\u010daja in dveh kavljev, ki se lahko pritrdijo na \u017eico in jo napnejo, kar olaj\u0161a delo pri razli\u010dnih opravilih.<\/p>\n<p>Napenjalec \u017eice je izdelan iz trpe\u017enih materialov, ki zagotavljajo dolgo \u017eivljenjsko dobo in u\u010dinkovitost. Uporaba napenjalca \u017eice je enostavna in intuitivna, zato ga lahko uporabljajo tako strokovnjaki kot tudi amaterji.<\/p>\n<p>Uporabite ga lahko na primer za napenjanje ograjne \u017eice, pri gradnji hi\u0161 ali drugih objektov, pri name\u0161\u010danju elektri\u010dnih kablov in drugih podobnih opravilih, kjer je potrebno napeti \u017eico.<\/p>\n<p>Napenjalec \u017eice je priro\u010den in kompakten pripomo\u010dek, ki ga lahko enostavno shranjujete in prena\u0161ate s seboj. V spletni trgovini lahko najdete razli\u010dne vrste napenjalcev \u017eice, ki so primerni za razli\u010dne vrste uporabe, zato lahko izberete tistega, ki najbolj ustreza va\u0161im potrebam.<\/p>","protected":false},"excerpt":{"rendered":"<p>Napenjalec \u017eice MK L-100 (200\/1) \u00a0je uporaben in prakti\u010den pripomo\u010dek za napenjanje \u017eic v razli\u010dnih situacijah. Sestavljen je iz ro\u010daja in dveh kavljev, ki se lahko pritrdijo na \u017eico in jo napnejo, kar olaj\u0161a delo pri razli\u010dnih opravilih. Napenjalec \u017eice je izdelan iz trpe\u017enih materialov, ki zagotavljajo dolgo \u017eivljenjsko dobo in u\u010dinkovitost. Uporaba napenjalca \u017eice [&hellip;]<\/p>","protected":false},"featured_media":2378,"template":"","meta":{"inline_featured_image":false},"product_brand":[],"product_cat":[63,24],"product_tag":[],"class_list":{"0":"post-2377","1":"product","2":"type-product","3":"status-publish","4":"has-post-thumbnail","6":"product_cat-pletiva-sl","7":"product_cat-vsi-izdelki","9":"first","10":"instock","11":"taxable","12":"shipping-taxable","13":"purchasable","14":"product-type-simple"},"yoast_head":"<!-- This site is optimized with the Yoast SEO plugin v25.5 - https:\/\/yoast.com\/wordpress\/plugins\/seo\/ -->\n<title>Napenjalec \u017eice pocinkani - E-dom<\/title>\n<meta name=\"robots\" content=\"index, follow, max-snippet:-1, max-image-preview:large, max-video-preview:-1\" \/>\n<link rel=\"canonical\" href=\"https:\/\/e-dom.si\/de\/product\/napenjalec-zice-pocinkani\/\" \/>\n<meta property=\"og:locale\" content=\"de_DE\" \/>\n<meta property=\"og:type\" content=\"article\" \/>\n<meta property=\"og:title\" content=\"Napenjalec \u017eice pocinkani - E-dom\" \/>\n<meta property=\"og:description\" content=\"Napenjalec \u017eice MK L-100 (200\/1) \u00a0je uporaben in prakti\u010den pripomo\u010dek za napenjanje \u017eic v razli\u010dnih situacijah. Sestavljen je iz ro\u010daja in dveh kavljev, ki se lahko pritrdijo na \u017eico in jo napnejo, kar olaj\u0161a delo pri razli\u010dnih opravilih. Napenjalec \u017eice je izdelan iz trpe\u017enih materialov, ki zagotavljajo dolgo \u017eivljenjsko dobo in u\u010dinkovitost. Uporaba napenjalca \u017eice [&hellip;]\" \/>\n<meta property=\"og:url\" content=\"https:\/\/e-dom.si\/de\/product\/napenjalec-zice-pocinkani\/\" \/>\n<meta property=\"og:site_name\" content=\"E-dom\" \/>\n<meta property=\"article:publisher\" content=\"https:\/\/www.facebook.com\/profile.php?id=100067959520584\" \/>\n<meta property=\"article:modified_time\" content=\"2023-04-27T14:45:51+00:00\" \/>\n<meta property=\"og:image\" content=\"https:\/\/e-dom.si\/wp-content\/uploads\/2023\/03\/Pocincani_spaner-removebg-preview.png\" \/>\n\t<meta property=\"og:image:width\" content=\"600\" \/>\n\t<meta property=\"og:image:height\" content=\"404\" \/>\n\t<meta property=\"og:image:type\" content=\"image\/png\" \/>\n<meta name=\"twitter:card\" content=\"summary_large_image\" \/>\n<meta name=\"twitter:label1\" content=\"Gesch\u00e4tzte Lesezeit\" \/>\n\t<meta name=\"twitter:data1\" content=\"1 Minute\" \/>\n<script type=\"application\/ld+json\" class=\"yoast-schema-graph\">{\"@context\":\"https:\/\/schema.org\",\"@graph\":[{\"@type\":\"WebPage\",\"@id\":\"https:\/\/e-dom.si\/izdelek\/napenjalec-zice-pocinkani\/\",\"url\":\"https:\/\/e-dom.si\/izdelek\/napenjalec-zice-pocinkani\/\",\"name\":\"Napenjalec \u017eice pocinkani - E-dom\",\"isPartOf\":{\"@id\":\"https:\/\/e-dom.si\/#website\"},\"primaryImageOfPage\":{\"@id\":\"https:\/\/e-dom.si\/izdelek\/napenjalec-zice-pocinkani\/#primaryimage\"},\"image\":{\"@id\":\"https:\/\/e-dom.si\/izdelek\/napenjalec-zice-pocinkani\/#primaryimage\"},\"thumbnailUrl\":\"https:\/\/e-dom.si\/wp-content\/uploads\/2023\/03\/Pocincani_spaner-removebg-preview.png\",\"datePublished\":\"2023-03-16T20:37:18+00:00\",\"dateModified\":\"2023-04-27T14:45:51+00:00\",\"breadcrumb\":{\"@id\":\"https:\/\/e-dom.si\/izdelek\/napenjalec-zice-pocinkani\/#breadcrumb\"},\"inLanguage\":\"de-AT\",\"potentialAction\":[{\"@type\":\"ReadAction\",\"target\":[\"https:\/\/e-dom.si\/izdelek\/napenjalec-zice-pocinkani\/\"]}]},{\"@type\":\"ImageObject\",\"inLanguage\":\"de-AT\",\"@id\":\"https:\/\/e-dom.si\/izdelek\/napenjalec-zice-pocinkani\/#primaryimage\",\"url\":\"https:\/\/e-dom.si\/wp-content\/uploads\/2023\/03\/Pocincani_spaner-removebg-preview.png\",\"contentUrl\":\"https:\/\/e-dom.si\/wp-content\/uploads\/2023\/03\/Pocincani_spaner-removebg-preview.png\",\"width\":600,\"height\":404},{\"@type\":\"BreadcrumbList\",\"@id\":\"https:\/\/e-dom.si\/izdelek\/napenjalec-zice-pocinkani\/#breadcrumb\",\"itemListElement\":[{\"@type\":\"ListItem\",\"position\":1,\"name\":\"Domov\",\"item\":\"https:\/\/e-dom.si\/\"},{\"@type\":\"ListItem\",\"position\":2,\"name\":\"Izdelki\",\"item\":\"https:\/\/e-dom.si\/shop\/\"},{\"@type\":\"ListItem\",\"position\":3,\"name\":\"Napenjalec \u017eice pocinkani\"}]},{\"@type\":\"WebSite\",\"@id\":\"https:\/\/e-dom.si\/#website\",\"url\":\"https:\/\/e-dom.si\/\",\"name\":\"E-dom\",\"description\":\"Pohi\u0161tvo in gradbeni material za vsak dom.\",\"publisher\":{\"@id\":\"https:\/\/e-dom.si\/#organization\"},\"potentialAction\":[{\"@type\":\"SearchAction\",\"target\":{\"@type\":\"EntryPoint\",\"urlTemplate\":\"https:\/\/e-dom.si\/?s={search_term_string}\"},\"query-input\":{\"@type\":\"PropertyValueSpecification\",\"valueRequired\":true,\"valueName\":\"search_term_string\"}}],\"inLanguage\":\"de-AT\"},{\"@type\":\"Organization\",\"@id\":\"https:\/\/e-dom.si\/#organization\",\"name\":\"Lion-x do.o.\",\"url\":\"https:\/\/e-dom.si\/\",\"logo\":{\"@type\":\"ImageObject\",\"inLanguage\":\"de-AT\",\"@id\":\"https:\/\/e-dom.si\/#\/schema\/logo\/image\/\",\"url\":\"https:\/\/e-dom.si\/wp-content\/uploads\/2023\/03\/LOGOTIP-1-BREZ-TEXTA2.png\",\"contentUrl\":\"https:\/\/e-dom.si\/wp-content\/uploads\/2023\/03\/LOGOTIP-1-BREZ-TEXTA2.png\",\"width\":359,\"height\":359,\"caption\":\"Lion-x do.o.\"},\"image\":{\"@id\":\"https:\/\/e-dom.si\/#\/schema\/logo\/image\/\"},\"sameAs\":[\"https:\/\/www.facebook.com\/profile.php?id=100067959520584\",\"https:\/\/www.instagram.com\/e_dom.si\/\"]}]}<\/script>\n<!-- \/ Yoast SEO plugin. -->","yoast_head_json":{"title":"Napenjalec \u017eice pocinkani - E-dom","robots":{"index":"index","follow":"follow","max-snippet":"max-snippet:-1","max-image-preview":"max-image-preview:large","max-video-preview":"max-video-preview:-1"},"canonical":"https:\/\/e-dom.si\/de\/product\/napenjalec-zice-pocinkani\/","og_locale":"de_DE","og_type":"article","og_title":"Napenjalec \u017eice pocinkani - E-dom","og_description":"Napenjalec \u017eice MK L-100 (200\/1) \u00a0je uporaben in prakti\u010den pripomo\u010dek za napenjanje \u017eic v razli\u010dnih situacijah. Sestavljen je iz ro\u010daja in dveh kavljev, ki se lahko pritrdijo na \u017eico in jo napnejo, kar olaj\u0161a delo pri razli\u010dnih opravilih. Napenjalec \u017eice je izdelan iz trpe\u017enih materialov, ki zagotavljajo dolgo \u017eivljenjsko dobo in u\u010dinkovitost. Uporaba napenjalca \u017eice [&hellip;]","og_url":"https:\/\/e-dom.si\/de\/product\/napenjalec-zice-pocinkani\/","og_site_name":"E-dom","article_publisher":"https:\/\/www.facebook.com\/profile.php?id=100067959520584","article_modified_time":"2023-04-27T14:45:51+00:00","og_image":[{"width":600,"height":404,"url":"https:\/\/e-dom.si\/wp-content\/uploads\/2023\/03\/Pocincani_spaner-removebg-preview.png","type":"image\/png"}],"twitter_card":"summary_large_image","twitter_misc":{"Gesch\u00e4tzte Lesezeit":"1 Minute"},"schema":{"@context":"https:\/\/schema.org","@graph":[{"@type":"WebPage","@id":"https:\/\/e-dom.si\/izdelek\/napenjalec-zice-pocinkani\/","url":"https:\/\/e-dom.si\/izdelek\/napenjalec-zice-pocinkani\/","name":"Napenjalec \u017eice pocinkani - E-dom","isPartOf":{"@id":"https:\/\/e-dom.si\/#website"},"primaryImageOfPage":{"@id":"https:\/\/e-dom.si\/izdelek\/napenjalec-zice-pocinkani\/#primaryimage"},"image":{"@id":"https:\/\/e-dom.si\/izdelek\/napenjalec-zice-pocinkani\/#primaryimage"},"thumbnailUrl":"https:\/\/e-dom.si\/wp-content\/uploads\/2023\/03\/Pocincani_spaner-removebg-preview.png","datePublished":"2023-03-16T20:37:18+00:00","dateModified":"2023-04-27T14:45:51+00:00","breadcrumb":{"@id":"https:\/\/e-dom.si\/izdelek\/napenjalec-zice-pocinkani\/#breadcrumb"},"inLanguage":"de-AT","potentialAction":[{"@type":"ReadAction","target":["https:\/\/e-dom.si\/izdelek\/napenjalec-zice-pocinkani\/"]}]},{"@type":"ImageObject","inLanguage":"de-AT","@id":"https:\/\/e-dom.si\/izdelek\/napenjalec-zice-pocinkani\/#primaryimage","url":"https:\/\/e-dom.si\/wp-content\/uploads\/2023\/03\/Pocincani_spaner-removebg-preview.png","contentUrl":"https:\/\/e-dom.si\/wp-content\/uploads\/2023\/03\/Pocincani_spaner-removebg-preview.png","width":600,"height":404},{"@type":"BreadcrumbList","@id":"https:\/\/e-dom.si\/izdelek\/napenjalec-zice-pocinkani\/#breadcrumb","itemListElement":[{"@type":"ListItem","position":1,"name":"Domov","item":"https:\/\/e-dom.si\/"},{"@type":"ListItem","position":2,"name":"Izdelki","item":"https:\/\/e-dom.si\/shop\/"},{"@type":"ListItem","position":3,"name":"Napenjalec \u017eice pocinkani"}]},{"@type":"WebSite","@id":"https:\/\/e-dom.si\/#website","url":"https:\/\/e-dom.si\/","name":"E-dom","description":"Pohi\u0161tvo in gradbeni material za vsak dom.","publisher":{"@id":"https:\/\/e-dom.si\/#organization"},"potentialAction":[{"@type":"SearchAction","target":{"@type":"EntryPoint","urlTemplate":"https:\/\/e-dom.si\/?s={search_term_string}"},"query-input":{"@type":"PropertyValueSpecification","valueRequired":true,"valueName":"search_term_string"}}],"inLanguage":"de-AT"},{"@type":"Organization","@id":"https:\/\/e-dom.si\/#organization","name":"Lion-x do.o.","url":"https:\/\/e-dom.si\/","logo":{"@type":"ImageObject","inLanguage":"de-AT","@id":"https:\/\/e-dom.si\/#\/schema\/logo\/image\/","url":"https:\/\/e-dom.si\/wp-content\/uploads\/2023\/03\/LOGOTIP-1-BREZ-TEXTA2.png","contentUrl":"https:\/\/e-dom.si\/wp-content\/uploads\/2023\/03\/LOGOTIP-1-BREZ-TEXTA2.png","width":359,"height":359,"caption":"Lion-x do.o."},"image":{"@id":"https:\/\/e-dom.si\/#\/schema\/logo\/image\/"},"sameAs":["https:\/\/www.facebook.com\/profile.php?id=100067959520584","https:\/\/www.instagram.com\/e_dom.si\/"]}]}},"_links":{"self":[{"href":"https:\/\/e-dom.si\/de\/wp-json\/wp\/v2\/product\/2377","targetHints":{"allow":["GET"]}}],"collection":[{"href":"https:\/\/e-dom.si\/de\/wp-json\/wp\/v2\/product"}],"about":[{"href":"https:\/\/e-dom.si\/de\/wp-json\/wp\/v2\/types\/product"}],"version-history":[{"count":0,"href":"https:\/\/e-dom.si\/de\/wp-json\/wp\/v2\/product\/2377\/revisions"}],"wp:featuredmedia":[{"embeddable":true,"href":"https:\/\/e-dom.si\/de\/wp-json\/wp\/v2\/media\/2378"}],"wp:attachment":[{"href":"https:\/\/e-dom.si\/de\/wp-json\/wp\/v2\/media?parent=2377"}],"wp:term":[{"taxonomy":"product_brand","embeddable":true,"href":"https:\/\/e-dom.si\/de\/wp-json\/wp\/v2\/product_brand?post=2377"},{"taxonomy":"product_cat","embeddable":true,"href":"https:\/\/e-dom.si\/de\/wp-json\/wp\/v2\/product_cat?post=2377"},{"taxonomy":"product_tag","embeddable":true,"href":"https:\/\/e-dom.si\/de\/wp-json\/wp\/v2\/product_tag?post=2377"}],"curies":[{"name":"wp","href":"https:\/\/api.w.org\/{rel}","templated":true}]}}