{"id":2371,"date":"2023-03-16T16:06:09","date_gmt":"2023-03-16T15:06:09","guid":{"rendered":"https:\/\/e-dom.si\/?post_type=product&#038;p=2371"},"modified":"2023-04-27T16:47:16","modified_gmt":"2023-04-27T14:47:16","slug":"pocinkana-vezalna-zica","status":"publish","type":"product","link":"https:\/\/e-dom.si\/de\/product\/pocinkana-vezalna-zica\/","title":{"rendered":"Pocinkana vezalna \u017eica 100 metrov (2,2 mm)"},"content":{"rendered":"<p>Pocinkana vezalna \u017eica 100\/1 (2,2 mm- cca 3,4 kg\/100met).<\/p>\n<p>&nbsp;<\/p>\n<p>Pocinkana vezalna \u017eica je vrhunski izdelek, ki se pona\u0161a z vrhunsko kakovostjo, trpe\u017enostjo in odpornostjo na razli\u010dne vremenske vplive. Izdelana je iz kakovostnega \u017ei\u010dnega materiala, ki je predhodno prekrit s pocinkano prevleko, kar zagotavlja odpornost proti koroziji in drugim vremenskim vplivom.<\/p>\n<p>Pocinkana vezalna \u017eica je primerna za razli\u010dne namene, kot so vezanje rastlin, izdelava ograj, lo\u010devanje obmo\u010dij in \u0161e ve\u010d. Njena prilagodljivost in trpe\u017enost omogo\u010data enostavno uporabo, kar olaj\u0161a va\u0161e delo in prihrani \u010das.<\/p>\n<p>Pocinkana vezalna \u017eica je na voljo v razli\u010dnih debelinah in dol\u017einah, kar omogo\u010da, da se prilagodi razli\u010dnim potrebam posameznega kupca. Poleg svoje funkcionalnosti pa je ta vezalna \u017eica tudi vizualno privla\u010den izdelek, ki bo dodal kakovostno in sodobno estetiko va\u0161emu domu in okolici.<\/p>\n<p>Izberite pocinkano vezalno \u017eico in si zagotovite izdelek, ki bo dolgo slu\u017eil svojemu namenu in vas navdu\u0161eval z enostavno uporabo ter estetsko dovr\u0161enostjo. Pocinkana vezalna \u017eica je odli\u010dna izbira za tiste, ki i\u0161\u010dejo kakovosten in trajen izdelek za svoje potrebe.<\/p>","protected":false},"excerpt":{"rendered":"<p>Pocinkana vezalna \u017eica 100\/1 (2,2 mm- cca 3,4 kg\/100met). &nbsp; Pocinkana vezalna \u017eica je vrhunski izdelek, ki se pona\u0161a z vrhunsko kakovostjo, trpe\u017enostjo in odpornostjo na razli\u010dne vremenske vplive. Izdelana je iz kakovostnega \u017ei\u010dnega materiala, ki je predhodno prekrit s pocinkano prevleko, kar zagotavlja odpornost proti koroziji in drugim vremenskim vplivom. Pocinkana vezalna \u017eica je [&hellip;]<\/p>","protected":false},"featured_media":2372,"template":"","meta":{"inline_featured_image":false},"product_brand":[],"product_cat":[63,24],"product_tag":[],"class_list":{"0":"post-2371","1":"product","2":"type-product","3":"status-publish","4":"has-post-thumbnail","6":"product_cat-pletiva-sl","7":"product_cat-vsi-izdelki","9":"first","10":"instock","11":"taxable","12":"shipping-taxable","13":"purchasable","14":"product-type-simple"},"yoast_head":"<!-- This site is optimized with the Yoast SEO plugin v25.5 - https:\/\/yoast.com\/wordpress\/plugins\/seo\/ -->\n<title>Pocinkana vezalna \u017eica 100 metrov (2,2 mm) - E-dom<\/title>\n<meta name=\"robots\" content=\"index, follow, max-snippet:-1, max-image-preview:large, max-video-preview:-1\" \/>\n<link rel=\"canonical\" href=\"https:\/\/e-dom.si\/de\/product\/pocinkana-vezalna-zica\/\" \/>\n<meta property=\"og:locale\" content=\"de_DE\" \/>\n<meta property=\"og:type\" content=\"article\" \/>\n<meta property=\"og:title\" content=\"Pocinkana vezalna \u017eica 100 metrov (2,2 mm) - E-dom\" \/>\n<meta property=\"og:description\" content=\"Pocinkana vezalna \u017eica 100\/1 (2,2 mm- cca 3,4 kg\/100met). &nbsp; Pocinkana vezalna \u017eica je vrhunski izdelek, ki se pona\u0161a z vrhunsko kakovostjo, trpe\u017enostjo in odpornostjo na razli\u010dne vremenske vplive. Izdelana je iz kakovostnega \u017ei\u010dnega materiala, ki je predhodno prekrit s pocinkano prevleko, kar zagotavlja odpornost proti koroziji in drugim vremenskim vplivom. Pocinkana vezalna \u017eica je [&hellip;]\" \/>\n<meta property=\"og:url\" content=\"https:\/\/e-dom.si\/de\/product\/pocinkana-vezalna-zica\/\" \/>\n<meta property=\"og:site_name\" content=\"E-dom\" \/>\n<meta property=\"article:publisher\" content=\"https:\/\/www.facebook.com\/profile.php?id=100067959520584\" \/>\n<meta property=\"article:modified_time\" content=\"2023-04-27T14:47:16+00:00\" \/>\n<meta property=\"og:image\" content=\"https:\/\/e-dom.si\/wp-content\/uploads\/2023\/03\/zica-pocincana-31-mm.jpg\" \/>\n\t<meta property=\"og:image:width\" content=\"800\" \/>\n\t<meta property=\"og:image:height\" content=\"800\" \/>\n\t<meta property=\"og:image:type\" content=\"image\/jpeg\" \/>\n<meta name=\"twitter:card\" content=\"summary_large_image\" \/>\n<meta name=\"twitter:label1\" content=\"Gesch\u00e4tzte Lesezeit\" \/>\n\t<meta name=\"twitter:data1\" content=\"1 Minute\" \/>\n<script type=\"application\/ld+json\" class=\"yoast-schema-graph\">{\"@context\":\"https:\/\/schema.org\",\"@graph\":[{\"@type\":\"WebPage\",\"@id\":\"https:\/\/e-dom.si\/izdelek\/pocinkana-vezalna-zica\/\",\"url\":\"https:\/\/e-dom.si\/izdelek\/pocinkana-vezalna-zica\/\",\"name\":\"Pocinkana vezalna \u017eica 100 metrov (2,2 mm) - E-dom\",\"isPartOf\":{\"@id\":\"https:\/\/e-dom.si\/#website\"},\"primaryImageOfPage\":{\"@id\":\"https:\/\/e-dom.si\/izdelek\/pocinkana-vezalna-zica\/#primaryimage\"},\"image\":{\"@id\":\"https:\/\/e-dom.si\/izdelek\/pocinkana-vezalna-zica\/#primaryimage\"},\"thumbnailUrl\":\"https:\/\/e-dom.si\/wp-content\/uploads\/2023\/03\/zica-pocincana-31-mm.jpg\",\"datePublished\":\"2023-03-16T15:06:09+00:00\",\"dateModified\":\"2023-04-27T14:47:16+00:00\",\"breadcrumb\":{\"@id\":\"https:\/\/e-dom.si\/izdelek\/pocinkana-vezalna-zica\/#breadcrumb\"},\"inLanguage\":\"de-AT\",\"potentialAction\":[{\"@type\":\"ReadAction\",\"target\":[\"https:\/\/e-dom.si\/izdelek\/pocinkana-vezalna-zica\/\"]}]},{\"@type\":\"ImageObject\",\"inLanguage\":\"de-AT\",\"@id\":\"https:\/\/e-dom.si\/izdelek\/pocinkana-vezalna-zica\/#primaryimage\",\"url\":\"https:\/\/e-dom.si\/wp-content\/uploads\/2023\/03\/zica-pocincana-31-mm.jpg\",\"contentUrl\":\"https:\/\/e-dom.si\/wp-content\/uploads\/2023\/03\/zica-pocincana-31-mm.jpg\",\"width\":800,\"height\":800},{\"@type\":\"BreadcrumbList\",\"@id\":\"https:\/\/e-dom.si\/izdelek\/pocinkana-vezalna-zica\/#breadcrumb\",\"itemListElement\":[{\"@type\":\"ListItem\",\"position\":1,\"name\":\"Domov\",\"item\":\"https:\/\/e-dom.si\/\"},{\"@type\":\"ListItem\",\"position\":2,\"name\":\"Izdelki\",\"item\":\"https:\/\/e-dom.si\/shop\/\"},{\"@type\":\"ListItem\",\"position\":3,\"name\":\"Pocinkana vezalna \u017eica 100 metrov (2,2 mm)\"}]},{\"@type\":\"WebSite\",\"@id\":\"https:\/\/e-dom.si\/#website\",\"url\":\"https:\/\/e-dom.si\/\",\"name\":\"E-dom\",\"description\":\"Pohi\u0161tvo in gradbeni material za vsak dom.\",\"publisher\":{\"@id\":\"https:\/\/e-dom.si\/#organization\"},\"potentialAction\":[{\"@type\":\"SearchAction\",\"target\":{\"@type\":\"EntryPoint\",\"urlTemplate\":\"https:\/\/e-dom.si\/?s={search_term_string}\"},\"query-input\":{\"@type\":\"PropertyValueSpecification\",\"valueRequired\":true,\"valueName\":\"search_term_string\"}}],\"inLanguage\":\"de-AT\"},{\"@type\":\"Organization\",\"@id\":\"https:\/\/e-dom.si\/#organization\",\"name\":\"Lion-x do.o.\",\"url\":\"https:\/\/e-dom.si\/\",\"logo\":{\"@type\":\"ImageObject\",\"inLanguage\":\"de-AT\",\"@id\":\"https:\/\/e-dom.si\/#\/schema\/logo\/image\/\",\"url\":\"https:\/\/e-dom.si\/wp-content\/uploads\/2023\/03\/LOGOTIP-1-BREZ-TEXTA2.png\",\"contentUrl\":\"https:\/\/e-dom.si\/wp-content\/uploads\/2023\/03\/LOGOTIP-1-BREZ-TEXTA2.png\",\"width\":359,\"height\":359,\"caption\":\"Lion-x do.o.\"},\"image\":{\"@id\":\"https:\/\/e-dom.si\/#\/schema\/logo\/image\/\"},\"sameAs\":[\"https:\/\/www.facebook.com\/profile.php?id=100067959520584\",\"https:\/\/www.instagram.com\/e_dom.si\/\"]}]}<\/script>\n<!-- \/ Yoast SEO plugin. -->","yoast_head_json":{"title":"Pocinkana vezalna \u017eica 100 metrov (2,2 mm) - E-dom","robots":{"index":"index","follow":"follow","max-snippet":"max-snippet:-1","max-image-preview":"max-image-preview:large","max-video-preview":"max-video-preview:-1"},"canonical":"https:\/\/e-dom.si\/de\/product\/pocinkana-vezalna-zica\/","og_locale":"de_DE","og_type":"article","og_title":"Pocinkana vezalna \u017eica 100 metrov (2,2 mm) - E-dom","og_description":"Pocinkana vezalna \u017eica 100\/1 (2,2 mm- cca 3,4 kg\/100met). &nbsp; Pocinkana vezalna \u017eica je vrhunski izdelek, ki se pona\u0161a z vrhunsko kakovostjo, trpe\u017enostjo in odpornostjo na razli\u010dne vremenske vplive. Izdelana je iz kakovostnega \u017ei\u010dnega materiala, ki je predhodno prekrit s pocinkano prevleko, kar zagotavlja odpornost proti koroziji in drugim vremenskim vplivom. Pocinkana vezalna \u017eica je [&hellip;]","og_url":"https:\/\/e-dom.si\/de\/product\/pocinkana-vezalna-zica\/","og_site_name":"E-dom","article_publisher":"https:\/\/www.facebook.com\/profile.php?id=100067959520584","article_modified_time":"2023-04-27T14:47:16+00:00","og_image":[{"width":800,"height":800,"url":"https:\/\/e-dom.si\/wp-content\/uploads\/2023\/03\/zica-pocincana-31-mm.jpg","type":"image\/jpeg"}],"twitter_card":"summary_large_image","twitter_misc":{"Gesch\u00e4tzte Lesezeit":"1 Minute"},"schema":{"@context":"https:\/\/schema.org","@graph":[{"@type":"WebPage","@id":"https:\/\/e-dom.si\/izdelek\/pocinkana-vezalna-zica\/","url":"https:\/\/e-dom.si\/izdelek\/pocinkana-vezalna-zica\/","name":"Pocinkana vezalna \u017eica 100 metrov (2,2 mm) - E-dom","isPartOf":{"@id":"https:\/\/e-dom.si\/#website"},"primaryImageOfPage":{"@id":"https:\/\/e-dom.si\/izdelek\/pocinkana-vezalna-zica\/#primaryimage"},"image":{"@id":"https:\/\/e-dom.si\/izdelek\/pocinkana-vezalna-zica\/#primaryimage"},"thumbnailUrl":"https:\/\/e-dom.si\/wp-content\/uploads\/2023\/03\/zica-pocincana-31-mm.jpg","datePublished":"2023-03-16T15:06:09+00:00","dateModified":"2023-04-27T14:47:16+00:00","breadcrumb":{"@id":"https:\/\/e-dom.si\/izdelek\/pocinkana-vezalna-zica\/#breadcrumb"},"inLanguage":"de-AT","potentialAction":[{"@type":"ReadAction","target":["https:\/\/e-dom.si\/izdelek\/pocinkana-vezalna-zica\/"]}]},{"@type":"ImageObject","inLanguage":"de-AT","@id":"https:\/\/e-dom.si\/izdelek\/pocinkana-vezalna-zica\/#primaryimage","url":"https:\/\/e-dom.si\/wp-content\/uploads\/2023\/03\/zica-pocincana-31-mm.jpg","contentUrl":"https:\/\/e-dom.si\/wp-content\/uploads\/2023\/03\/zica-pocincana-31-mm.jpg","width":800,"height":800},{"@type":"BreadcrumbList","@id":"https:\/\/e-dom.si\/izdelek\/pocinkana-vezalna-zica\/#breadcrumb","itemListElement":[{"@type":"ListItem","position":1,"name":"Domov","item":"https:\/\/e-dom.si\/"},{"@type":"ListItem","position":2,"name":"Izdelki","item":"https:\/\/e-dom.si\/shop\/"},{"@type":"ListItem","position":3,"name":"Pocinkana vezalna \u017eica 100 metrov (2,2 mm)"}]},{"@type":"WebSite","@id":"https:\/\/e-dom.si\/#website","url":"https:\/\/e-dom.si\/","name":"E-dom","description":"Pohi\u0161tvo in gradbeni material za vsak dom.","publisher":{"@id":"https:\/\/e-dom.si\/#organization"},"potentialAction":[{"@type":"SearchAction","target":{"@type":"EntryPoint","urlTemplate":"https:\/\/e-dom.si\/?s={search_term_string}"},"query-input":{"@type":"PropertyValueSpecification","valueRequired":true,"valueName":"search_term_string"}}],"inLanguage":"de-AT"},{"@type":"Organization","@id":"https:\/\/e-dom.si\/#organization","name":"Lion-x do.o.","url":"https:\/\/e-dom.si\/","logo":{"@type":"ImageObject","inLanguage":"de-AT","@id":"https:\/\/e-dom.si\/#\/schema\/logo\/image\/","url":"https:\/\/e-dom.si\/wp-content\/uploads\/2023\/03\/LOGOTIP-1-BREZ-TEXTA2.png","contentUrl":"https:\/\/e-dom.si\/wp-content\/uploads\/2023\/03\/LOGOTIP-1-BREZ-TEXTA2.png","width":359,"height":359,"caption":"Lion-x do.o."},"image":{"@id":"https:\/\/e-dom.si\/#\/schema\/logo\/image\/"},"sameAs":["https:\/\/www.facebook.com\/profile.php?id=100067959520584","https:\/\/www.instagram.com\/e_dom.si\/"]}]}},"_links":{"self":[{"href":"https:\/\/e-dom.si\/de\/wp-json\/wp\/v2\/product\/2371","targetHints":{"allow":["GET"]}}],"collection":[{"href":"https:\/\/e-dom.si\/de\/wp-json\/wp\/v2\/product"}],"about":[{"href":"https:\/\/e-dom.si\/de\/wp-json\/wp\/v2\/types\/product"}],"version-history":[{"count":0,"href":"https:\/\/e-dom.si\/de\/wp-json\/wp\/v2\/product\/2371\/revisions"}],"wp:featuredmedia":[{"embeddable":true,"href":"https:\/\/e-dom.si\/de\/wp-json\/wp\/v2\/media\/2372"}],"wp:attachment":[{"href":"https:\/\/e-dom.si\/de\/wp-json\/wp\/v2\/media?parent=2371"}],"wp:term":[{"taxonomy":"product_brand","embeddable":true,"href":"https:\/\/e-dom.si\/de\/wp-json\/wp\/v2\/product_brand?post=2371"},{"taxonomy":"product_cat","embeddable":true,"href":"https:\/\/e-dom.si\/de\/wp-json\/wp\/v2\/product_cat?post=2371"},{"taxonomy":"product_tag","embeddable":true,"href":"https:\/\/e-dom.si\/de\/wp-json\/wp\/v2\/product_tag?post=2371"}],"curies":[{"name":"wp","href":"https:\/\/api.w.org\/{rel}","templated":true}]}}