{"id":2359,"date":"2023-03-16T15:44:00","date_gmt":"2023-03-16T14:44:00","guid":{"rendered":"https:\/\/e-dom.si\/?post_type=product&#038;p=2359"},"modified":"2023-04-27T16:49:26","modified_gmt":"2023-04-27T14:49:26","slug":"pocinkano-pletivo","status":"publish","type":"product","link":"https:\/\/e-dom.si\/de\/product\/pocinkano-pletivo\/","title":{"rendered":"Pocinkano Pletivo 25 m"},"content":{"rendered":"<p>Dol\u017eina pletiva v roli je 25 metrov.<\/p>\n<p>Pocinkano pletivo je izdelek, ki ga odlikuje trpe\u017enost, vzdr\u017eljivost in odpornost na razli\u010dne vremenske pogoje. Izdelano je iz kakovostnega \u017ei\u010dnega materiala, ki je predhodno prekrit z za\u0161\u010ditno cinkovo prevleko. Ta prevleka zagotavlja odpornost proti koroziji in drugim vremenskim vplivom, kar omogo\u010da dolgo \u017eivljenjsko dobo tega izdelka.<\/p>\n<p>Pocinkano pletivo je primerno za \u0161tevilne namene, kot so ograje, varovanje rastlin, lo\u010devanje obmo\u010dij in podobno. Na voljo je v razli\u010dnih debelinah in velikostih, kar omogo\u010da, da se prilagodi razli\u010dnim potrebam posameznega kupca.<\/p>\n<p>Poleg svoje funkcionalnosti pa je pocinkano pletivo tudi vizualno privla\u010den izdelek, ki bo dodal kakovostno in sodobno estetiko va\u0161emu domu in okolici. Ta izdelek je idealen za tiste, ki i\u0161\u010dejo kakovostno in trajno re\u0161itev za svoje potrebe.<\/p>\n<p>Izberite pocinkano pletivo in si zagotovite izdelek, ki bo dolgo slu\u017eil svojemu namenu in vas navdu\u0161eval z svojo trpe\u017enostjo in estetsko dovr\u0161enostjo.<\/p>","protected":false},"excerpt":{"rendered":"<p>Dol\u017eina pletiva v roli je 25 metrov. Pocinkano pletivo je izdelek, ki ga odlikuje trpe\u017enost, vzdr\u017eljivost in odpornost na razli\u010dne vremenske pogoje. Izdelano je iz kakovostnega \u017ei\u010dnega materiala, ki je predhodno prekrit z za\u0161\u010ditno cinkovo prevleko. Ta prevleka zagotavlja odpornost proti koroziji in drugim vremenskim vplivom, kar omogo\u010da dolgo \u017eivljenjsko dobo tega izdelka. Pocinkano pletivo [&hellip;]<\/p>","protected":false},"featured_media":2363,"template":"","meta":{"inline_featured_image":false},"product_brand":[],"product_cat":[63,24],"product_tag":[],"class_list":{"0":"post-2359","1":"product","2":"type-product","3":"status-publish","4":"has-post-thumbnail","6":"product_cat-pletiva-sl","7":"product_cat-vsi-izdelki","9":"first","10":"instock","11":"taxable","12":"shipping-taxable","13":"purchasable","14":"product-type-variable"},"yoast_head":"<!-- This site is optimized with the Yoast SEO plugin v25.5 - https:\/\/yoast.com\/wordpress\/plugins\/seo\/ -->\n<title>Pocinkano Pletivo 25 m - E-dom<\/title>\n<meta name=\"robots\" content=\"index, follow, max-snippet:-1, max-image-preview:large, max-video-preview:-1\" \/>\n<link rel=\"canonical\" href=\"https:\/\/e-dom.si\/de\/product\/pocinkano-pletivo\/\" \/>\n<meta property=\"og:locale\" content=\"de_DE\" \/>\n<meta property=\"og:type\" content=\"article\" \/>\n<meta property=\"og:title\" content=\"Pocinkano Pletivo 25 m - E-dom\" \/>\n<meta property=\"og:description\" content=\"Dol\u017eina pletiva v roli je 25 metrov. Pocinkano pletivo je izdelek, ki ga odlikuje trpe\u017enost, vzdr\u017eljivost in odpornost na razli\u010dne vremenske pogoje. Izdelano je iz kakovostnega \u017ei\u010dnega materiala, ki je predhodno prekrit z za\u0161\u010ditno cinkovo prevleko. Ta prevleka zagotavlja odpornost proti koroziji in drugim vremenskim vplivom, kar omogo\u010da dolgo \u017eivljenjsko dobo tega izdelka. Pocinkano pletivo [&hellip;]\" \/>\n<meta property=\"og:url\" content=\"https:\/\/e-dom.si\/de\/product\/pocinkano-pletivo\/\" \/>\n<meta property=\"og:site_name\" content=\"E-dom\" \/>\n<meta property=\"article:publisher\" content=\"https:\/\/www.facebook.com\/profile.php?id=100067959520584\" \/>\n<meta property=\"article:modified_time\" content=\"2023-04-27T14:49:26+00:00\" \/>\n<meta property=\"og:image\" content=\"https:\/\/e-dom.si\/wp-content\/uploads\/2023\/03\/pocincano-zicano-pletivo-1.jpg\" \/>\n\t<meta property=\"og:image:width\" content=\"800\" \/>\n\t<meta property=\"og:image:height\" content=\"800\" \/>\n\t<meta property=\"og:image:type\" content=\"image\/jpeg\" \/>\n<meta name=\"twitter:card\" content=\"summary_large_image\" \/>\n<meta name=\"twitter:label1\" content=\"Gesch\u00e4tzte Lesezeit\" \/>\n\t<meta name=\"twitter:data1\" content=\"1 Minute\" \/>\n<script type=\"application\/ld+json\" class=\"yoast-schema-graph\">{\"@context\":\"https:\/\/schema.org\",\"@graph\":[{\"@type\":\"WebPage\",\"@id\":\"https:\/\/e-dom.si\/izdelek\/pocinkano-pletivo\/\",\"url\":\"https:\/\/e-dom.si\/izdelek\/pocinkano-pletivo\/\",\"name\":\"Pocinkano Pletivo 25 m - E-dom\",\"isPartOf\":{\"@id\":\"https:\/\/e-dom.si\/#website\"},\"primaryImageOfPage\":{\"@id\":\"https:\/\/e-dom.si\/izdelek\/pocinkano-pletivo\/#primaryimage\"},\"image\":{\"@id\":\"https:\/\/e-dom.si\/izdelek\/pocinkano-pletivo\/#primaryimage\"},\"thumbnailUrl\":\"https:\/\/e-dom.si\/wp-content\/uploads\/2023\/03\/pocincano-zicano-pletivo-1.jpg\",\"datePublished\":\"2023-03-16T14:44:00+00:00\",\"dateModified\":\"2023-04-27T14:49:26+00:00\",\"breadcrumb\":{\"@id\":\"https:\/\/e-dom.si\/izdelek\/pocinkano-pletivo\/#breadcrumb\"},\"inLanguage\":\"de-AT\",\"potentialAction\":[{\"@type\":\"ReadAction\",\"target\":[\"https:\/\/e-dom.si\/izdelek\/pocinkano-pletivo\/\"]}]},{\"@type\":\"ImageObject\",\"inLanguage\":\"de-AT\",\"@id\":\"https:\/\/e-dom.si\/izdelek\/pocinkano-pletivo\/#primaryimage\",\"url\":\"https:\/\/e-dom.si\/wp-content\/uploads\/2023\/03\/pocincano-zicano-pletivo-1.jpg\",\"contentUrl\":\"https:\/\/e-dom.si\/wp-content\/uploads\/2023\/03\/pocincano-zicano-pletivo-1.jpg\",\"width\":800,\"height\":800},{\"@type\":\"BreadcrumbList\",\"@id\":\"https:\/\/e-dom.si\/izdelek\/pocinkano-pletivo\/#breadcrumb\",\"itemListElement\":[{\"@type\":\"ListItem\",\"position\":1,\"name\":\"Domov\",\"item\":\"https:\/\/e-dom.si\/\"},{\"@type\":\"ListItem\",\"position\":2,\"name\":\"Izdelki\",\"item\":\"https:\/\/e-dom.si\/shop\/\"},{\"@type\":\"ListItem\",\"position\":3,\"name\":\"Pocinkano Pletivo 25 m\"}]},{\"@type\":\"WebSite\",\"@id\":\"https:\/\/e-dom.si\/#website\",\"url\":\"https:\/\/e-dom.si\/\",\"name\":\"E-dom\",\"description\":\"Pohi\u0161tvo in gradbeni material za vsak dom.\",\"publisher\":{\"@id\":\"https:\/\/e-dom.si\/#organization\"},\"potentialAction\":[{\"@type\":\"SearchAction\",\"target\":{\"@type\":\"EntryPoint\",\"urlTemplate\":\"https:\/\/e-dom.si\/?s={search_term_string}\"},\"query-input\":{\"@type\":\"PropertyValueSpecification\",\"valueRequired\":true,\"valueName\":\"search_term_string\"}}],\"inLanguage\":\"de-AT\"},{\"@type\":\"Organization\",\"@id\":\"https:\/\/e-dom.si\/#organization\",\"name\":\"Lion-x do.o.\",\"url\":\"https:\/\/e-dom.si\/\",\"logo\":{\"@type\":\"ImageObject\",\"inLanguage\":\"de-AT\",\"@id\":\"https:\/\/e-dom.si\/#\/schema\/logo\/image\/\",\"url\":\"https:\/\/e-dom.si\/wp-content\/uploads\/2023\/03\/LOGOTIP-1-BREZ-TEXTA2.png\",\"contentUrl\":\"https:\/\/e-dom.si\/wp-content\/uploads\/2023\/03\/LOGOTIP-1-BREZ-TEXTA2.png\",\"width\":359,\"height\":359,\"caption\":\"Lion-x do.o.\"},\"image\":{\"@id\":\"https:\/\/e-dom.si\/#\/schema\/logo\/image\/\"},\"sameAs\":[\"https:\/\/www.facebook.com\/profile.php?id=100067959520584\",\"https:\/\/www.instagram.com\/e_dom.si\/\"]}]}<\/script>\n<!-- \/ Yoast SEO plugin. -->","yoast_head_json":{"title":"Pocinkano Pletivo 25 m - E-dom","robots":{"index":"index","follow":"follow","max-snippet":"max-snippet:-1","max-image-preview":"max-image-preview:large","max-video-preview":"max-video-preview:-1"},"canonical":"https:\/\/e-dom.si\/de\/product\/pocinkano-pletivo\/","og_locale":"de_DE","og_type":"article","og_title":"Pocinkano Pletivo 25 m - E-dom","og_description":"Dol\u017eina pletiva v roli je 25 metrov. Pocinkano pletivo je izdelek, ki ga odlikuje trpe\u017enost, vzdr\u017eljivost in odpornost na razli\u010dne vremenske pogoje. Izdelano je iz kakovostnega \u017ei\u010dnega materiala, ki je predhodno prekrit z za\u0161\u010ditno cinkovo prevleko. Ta prevleka zagotavlja odpornost proti koroziji in drugim vremenskim vplivom, kar omogo\u010da dolgo \u017eivljenjsko dobo tega izdelka. Pocinkano pletivo [&hellip;]","og_url":"https:\/\/e-dom.si\/de\/product\/pocinkano-pletivo\/","og_site_name":"E-dom","article_publisher":"https:\/\/www.facebook.com\/profile.php?id=100067959520584","article_modified_time":"2023-04-27T14:49:26+00:00","og_image":[{"width":800,"height":800,"url":"https:\/\/e-dom.si\/wp-content\/uploads\/2023\/03\/pocincano-zicano-pletivo-1.jpg","type":"image\/jpeg"}],"twitter_card":"summary_large_image","twitter_misc":{"Gesch\u00e4tzte Lesezeit":"1 Minute"},"schema":{"@context":"https:\/\/schema.org","@graph":[{"@type":"WebPage","@id":"https:\/\/e-dom.si\/izdelek\/pocinkano-pletivo\/","url":"https:\/\/e-dom.si\/izdelek\/pocinkano-pletivo\/","name":"Pocinkano Pletivo 25 m - E-dom","isPartOf":{"@id":"https:\/\/e-dom.si\/#website"},"primaryImageOfPage":{"@id":"https:\/\/e-dom.si\/izdelek\/pocinkano-pletivo\/#primaryimage"},"image":{"@id":"https:\/\/e-dom.si\/izdelek\/pocinkano-pletivo\/#primaryimage"},"thumbnailUrl":"https:\/\/e-dom.si\/wp-content\/uploads\/2023\/03\/pocincano-zicano-pletivo-1.jpg","datePublished":"2023-03-16T14:44:00+00:00","dateModified":"2023-04-27T14:49:26+00:00","breadcrumb":{"@id":"https:\/\/e-dom.si\/izdelek\/pocinkano-pletivo\/#breadcrumb"},"inLanguage":"de-AT","potentialAction":[{"@type":"ReadAction","target":["https:\/\/e-dom.si\/izdelek\/pocinkano-pletivo\/"]}]},{"@type":"ImageObject","inLanguage":"de-AT","@id":"https:\/\/e-dom.si\/izdelek\/pocinkano-pletivo\/#primaryimage","url":"https:\/\/e-dom.si\/wp-content\/uploads\/2023\/03\/pocincano-zicano-pletivo-1.jpg","contentUrl":"https:\/\/e-dom.si\/wp-content\/uploads\/2023\/03\/pocincano-zicano-pletivo-1.jpg","width":800,"height":800},{"@type":"BreadcrumbList","@id":"https:\/\/e-dom.si\/izdelek\/pocinkano-pletivo\/#breadcrumb","itemListElement":[{"@type":"ListItem","position":1,"name":"Domov","item":"https:\/\/e-dom.si\/"},{"@type":"ListItem","position":2,"name":"Izdelki","item":"https:\/\/e-dom.si\/shop\/"},{"@type":"ListItem","position":3,"name":"Pocinkano Pletivo 25 m"}]},{"@type":"WebSite","@id":"https:\/\/e-dom.si\/#website","url":"https:\/\/e-dom.si\/","name":"E-dom","description":"Pohi\u0161tvo in gradbeni material za vsak dom.","publisher":{"@id":"https:\/\/e-dom.si\/#organization"},"potentialAction":[{"@type":"SearchAction","target":{"@type":"EntryPoint","urlTemplate":"https:\/\/e-dom.si\/?s={search_term_string}"},"query-input":{"@type":"PropertyValueSpecification","valueRequired":true,"valueName":"search_term_string"}}],"inLanguage":"de-AT"},{"@type":"Organization","@id":"https:\/\/e-dom.si\/#organization","name":"Lion-x do.o.","url":"https:\/\/e-dom.si\/","logo":{"@type":"ImageObject","inLanguage":"de-AT","@id":"https:\/\/e-dom.si\/#\/schema\/logo\/image\/","url":"https:\/\/e-dom.si\/wp-content\/uploads\/2023\/03\/LOGOTIP-1-BREZ-TEXTA2.png","contentUrl":"https:\/\/e-dom.si\/wp-content\/uploads\/2023\/03\/LOGOTIP-1-BREZ-TEXTA2.png","width":359,"height":359,"caption":"Lion-x do.o."},"image":{"@id":"https:\/\/e-dom.si\/#\/schema\/logo\/image\/"},"sameAs":["https:\/\/www.facebook.com\/profile.php?id=100067959520584","https:\/\/www.instagram.com\/e_dom.si\/"]}]}},"_links":{"self":[{"href":"https:\/\/e-dom.si\/de\/wp-json\/wp\/v2\/product\/2359","targetHints":{"allow":["GET"]}}],"collection":[{"href":"https:\/\/e-dom.si\/de\/wp-json\/wp\/v2\/product"}],"about":[{"href":"https:\/\/e-dom.si\/de\/wp-json\/wp\/v2\/types\/product"}],"version-history":[{"count":0,"href":"https:\/\/e-dom.si\/de\/wp-json\/wp\/v2\/product\/2359\/revisions"}],"wp:featuredmedia":[{"embeddable":true,"href":"https:\/\/e-dom.si\/de\/wp-json\/wp\/v2\/media\/2363"}],"wp:attachment":[{"href":"https:\/\/e-dom.si\/de\/wp-json\/wp\/v2\/media?parent=2359"}],"wp:term":[{"taxonomy":"product_brand","embeddable":true,"href":"https:\/\/e-dom.si\/de\/wp-json\/wp\/v2\/product_brand?post=2359"},{"taxonomy":"product_cat","embeddable":true,"href":"https:\/\/e-dom.si\/de\/wp-json\/wp\/v2\/product_cat?post=2359"},{"taxonomy":"product_tag","embeddable":true,"href":"https:\/\/e-dom.si\/de\/wp-json\/wp\/v2\/product_tag?post=2359"}],"curies":[{"name":"wp","href":"https:\/\/api.w.org\/{rel}","templated":true}]}}