{"id":1574,"date":"2023-02-26T22:02:46","date_gmt":"2023-02-26T21:02:46","guid":{"rendered":"https:\/\/e-dom.si\/?post_type=product&#038;p=1574"},"modified":"2023-04-25T17:08:09","modified_gmt":"2023-04-25T15:08:09","slug":"eps-120-stiropor-za-streho","status":"publish","type":"product","link":"https:\/\/e-dom.si\/de\/product\/eps-120-stiropor-za-streho\/","title":{"rendered":"EPS-120 Stiropor za Streho"},"content":{"rendered":"<div data-elementor-type=\"product-post\" data-elementor-id=\"1574\" class=\"elementor elementor-1574\" data-elementor-post-type=\"product\">\n\t\t\t\t<div class=\"elementor-element elementor-element-0624b95 e-flex e-con-boxed e-con e-parent\" data-id=\"0624b95\" data-element_type=\"container\">\n\t\t\t\t\t<div class=\"e-con-inner\">\n\t\t\t\t<div class=\"elementor-element elementor-element-a2d4bdc elementor-position-top elementor-view-default elementor-mobile-position-top elementor-widget elementor-widget-icon-box\" data-id=\"a2d4bdc\" data-element_type=\"widget\" data-widget_type=\"icon-box.default\">\n\t\t\t\t<div class=\"elementor-widget-container\">\n\t\t\t\t\t\t\t<div class=\"elementor-icon-box-wrapper\">\n\n\t\t\t\t\t\t<div class=\"elementor-icon-box-icon\">\n\t\t\t\t<span  class=\"elementor-icon\">\n\t\t\t\t<i aria-hidden=\"true\" class=\"fas fa-star\"><\/i>\t\t\t\t<\/span>\n\t\t\t<\/div>\n\t\t\t\n\t\t\t\t\t\t<div class=\"elementor-icon-box-content\">\n\n\t\t\t\t\t\t\t\t\t<h3 class=\"elementor-icon-box-title\">\n\t\t\t\t\t\t<span  >\n\t\t\t\t\t\t\tVrhunska kakovost\t\t\t\t\t\t<\/span>\n\t\t\t\t\t<\/h3>\n\t\t\t\t\n\t\t\t\t\t\t\t\t\t<p class=\"elementor-icon-box-description\">\n\t\t\t\t\t\tEPS 120 - Stiropor za streho je visokokakovosten izolacijski material, ki zagotavlja u\u010dinkovito izolacijo va\u0161ega doma pred zunanjimi vplivi. Izdelan je iz trajnostnih materialov, ki so prijazni do okolja in ne\u0161kodljivi za va\u0161e zdravje.\t\t\t\t\t<\/p>\n\t\t\t\t\n\t\t\t<\/div>\n\t\t\t\n\t\t<\/div>\n\t\t\t\t\t\t<\/div>\n\t\t\t\t<\/div>\n\t\t\t\t<div class=\"elementor-element elementor-element-0fc8ef5 elementor-position-top elementor-view-default elementor-mobile-position-top elementor-widget elementor-widget-icon-box\" data-id=\"0fc8ef5\" data-element_type=\"widget\" data-widget_type=\"icon-box.default\">\n\t\t\t\t<div class=\"elementor-widget-container\">\n\t\t\t\t\t\t\t<div class=\"elementor-icon-box-wrapper\">\n\n\t\t\t\t\t\t<div class=\"elementor-icon-box-icon\">\n\t\t\t\t<span  class=\"elementor-icon\">\n\t\t\t\t<i aria-hidden=\"true\" class=\"fas fa-euro-sign\"><\/i>\t\t\t\t<\/span>\n\t\t\t<\/div>\n\t\t\t\n\t\t\t\t\t\t<div class=\"elementor-icon-box-content\">\n\n\t\t\t\t\t\t\t\t\t<h3 class=\"elementor-icon-box-title\">\n\t\t\t\t\t\t<span  >\n\t\t\t\t\t\t\tNizki stro\u0161ki\t\t\t\t\t\t<\/span>\n\t\t\t\t\t<\/h3>\n\t\t\t\t\n\t\t\t\t\t\t\t\t\t<p class=\"elementor-icon-box-description\">\n\t\t\t\t\t\tEPS 120 ima visoko gostoto, kar zagotavlja optimalno izolativnost in zmanj\u0161uje stro\u0161ke ogrevanja ter hlajenja va\u0161ega doma. Poleg tega, je izjemno trpe\u017een in odporen proti vlagi, kar prepre\u010duje nastanek plesni in ostalih \u0161kodljivih mikroorganizmov.\t\t\t\t\t<\/p>\n\t\t\t\t\n\t\t\t<\/div>\n\t\t\t\n\t\t<\/div>\n\t\t\t\t\t\t<\/div>\n\t\t\t\t<\/div>\n\t\t\t\t<div class=\"elementor-element elementor-element-3effcd2 elementor-position-top elementor-view-default elementor-mobile-position-top elementor-widget elementor-widget-icon-box\" data-id=\"3effcd2\" data-element_type=\"widget\" data-widget_type=\"icon-box.default\">\n\t\t\t\t<div class=\"elementor-widget-container\">\n\t\t\t\t\t\t\t<div class=\"elementor-icon-box-wrapper\">\n\n\t\t\t\t\t\t<div class=\"elementor-icon-box-icon\">\n\t\t\t\t<span  class=\"elementor-icon\">\n\t\t\t\t<i aria-hidden=\"true\" class=\"fas fa-hands-wash\"><\/i>\t\t\t\t<\/span>\n\t\t\t<\/div>\n\t\t\t\n\t\t\t\t\t\t<div class=\"elementor-icon-box-content\">\n\n\t\t\t\t\t\t\t\t\t<h3 class=\"elementor-icon-box-title\">\n\t\t\t\t\t\t<span  >\n\t\t\t\t\t\t\tEnostavna monta\u017ea\t\t\t\t\t\t<\/span>\n\t\t\t\t\t<\/h3>\n\t\t\t\t\n\t\t\t\t\t\t\t\t\t<p class=\"elementor-icon-box-description\">\n\t\t\t\t\t\tEPS 120 je enostaven za monta\u017eo in prilagodljiv razli\u010dnim dimenzijam in oblikam va\u0161ega doma. Na voljo je v razli\u010dnih debelinah, ki omogo\u010dajo optimalno izolacijo za vsako okolje in podnebne razmere.\t\t\t\t\t<\/p>\n\t\t\t\t\n\t\t\t<\/div>\n\t\t\t\n\t\t<\/div>\n\t\t\t\t\t\t<\/div>\n\t\t\t\t<\/div>\n\t\t\t\t\t<\/div>\n\t\t\t\t<\/div>\n\t\t\t\t<\/div>","protected":false},"excerpt":{"rendered":"<p>EPS 120 je idealen izolacijski material za strehe, saj zagotavlja optimalno toplotno izolacijo ter prepre\u010duje izgubo toplote skozi streho. Poleg tega, je tudi odli\u010den material za zvo\u010dno izolacijo in zmanj\u0161evanje hrupa, ki prihaja od zunaj.<\/p>\n<p>Za\u0161\u010ditite va\u0161 dom pred vro\u010dino in mrazom ter si zagotovite optimalno udobje in varnost. Izberite EPS 120 &#8211; Stiropor za streho in u\u017eivajte v varnem in udobnem bivanju v va\u0161em domu.<\/p>\n<ul>\n<li>Stiropor za strehe za trajno in u\u010dinkovito izolacijo va\u0161ega doma<\/li>\n<li>Visoka gostota zagotavlja optimalno izolativnost in zmanj\u0161uje stro\u0161ke ogrevanja ter hlajenja<\/li>\n<li>Izjemno trpe\u017een in odporen proti vlagi<\/li>\n<li>Enostavna monta\u017ea in prilagodljivost za vse vrste objektov<\/li>\n<\/ul>\n<p>&nbsp;<\/p>\n<p>Navedena cena je za m2.<\/p>","protected":false},"featured_media":1471,"template":"","meta":{"inline_featured_image":false},"product_brand":[],"product_cat":[30,24],"product_tag":[50,32],"class_list":{"0":"post-1574","1":"product","2":"type-product","3":"status-publish","4":"has-post-thumbnail","6":"product_cat-stiropor-sl","7":"product_cat-vsi-izdelki","8":"product_tag-izolacija-za-streho","9":"product_tag-topolotna-izolacija","11":"first","12":"instock","13":"taxable","14":"shipping-taxable","15":"purchasable","16":"product-type-variable"},"yoast_head":"<!-- This site is optimized with the Yoast SEO plugin v25.5 - https:\/\/yoast.com\/wordpress\/plugins\/seo\/ -->\n<title>EPS-120 Stiropor za Streho - E-dom<\/title>\n<meta name=\"robots\" content=\"index, follow, max-snippet:-1, max-image-preview:large, max-video-preview:-1\" \/>\n<link rel=\"canonical\" href=\"https:\/\/e-dom.si\/de\/product\/eps-120-stiropor-za-streho\/\" \/>\n<meta property=\"og:locale\" content=\"de_DE\" \/>\n<meta property=\"og:type\" content=\"article\" \/>\n<meta property=\"og:title\" content=\"EPS-120 Stiropor za Streho - E-dom\" \/>\n<meta property=\"og:description\" content=\"EPS 120 je idealen izolacijski material za strehe, saj zagotavlja optimalno toplotno izolacijo ter prepre\u010duje izgubo toplote skozi streho. Poleg tega, je tudi odli\u010den material za zvo\u010dno izolacijo in zmanj\u0161evanje hrupa, ki prihaja od zunaj.  Za\u0161\u010ditite va\u0161 dom pred vro\u010dino in mrazom ter si zagotovite optimalno udobje in varnost. Izberite EPS 120 - Stiropor za streho in u\u017eivajte v varnem in udobnem bivanju v va\u0161em domu.   Stiropor za strehe za trajno in u\u010dinkovito izolacijo va\u0161ega doma  Visoka gostota zagotavlja optimalno izolativnost in zmanj\u0161uje stro\u0161ke ogrevanja ter hlajenja  Izjemno trpe\u017een in odporen proti vlagi  Enostavna monta\u017ea in prilagodljivost za vse vrste objektov  &nbsp;  Navedena cena je za m2.\" \/>\n<meta property=\"og:url\" content=\"https:\/\/e-dom.si\/de\/product\/eps-120-stiropor-za-streho\/\" \/>\n<meta property=\"og:site_name\" content=\"E-dom\" \/>\n<meta property=\"article:publisher\" content=\"https:\/\/www.facebook.com\/profile.php?id=100067959520584\" \/>\n<meta property=\"article:modified_time\" content=\"2023-04-25T15:08:09+00:00\" \/>\n<meta property=\"og:image\" content=\"https:\/\/e-dom.si\/wp-content\/uploads\/2023\/02\/pvc-foam-sheets-1000x1000-1.webp\" \/>\n\t<meta property=\"og:image:width\" content=\"500\" \/>\n\t<meta property=\"og:image:height\" content=\"500\" \/>\n\t<meta property=\"og:image:type\" content=\"image\/webp\" \/>\n<meta name=\"twitter:card\" content=\"summary_large_image\" \/>\n<meta name=\"twitter:label1\" content=\"Gesch\u00e4tzte Lesezeit\" \/>\n\t<meta name=\"twitter:data1\" content=\"1 Minute\" \/>\n<script type=\"application\/ld+json\" class=\"yoast-schema-graph\">{\"@context\":\"https:\/\/schema.org\",\"@graph\":[{\"@type\":\"WebPage\",\"@id\":\"https:\/\/e-dom.si\/izdelek\/eps-120-stiropor-za-streho\/\",\"url\":\"https:\/\/e-dom.si\/izdelek\/eps-120-stiropor-za-streho\/\",\"name\":\"EPS-120 Stiropor za Streho - E-dom\",\"isPartOf\":{\"@id\":\"https:\/\/e-dom.si\/#website\"},\"primaryImageOfPage\":{\"@id\":\"https:\/\/e-dom.si\/izdelek\/eps-120-stiropor-za-streho\/#primaryimage\"},\"image\":{\"@id\":\"https:\/\/e-dom.si\/izdelek\/eps-120-stiropor-za-streho\/#primaryimage\"},\"thumbnailUrl\":\"https:\/\/e-dom.si\/wp-content\/uploads\/2023\/02\/pvc-foam-sheets-1000x1000-1.webp\",\"datePublished\":\"2023-02-26T21:02:46+00:00\",\"dateModified\":\"2023-04-25T15:08:09+00:00\",\"breadcrumb\":{\"@id\":\"https:\/\/e-dom.si\/izdelek\/eps-120-stiropor-za-streho\/#breadcrumb\"},\"inLanguage\":\"de-AT\",\"potentialAction\":[{\"@type\":\"ReadAction\",\"target\":[\"https:\/\/e-dom.si\/izdelek\/eps-120-stiropor-za-streho\/\"]}]},{\"@type\":\"ImageObject\",\"inLanguage\":\"de-AT\",\"@id\":\"https:\/\/e-dom.si\/izdelek\/eps-120-stiropor-za-streho\/#primaryimage\",\"url\":\"https:\/\/e-dom.si\/wp-content\/uploads\/2023\/02\/pvc-foam-sheets-1000x1000-1.webp\",\"contentUrl\":\"https:\/\/e-dom.si\/wp-content\/uploads\/2023\/02\/pvc-foam-sheets-1000x1000-1.webp\",\"width\":500,\"height\":500},{\"@type\":\"BreadcrumbList\",\"@id\":\"https:\/\/e-dom.si\/izdelek\/eps-120-stiropor-za-streho\/#breadcrumb\",\"itemListElement\":[{\"@type\":\"ListItem\",\"position\":1,\"name\":\"Domov\",\"item\":\"https:\/\/e-dom.si\/\"},{\"@type\":\"ListItem\",\"position\":2,\"name\":\"Izdelki\",\"item\":\"https:\/\/e-dom.si\/shop\/\"},{\"@type\":\"ListItem\",\"position\":3,\"name\":\"EPS-120 Stiropor za Streho\"}]},{\"@type\":\"WebSite\",\"@id\":\"https:\/\/e-dom.si\/#website\",\"url\":\"https:\/\/e-dom.si\/\",\"name\":\"E-dom\",\"description\":\"Pohi\u0161tvo in gradbeni material za vsak dom.\",\"publisher\":{\"@id\":\"https:\/\/e-dom.si\/#organization\"},\"potentialAction\":[{\"@type\":\"SearchAction\",\"target\":{\"@type\":\"EntryPoint\",\"urlTemplate\":\"https:\/\/e-dom.si\/?s={search_term_string}\"},\"query-input\":{\"@type\":\"PropertyValueSpecification\",\"valueRequired\":true,\"valueName\":\"search_term_string\"}}],\"inLanguage\":\"de-AT\"},{\"@type\":\"Organization\",\"@id\":\"https:\/\/e-dom.si\/#organization\",\"name\":\"Lion-x do.o.\",\"url\":\"https:\/\/e-dom.si\/\",\"logo\":{\"@type\":\"ImageObject\",\"inLanguage\":\"de-AT\",\"@id\":\"https:\/\/e-dom.si\/#\/schema\/logo\/image\/\",\"url\":\"https:\/\/e-dom.si\/wp-content\/uploads\/2023\/03\/LOGOTIP-1-BREZ-TEXTA2.png\",\"contentUrl\":\"https:\/\/e-dom.si\/wp-content\/uploads\/2023\/03\/LOGOTIP-1-BREZ-TEXTA2.png\",\"width\":359,\"height\":359,\"caption\":\"Lion-x do.o.\"},\"image\":{\"@id\":\"https:\/\/e-dom.si\/#\/schema\/logo\/image\/\"},\"sameAs\":[\"https:\/\/www.facebook.com\/profile.php?id=100067959520584\",\"https:\/\/www.instagram.com\/e_dom.si\/\"]}]}<\/script>\n<!-- \/ Yoast SEO plugin. -->","yoast_head_json":{"title":"EPS-120 Stiropor za Streho - E-dom","robots":{"index":"index","follow":"follow","max-snippet":"max-snippet:-1","max-image-preview":"max-image-preview:large","max-video-preview":"max-video-preview:-1"},"canonical":"https:\/\/e-dom.si\/de\/product\/eps-120-stiropor-za-streho\/","og_locale":"de_DE","og_type":"article","og_title":"EPS-120 Stiropor za Streho - E-dom","og_description":"EPS 120 je idealen izolacijski material za strehe, saj zagotavlja optimalno toplotno izolacijo ter prepre\u010duje izgubo toplote skozi streho. Poleg tega, je tudi odli\u010den material za zvo\u010dno izolacijo in zmanj\u0161evanje hrupa, ki prihaja od zunaj.  Za\u0161\u010ditite va\u0161 dom pred vro\u010dino in mrazom ter si zagotovite optimalno udobje in varnost. Izberite EPS 120 - Stiropor za streho in u\u017eivajte v varnem in udobnem bivanju v va\u0161em domu.   Stiropor za strehe za trajno in u\u010dinkovito izolacijo va\u0161ega doma  Visoka gostota zagotavlja optimalno izolativnost in zmanj\u0161uje stro\u0161ke ogrevanja ter hlajenja  Izjemno trpe\u017een in odporen proti vlagi  Enostavna monta\u017ea in prilagodljivost za vse vrste objektov  &nbsp;  Navedena cena je za m2.","og_url":"https:\/\/e-dom.si\/de\/product\/eps-120-stiropor-za-streho\/","og_site_name":"E-dom","article_publisher":"https:\/\/www.facebook.com\/profile.php?id=100067959520584","article_modified_time":"2023-04-25T15:08:09+00:00","og_image":[{"width":500,"height":500,"url":"https:\/\/e-dom.si\/wp-content\/uploads\/2023\/02\/pvc-foam-sheets-1000x1000-1.webp","type":"image\/webp"}],"twitter_card":"summary_large_image","twitter_misc":{"Gesch\u00e4tzte Lesezeit":"1 Minute"},"schema":{"@context":"https:\/\/schema.org","@graph":[{"@type":"WebPage","@id":"https:\/\/e-dom.si\/izdelek\/eps-120-stiropor-za-streho\/","url":"https:\/\/e-dom.si\/izdelek\/eps-120-stiropor-za-streho\/","name":"EPS-120 Stiropor za Streho - E-dom","isPartOf":{"@id":"https:\/\/e-dom.si\/#website"},"primaryImageOfPage":{"@id":"https:\/\/e-dom.si\/izdelek\/eps-120-stiropor-za-streho\/#primaryimage"},"image":{"@id":"https:\/\/e-dom.si\/izdelek\/eps-120-stiropor-za-streho\/#primaryimage"},"thumbnailUrl":"https:\/\/e-dom.si\/wp-content\/uploads\/2023\/02\/pvc-foam-sheets-1000x1000-1.webp","datePublished":"2023-02-26T21:02:46+00:00","dateModified":"2023-04-25T15:08:09+00:00","breadcrumb":{"@id":"https:\/\/e-dom.si\/izdelek\/eps-120-stiropor-za-streho\/#breadcrumb"},"inLanguage":"de-AT","potentialAction":[{"@type":"ReadAction","target":["https:\/\/e-dom.si\/izdelek\/eps-120-stiropor-za-streho\/"]}]},{"@type":"ImageObject","inLanguage":"de-AT","@id":"https:\/\/e-dom.si\/izdelek\/eps-120-stiropor-za-streho\/#primaryimage","url":"https:\/\/e-dom.si\/wp-content\/uploads\/2023\/02\/pvc-foam-sheets-1000x1000-1.webp","contentUrl":"https:\/\/e-dom.si\/wp-content\/uploads\/2023\/02\/pvc-foam-sheets-1000x1000-1.webp","width":500,"height":500},{"@type":"BreadcrumbList","@id":"https:\/\/e-dom.si\/izdelek\/eps-120-stiropor-za-streho\/#breadcrumb","itemListElement":[{"@type":"ListItem","position":1,"name":"Domov","item":"https:\/\/e-dom.si\/"},{"@type":"ListItem","position":2,"name":"Izdelki","item":"https:\/\/e-dom.si\/shop\/"},{"@type":"ListItem","position":3,"name":"EPS-120 Stiropor za Streho"}]},{"@type":"WebSite","@id":"https:\/\/e-dom.si\/#website","url":"https:\/\/e-dom.si\/","name":"E-dom","description":"Pohi\u0161tvo in gradbeni material za vsak dom.","publisher":{"@id":"https:\/\/e-dom.si\/#organization"},"potentialAction":[{"@type":"SearchAction","target":{"@type":"EntryPoint","urlTemplate":"https:\/\/e-dom.si\/?s={search_term_string}"},"query-input":{"@type":"PropertyValueSpecification","valueRequired":true,"valueName":"search_term_string"}}],"inLanguage":"de-AT"},{"@type":"Organization","@id":"https:\/\/e-dom.si\/#organization","name":"Lion-x do.o.","url":"https:\/\/e-dom.si\/","logo":{"@type":"ImageObject","inLanguage":"de-AT","@id":"https:\/\/e-dom.si\/#\/schema\/logo\/image\/","url":"https:\/\/e-dom.si\/wp-content\/uploads\/2023\/03\/LOGOTIP-1-BREZ-TEXTA2.png","contentUrl":"https:\/\/e-dom.si\/wp-content\/uploads\/2023\/03\/LOGOTIP-1-BREZ-TEXTA2.png","width":359,"height":359,"caption":"Lion-x do.o."},"image":{"@id":"https:\/\/e-dom.si\/#\/schema\/logo\/image\/"},"sameAs":["https:\/\/www.facebook.com\/profile.php?id=100067959520584","https:\/\/www.instagram.com\/e_dom.si\/"]}]}},"_links":{"self":[{"href":"https:\/\/e-dom.si\/de\/wp-json\/wp\/v2\/product\/1574","targetHints":{"allow":["GET"]}}],"collection":[{"href":"https:\/\/e-dom.si\/de\/wp-json\/wp\/v2\/product"}],"about":[{"href":"https:\/\/e-dom.si\/de\/wp-json\/wp\/v2\/types\/product"}],"version-history":[{"count":0,"href":"https:\/\/e-dom.si\/de\/wp-json\/wp\/v2\/product\/1574\/revisions"}],"wp:featuredmedia":[{"embeddable":true,"href":"https:\/\/e-dom.si\/de\/wp-json\/wp\/v2\/media\/1471"}],"wp:attachment":[{"href":"https:\/\/e-dom.si\/de\/wp-json\/wp\/v2\/media?parent=1574"}],"wp:term":[{"taxonomy":"product_brand","embeddable":true,"href":"https:\/\/e-dom.si\/de\/wp-json\/wp\/v2\/product_brand?post=1574"},{"taxonomy":"product_cat","embeddable":true,"href":"https:\/\/e-dom.si\/de\/wp-json\/wp\/v2\/product_cat?post=1574"},{"taxonomy":"product_tag","embeddable":true,"href":"https:\/\/e-dom.si\/de\/wp-json\/wp\/v2\/product_tag?post=1574"}],"curies":[{"name":"wp","href":"https:\/\/api.w.org\/{rel}","templated":true}]}}