{"id":1520,"date":"2023-02-26T18:42:03","date_gmt":"2023-02-26T17:42:03","guid":{"rendered":"https:\/\/e-dom.si\/?post_type=product&#038;p=1520"},"modified":"2023-04-27T14:09:11","modified_gmt":"2023-04-27T12:09:11","slug":"eps-f-fasadni-stiropor","status":"publish","type":"product","link":"https:\/\/e-dom.si\/de\/product\/eps-f-fasadni-stiropor\/","title":{"rendered":"EPS F Fasadni Stiropor"},"content":{"rendered":"<div data-elementor-type=\"product-post\" data-elementor-id=\"1520\" class=\"elementor elementor-1520\" data-elementor-post-type=\"product\">\n\t\t\t\t<div class=\"elementor-element elementor-element-c30c443 e-flex e-con-boxed e-con e-parent\" data-id=\"c30c443\" data-element_type=\"container\">\n\t\t\t\t\t<div class=\"e-con-inner\">\n\t\t\t\t<div class=\"elementor-element elementor-element-0a09046 elementor-position-top elementor-view-default elementor-mobile-position-top elementor-widget elementor-widget-icon-box\" data-id=\"0a09046\" data-element_type=\"widget\" data-widget_type=\"icon-box.default\">\n\t\t\t\t<div class=\"elementor-widget-container\">\n\t\t\t\t\t\t\t<div class=\"elementor-icon-box-wrapper\">\n\n\t\t\t\t\t\t<div class=\"elementor-icon-box-icon\">\n\t\t\t\t<span  class=\"elementor-icon\">\n\t\t\t\t<i aria-hidden=\"true\" class=\"fas fa-star\"><\/i>\t\t\t\t<\/span>\n\t\t\t<\/div>\n\t\t\t\n\t\t\t\t\t\t<div class=\"elementor-icon-box-content\">\n\n\t\t\t\t\t\t\t\t\t<h3 class=\"elementor-icon-box-title\">\n\t\t\t\t\t\t<span  >\n\t\t\t\t\t\t\tVrhunska kakovost\t\t\t\t\t\t<\/span>\n\t\t\t\t\t<\/h3>\n\t\t\t\t\n\t\t\t\t\t\t\t\t\t<p class=\"elementor-icon-box-description\">\n\t\t\t\t\t\tEPS F - Fasadni stiropor je visokokakovosten izolacijski material, ki zagotavlja u\u010dinkovito izolacijo va\u0161ega doma pred zunanjimi vplivi. Izdelan je iz trajnostnih materialov, ki so prijazni do okolja in ne\u0161kodljivi za va\u0161e zdravje.\t\t\t\t\t<\/p>\n\t\t\t\t\n\t\t\t<\/div>\n\t\t\t\n\t\t<\/div>\n\t\t\t\t\t\t<\/div>\n\t\t\t\t<\/div>\n\t\t\t\t<div class=\"elementor-element elementor-element-1d461d3 elementor-position-top elementor-view-default elementor-mobile-position-top elementor-widget elementor-widget-icon-box\" data-id=\"1d461d3\" data-element_type=\"widget\" data-widget_type=\"icon-box.default\">\n\t\t\t\t<div class=\"elementor-widget-container\">\n\t\t\t\t\t\t\t<div class=\"elementor-icon-box-wrapper\">\n\n\t\t\t\t\t\t<div class=\"elementor-icon-box-icon\">\n\t\t\t\t<span  class=\"elementor-icon\">\n\t\t\t\t<i aria-hidden=\"true\" class=\"fas fa-euro-sign\"><\/i>\t\t\t\t<\/span>\n\t\t\t<\/div>\n\t\t\t\n\t\t\t\t\t\t<div class=\"elementor-icon-box-content\">\n\n\t\t\t\t\t\t\t\t\t<h3 class=\"elementor-icon-box-title\">\n\t\t\t\t\t\t<span  >\n\t\t\t\t\t\t\tNizki stro\u0161ki\t\t\t\t\t\t<\/span>\n\t\t\t\t\t<\/h3>\n\t\t\t\t\n\t\t\t\t\t\t\t\t\t<p class=\"elementor-icon-box-description\">\n\t\t\t\t\t\tEPS F ima visoko gostoto, kar zagotavlja optimalno izolativnost in zmanj\u0161uje stro\u0161ke ogrevanja ter hlajenja va\u0161ega doma. Poleg tega, je izjemno trpe\u017een in odporen proti vlagi, kar prepre\u010duje nastanek plesni in ostalih \u0161kodljivih mikroorganizmov.\t\t\t\t\t<\/p>\n\t\t\t\t\n\t\t\t<\/div>\n\t\t\t\n\t\t<\/div>\n\t\t\t\t\t\t<\/div>\n\t\t\t\t<\/div>\n\t\t\t\t<div class=\"elementor-element elementor-element-7e329a3 elementor-position-top elementor-view-default elementor-mobile-position-top elementor-widget elementor-widget-icon-box\" data-id=\"7e329a3\" data-element_type=\"widget\" data-widget_type=\"icon-box.default\">\n\t\t\t\t<div class=\"elementor-widget-container\">\n\t\t\t\t\t\t\t<div class=\"elementor-icon-box-wrapper\">\n\n\t\t\t\t\t\t<div class=\"elementor-icon-box-icon\">\n\t\t\t\t<span  class=\"elementor-icon\">\n\t\t\t\t<i aria-hidden=\"true\" class=\"fas fa-hands-wash\"><\/i>\t\t\t\t<\/span>\n\t\t\t<\/div>\n\t\t\t\n\t\t\t\t\t\t<div class=\"elementor-icon-box-content\">\n\n\t\t\t\t\t\t\t\t\t<h3 class=\"elementor-icon-box-title\">\n\t\t\t\t\t\t<span  >\n\t\t\t\t\t\t\tEnostavna monta\u017ea\t\t\t\t\t\t<\/span>\n\t\t\t\t\t<\/h3>\n\t\t\t\t\n\t\t\t\t\t\t\t\t\t<p class=\"elementor-icon-box-description\">\n\t\t\t\t\t\tEPS F - Fasadni stiropor je enostaven za monta\u017eo in prilagodljiv razli\u010dnim dimenzijam in oblikam va\u0161ega doma. Na voljo je v razli\u010dnih debelinah, ki omogo\u010dajo optimalno izolacijo za vsako okolje in podnebne razmere.\t\t\t\t\t<\/p>\n\t\t\t\t\n\t\t\t<\/div>\n\t\t\t\n\t\t<\/div>\n\t\t\t\t\t\t<\/div>\n\t\t\t\t<\/div>\n\t\t\t\t\t<\/div>\n\t\t\t\t<\/div>\n\t\t\t\t<\/div>","protected":false},"excerpt":{"rendered":"<p>Za\u0161\u010ditite va\u0161 dom pred mrazom, vro\u010dino in vlago ter prihranite na stro\u0161kih ogrevanja in hlajenja. Izberite EPS F &#8211; Fasadni stiropor in si zagotovite trajno in u\u010dinkovito izolacijo va\u0161ega doma.<\/p>\n<ul>\n<li>Fasadni stiropor za trajno in u\u010dinkovito izolacijo va\u0161ega doma<\/li>\n<li>Visoka gostota zagotavlja optimalno izolativnost in zmanj\u0161uje stro\u0161ke ogrevanja ter hlajenja<\/li>\n<li>Izjemno trpe\u017een in odporen proti vlagi<\/li>\n<li>Enostavna monta\u017ea in prilagodljivost za vse vrste objektov<\/li>\n<\/ul>","protected":false},"featured_media":1471,"template":"","meta":{"inline_featured_image":false},"product_brand":[],"product_cat":[79,30,24],"product_tag":[33,32],"class_list":{"0":"post-1520","1":"product","2":"type-product","3":"status-publish","4":"has-post-thumbnail","6":"product_cat-fasade-sl","7":"product_cat-stiropor-sl","8":"product_cat-vsi-izdelki","9":"product_tag-fasadna-izolacija","10":"product_tag-topolotna-izolacija","12":"first","13":"instock","14":"taxable","15":"shipping-taxable","16":"purchasable","17":"product-type-variable"},"yoast_head":"<!-- This site is optimized with the Yoast SEO plugin v25.5 - https:\/\/yoast.com\/wordpress\/plugins\/seo\/ -->\n<title>EPS F Fasadni Stiropor - E-dom<\/title>\n<meta name=\"robots\" content=\"index, follow, max-snippet:-1, max-image-preview:large, max-video-preview:-1\" \/>\n<link rel=\"canonical\" href=\"https:\/\/e-dom.si\/de\/product\/eps-f-fasadni-stiropor\/\" \/>\n<meta property=\"og:locale\" content=\"de_DE\" \/>\n<meta property=\"og:type\" content=\"article\" \/>\n<meta property=\"og:title\" content=\"EPS F Fasadni Stiropor - E-dom\" \/>\n<meta property=\"og:description\" content=\"Za\u0161\u010ditite va\u0161 dom pred mrazom, vro\u010dino in vlago ter prihranite na stro\u0161kih ogrevanja in hlajenja. Izberite EPS F - Fasadni stiropor in si zagotovite trajno in u\u010dinkovito izolacijo va\u0161ega doma.   Fasadni stiropor za trajno in u\u010dinkovito izolacijo va\u0161ega doma  Visoka gostota zagotavlja optimalno izolativnost in zmanj\u0161uje stro\u0161ke ogrevanja ter hlajenja  Izjemno trpe\u017een in odporen proti vlagi  Enostavna monta\u017ea in prilagodljivost za vse vrste objektov\" \/>\n<meta property=\"og:url\" content=\"https:\/\/e-dom.si\/de\/product\/eps-f-fasadni-stiropor\/\" \/>\n<meta property=\"og:site_name\" content=\"E-dom\" \/>\n<meta property=\"article:publisher\" content=\"https:\/\/www.facebook.com\/profile.php?id=100067959520584\" \/>\n<meta property=\"article:modified_time\" content=\"2023-04-27T12:09:11+00:00\" \/>\n<meta property=\"og:image\" content=\"https:\/\/e-dom.si\/wp-content\/uploads\/2023\/02\/pvc-foam-sheets-1000x1000-1.webp\" \/>\n\t<meta property=\"og:image:width\" content=\"500\" \/>\n\t<meta property=\"og:image:height\" content=\"500\" \/>\n\t<meta property=\"og:image:type\" content=\"image\/webp\" \/>\n<meta name=\"twitter:card\" content=\"summary_large_image\" \/>\n<meta name=\"twitter:label1\" content=\"Gesch\u00e4tzte Lesezeit\" \/>\n\t<meta name=\"twitter:data1\" content=\"1 Minute\" \/>\n<script type=\"application\/ld+json\" class=\"yoast-schema-graph\">{\"@context\":\"https:\/\/schema.org\",\"@graph\":[{\"@type\":\"WebPage\",\"@id\":\"https:\/\/e-dom.si\/izdelek\/eps-f-fasadni-stiropor\/\",\"url\":\"https:\/\/e-dom.si\/izdelek\/eps-f-fasadni-stiropor\/\",\"name\":\"EPS F Fasadni Stiropor - E-dom\",\"isPartOf\":{\"@id\":\"https:\/\/e-dom.si\/#website\"},\"primaryImageOfPage\":{\"@id\":\"https:\/\/e-dom.si\/izdelek\/eps-f-fasadni-stiropor\/#primaryimage\"},\"image\":{\"@id\":\"https:\/\/e-dom.si\/izdelek\/eps-f-fasadni-stiropor\/#primaryimage\"},\"thumbnailUrl\":\"https:\/\/e-dom.si\/wp-content\/uploads\/2023\/02\/pvc-foam-sheets-1000x1000-1.webp\",\"datePublished\":\"2023-02-26T17:42:03+00:00\",\"dateModified\":\"2023-04-27T12:09:11+00:00\",\"breadcrumb\":{\"@id\":\"https:\/\/e-dom.si\/izdelek\/eps-f-fasadni-stiropor\/#breadcrumb\"},\"inLanguage\":\"de-AT\",\"potentialAction\":[{\"@type\":\"ReadAction\",\"target\":[\"https:\/\/e-dom.si\/izdelek\/eps-f-fasadni-stiropor\/\"]}]},{\"@type\":\"ImageObject\",\"inLanguage\":\"de-AT\",\"@id\":\"https:\/\/e-dom.si\/izdelek\/eps-f-fasadni-stiropor\/#primaryimage\",\"url\":\"https:\/\/e-dom.si\/wp-content\/uploads\/2023\/02\/pvc-foam-sheets-1000x1000-1.webp\",\"contentUrl\":\"https:\/\/e-dom.si\/wp-content\/uploads\/2023\/02\/pvc-foam-sheets-1000x1000-1.webp\",\"width\":500,\"height\":500},{\"@type\":\"BreadcrumbList\",\"@id\":\"https:\/\/e-dom.si\/izdelek\/eps-f-fasadni-stiropor\/#breadcrumb\",\"itemListElement\":[{\"@type\":\"ListItem\",\"position\":1,\"name\":\"Domov\",\"item\":\"https:\/\/e-dom.si\/\"},{\"@type\":\"ListItem\",\"position\":2,\"name\":\"Izdelki\",\"item\":\"https:\/\/e-dom.si\/shop\/\"},{\"@type\":\"ListItem\",\"position\":3,\"name\":\"EPS F Fasadni Stiropor\"}]},{\"@type\":\"WebSite\",\"@id\":\"https:\/\/e-dom.si\/#website\",\"url\":\"https:\/\/e-dom.si\/\",\"name\":\"E-dom\",\"description\":\"Pohi\u0161tvo in gradbeni material za vsak dom.\",\"publisher\":{\"@id\":\"https:\/\/e-dom.si\/#organization\"},\"potentialAction\":[{\"@type\":\"SearchAction\",\"target\":{\"@type\":\"EntryPoint\",\"urlTemplate\":\"https:\/\/e-dom.si\/?s={search_term_string}\"},\"query-input\":{\"@type\":\"PropertyValueSpecification\",\"valueRequired\":true,\"valueName\":\"search_term_string\"}}],\"inLanguage\":\"de-AT\"},{\"@type\":\"Organization\",\"@id\":\"https:\/\/e-dom.si\/#organization\",\"name\":\"Lion-x do.o.\",\"url\":\"https:\/\/e-dom.si\/\",\"logo\":{\"@type\":\"ImageObject\",\"inLanguage\":\"de-AT\",\"@id\":\"https:\/\/e-dom.si\/#\/schema\/logo\/image\/\",\"url\":\"https:\/\/e-dom.si\/wp-content\/uploads\/2023\/03\/LOGOTIP-1-BREZ-TEXTA2.png\",\"contentUrl\":\"https:\/\/e-dom.si\/wp-content\/uploads\/2023\/03\/LOGOTIP-1-BREZ-TEXTA2.png\",\"width\":359,\"height\":359,\"caption\":\"Lion-x do.o.\"},\"image\":{\"@id\":\"https:\/\/e-dom.si\/#\/schema\/logo\/image\/\"},\"sameAs\":[\"https:\/\/www.facebook.com\/profile.php?id=100067959520584\",\"https:\/\/www.instagram.com\/e_dom.si\/\"]}]}<\/script>\n<!-- \/ Yoast SEO plugin. -->","yoast_head_json":{"title":"EPS F Fasadni Stiropor - E-dom","robots":{"index":"index","follow":"follow","max-snippet":"max-snippet:-1","max-image-preview":"max-image-preview:large","max-video-preview":"max-video-preview:-1"},"canonical":"https:\/\/e-dom.si\/de\/product\/eps-f-fasadni-stiropor\/","og_locale":"de_DE","og_type":"article","og_title":"EPS F Fasadni Stiropor - E-dom","og_description":"Za\u0161\u010ditite va\u0161 dom pred mrazom, vro\u010dino in vlago ter prihranite na stro\u0161kih ogrevanja in hlajenja. Izberite EPS F - Fasadni stiropor in si zagotovite trajno in u\u010dinkovito izolacijo va\u0161ega doma.   Fasadni stiropor za trajno in u\u010dinkovito izolacijo va\u0161ega doma  Visoka gostota zagotavlja optimalno izolativnost in zmanj\u0161uje stro\u0161ke ogrevanja ter hlajenja  Izjemno trpe\u017een in odporen proti vlagi  Enostavna monta\u017ea in prilagodljivost za vse vrste objektov","og_url":"https:\/\/e-dom.si\/de\/product\/eps-f-fasadni-stiropor\/","og_site_name":"E-dom","article_publisher":"https:\/\/www.facebook.com\/profile.php?id=100067959520584","article_modified_time":"2023-04-27T12:09:11+00:00","og_image":[{"width":500,"height":500,"url":"https:\/\/e-dom.si\/wp-content\/uploads\/2023\/02\/pvc-foam-sheets-1000x1000-1.webp","type":"image\/webp"}],"twitter_card":"summary_large_image","twitter_misc":{"Gesch\u00e4tzte Lesezeit":"1 Minute"},"schema":{"@context":"https:\/\/schema.org","@graph":[{"@type":"WebPage","@id":"https:\/\/e-dom.si\/izdelek\/eps-f-fasadni-stiropor\/","url":"https:\/\/e-dom.si\/izdelek\/eps-f-fasadni-stiropor\/","name":"EPS F Fasadni Stiropor - E-dom","isPartOf":{"@id":"https:\/\/e-dom.si\/#website"},"primaryImageOfPage":{"@id":"https:\/\/e-dom.si\/izdelek\/eps-f-fasadni-stiropor\/#primaryimage"},"image":{"@id":"https:\/\/e-dom.si\/izdelek\/eps-f-fasadni-stiropor\/#primaryimage"},"thumbnailUrl":"https:\/\/e-dom.si\/wp-content\/uploads\/2023\/02\/pvc-foam-sheets-1000x1000-1.webp","datePublished":"2023-02-26T17:42:03+00:00","dateModified":"2023-04-27T12:09:11+00:00","breadcrumb":{"@id":"https:\/\/e-dom.si\/izdelek\/eps-f-fasadni-stiropor\/#breadcrumb"},"inLanguage":"de-AT","potentialAction":[{"@type":"ReadAction","target":["https:\/\/e-dom.si\/izdelek\/eps-f-fasadni-stiropor\/"]}]},{"@type":"ImageObject","inLanguage":"de-AT","@id":"https:\/\/e-dom.si\/izdelek\/eps-f-fasadni-stiropor\/#primaryimage","url":"https:\/\/e-dom.si\/wp-content\/uploads\/2023\/02\/pvc-foam-sheets-1000x1000-1.webp","contentUrl":"https:\/\/e-dom.si\/wp-content\/uploads\/2023\/02\/pvc-foam-sheets-1000x1000-1.webp","width":500,"height":500},{"@type":"BreadcrumbList","@id":"https:\/\/e-dom.si\/izdelek\/eps-f-fasadni-stiropor\/#breadcrumb","itemListElement":[{"@type":"ListItem","position":1,"name":"Domov","item":"https:\/\/e-dom.si\/"},{"@type":"ListItem","position":2,"name":"Izdelki","item":"https:\/\/e-dom.si\/shop\/"},{"@type":"ListItem","position":3,"name":"EPS F Fasadni Stiropor"}]},{"@type":"WebSite","@id":"https:\/\/e-dom.si\/#website","url":"https:\/\/e-dom.si\/","name":"E-dom","description":"Pohi\u0161tvo in gradbeni material za vsak dom.","publisher":{"@id":"https:\/\/e-dom.si\/#organization"},"potentialAction":[{"@type":"SearchAction","target":{"@type":"EntryPoint","urlTemplate":"https:\/\/e-dom.si\/?s={search_term_string}"},"query-input":{"@type":"PropertyValueSpecification","valueRequired":true,"valueName":"search_term_string"}}],"inLanguage":"de-AT"},{"@type":"Organization","@id":"https:\/\/e-dom.si\/#organization","name":"Lion-x do.o.","url":"https:\/\/e-dom.si\/","logo":{"@type":"ImageObject","inLanguage":"de-AT","@id":"https:\/\/e-dom.si\/#\/schema\/logo\/image\/","url":"https:\/\/e-dom.si\/wp-content\/uploads\/2023\/03\/LOGOTIP-1-BREZ-TEXTA2.png","contentUrl":"https:\/\/e-dom.si\/wp-content\/uploads\/2023\/03\/LOGOTIP-1-BREZ-TEXTA2.png","width":359,"height":359,"caption":"Lion-x do.o."},"image":{"@id":"https:\/\/e-dom.si\/#\/schema\/logo\/image\/"},"sameAs":["https:\/\/www.facebook.com\/profile.php?id=100067959520584","https:\/\/www.instagram.com\/e_dom.si\/"]}]}},"_links":{"self":[{"href":"https:\/\/e-dom.si\/de\/wp-json\/wp\/v2\/product\/1520","targetHints":{"allow":["GET"]}}],"collection":[{"href":"https:\/\/e-dom.si\/de\/wp-json\/wp\/v2\/product"}],"about":[{"href":"https:\/\/e-dom.si\/de\/wp-json\/wp\/v2\/types\/product"}],"version-history":[{"count":0,"href":"https:\/\/e-dom.si\/de\/wp-json\/wp\/v2\/product\/1520\/revisions"}],"wp:featuredmedia":[{"embeddable":true,"href":"https:\/\/e-dom.si\/de\/wp-json\/wp\/v2\/media\/1471"}],"wp:attachment":[{"href":"https:\/\/e-dom.si\/de\/wp-json\/wp\/v2\/media?parent=1520"}],"wp:term":[{"taxonomy":"product_brand","embeddable":true,"href":"https:\/\/e-dom.si\/de\/wp-json\/wp\/v2\/product_brand?post=1520"},{"taxonomy":"product_cat","embeddable":true,"href":"https:\/\/e-dom.si\/de\/wp-json\/wp\/v2\/product_cat?post=1520"},{"taxonomy":"product_tag","embeddable":true,"href":"https:\/\/e-dom.si\/de\/wp-json\/wp\/v2\/product_tag?post=1520"}],"curies":[{"name":"wp","href":"https:\/\/api.w.org\/{rel}","templated":true}]}}