{"id":3928,"date":"2023-04-30T16:52:22","date_gmt":"2023-04-30T14:52:22","guid":{"rendered":"https:\/\/e-dom.si\/?page_id=3928"},"modified":"2023-05-08T14:48:44","modified_gmt":"2023-05-08T12:48:44","slug":"o-podjetju","status":"publish","type":"page","link":"https:\/\/e-dom.si\/de\/o-podjetju\/","title":{"rendered":"O podjetju"},"content":{"rendered":"<div data-elementor-type=\"wp-page\" data-elementor-id=\"3928\" class=\"elementor elementor-3928\" data-elementor-post-type=\"page\">\n\t\t\t\t<div class=\"elementor-element elementor-element-87dbe8f e-flex e-con-boxed e-con e-parent\" data-id=\"87dbe8f\" data-element_type=\"container\" data-settings=\"{&quot;background_background&quot;:&quot;classic&quot;}\">\n\t\t\t\t\t<div class=\"e-con-inner\">\n\t\t\t\t<div class=\"elementor-element elementor-element-e48ed36 elementor-widget elementor-widget-heading\" data-id=\"e48ed36\" data-element_type=\"widget\" data-widget_type=\"heading.default\">\n\t\t\t\t<div class=\"elementor-widget-container\">\n\t\t\t\t\t<h2 class=\"elementor-heading-title elementor-size-default\"><a href=\"https:\/\/e-dom.si\/de\/product-category\/laminati\/\">o podjetju<\/a><\/h2>\t\t\t\t<\/div>\n\t\t\t\t<\/div>\n\t\t\t\t<div class=\"elementor-element elementor-element-940c30b elementor-widget elementor-widget-text-editor\" data-id=\"940c30b\" data-element_type=\"widget\" data-widget_type=\"text-editor.default\">\n\t\t\t\t<div class=\"elementor-widget-container\">\n\t\t\t\t\t\t\t\t\t<p>V E-DOM smo specializirani za prodajo gradbenega materiala in nudenje gradbenih storitev. Z izku\u0161njami in strokovnim znanjem smo osredoto\u010deni na zagotavljanje kakovosti in storitev najvi\u0161jega razreda v gradbeni\u0161tvu.<\/p><p>Na\u0161a primarna dejavnost je prodaja \u0161iroke palete gradbenih materialov, vklju\u010dno s talnimi podlogami (laminati, vinili), ograjami (3d paneli), termoizolacijo (stiropor), hidroizolacijo, fasadami, opa\u017enimi plo\u0161\u010dami, keramiko, pletivi, drena\u017enimi cevmi in mnogimi drugimi.<\/p><p>V E-DOM cenimo zaupanje na\u0161ih strank, zato se zavezujemo k profesionalnosti in strokovnosti na vseh ravneh na\u0161ega poslovanja. Na\u0161a ekipa usposobljenih strokovnjakov je vedno na voljo za svetovanje in pomo\u010d pri izbiri pravih materialov, hkrati pa zagotavlja tehni\u010dno podporo in storitve, potrebne za uspe\u0161no izvedbo va\u0161ih gradbenih projektov.<\/p><p>Vljudno vas vabimo, da razi\u0161\u010dete na\u0161o \u0161iroko ponudbo izdelkov in storitev ter zaupate v na\u0161e znanje in izku\u0161nje. Prepri\u010dani smo, da bomo skupaj dosegli odli\u010dne rezultate in uresni\u010dili va\u0161e \u017eelje in na\u010drte.<\/p>\t\t\t\t\t\t\t\t<\/div>\n\t\t\t\t<\/div>\n\t\t\t\t\t<\/div>\n\t\t\t\t<\/div>\n\t\t\t\t<\/div>","protected":false},"excerpt":{"rendered":"<p>o podjetju V E-DOM smo specializirani za prodajo gradbenega materiala in nudenje gradbenih storitev. Z izku\u0161njami in strokovnim znanjem smo osredoto\u010deni na zagotavljanje kakovosti in storitev najvi\u0161jega razreda v gradbeni\u0161tvu. Na\u0161a primarna dejavnost je prodaja \u0161iroke palete gradbenih materialov, vklju\u010dno s talnimi podlogami (laminati, vinili), ograjami (3d paneli), termoizolacijo (stiropor), hidroizolacijo, fasadami, opa\u017enimi plo\u0161\u010dami, keramiko, [&hellip;]<\/p>","protected":false},"author":1,"featured_media":0,"parent":0,"menu_order":0,"comment_status":"closed","ping_status":"closed","template":"","meta":{"inline_featured_image":false,"footnotes":""},"class_list":["post-3928","page","type-page","status-publish","hentry"],"yoast_head":"<!-- This site is optimized with the Yoast SEO plugin v25.5 - https:\/\/yoast.com\/wordpress\/plugins\/seo\/ -->\n<title>O podjetju - E-dom<\/title>\n<meta name=\"robots\" content=\"index, follow, max-snippet:-1, max-image-preview:large, max-video-preview:-1\" \/>\n<link rel=\"canonical\" href=\"https:\/\/e-dom.si\/de\/o-podjetju\/\" \/>\n<meta property=\"og:locale\" content=\"de_DE\" \/>\n<meta property=\"og:type\" content=\"article\" \/>\n<meta property=\"og:title\" content=\"O podjetju - E-dom\" \/>\n<meta property=\"og:description\" content=\"o podjetju V E-DOM smo specializirani za prodajo gradbenega materiala in nudenje gradbenih storitev. Z izku\u0161njami in strokovnim znanjem smo osredoto\u010deni na zagotavljanje kakovosti in storitev najvi\u0161jega razreda v gradbeni\u0161tvu. Na\u0161a primarna dejavnost je prodaja \u0161iroke palete gradbenih materialov, vklju\u010dno s talnimi podlogami (laminati, vinili), ograjami (3d paneli), termoizolacijo (stiropor), hidroizolacijo, fasadami, opa\u017enimi plo\u0161\u010dami, keramiko, [&hellip;]\" \/>\n<meta property=\"og:url\" content=\"https:\/\/e-dom.si\/de\/o-podjetju\/\" \/>\n<meta property=\"og:site_name\" content=\"E-dom\" \/>\n<meta property=\"article:publisher\" content=\"https:\/\/www.facebook.com\/profile.php?id=100067959520584\" \/>\n<meta property=\"article:modified_time\" content=\"2023-05-08T12:48:44+00:00\" \/>\n<meta property=\"og:image\" content=\"https:\/\/e-dom.si\/wp-content\/uploads\/2023\/03\/E-dom_logotip_1200pxx675px.png\" \/>\n\t<meta property=\"og:image:width\" content=\"1200\" \/>\n\t<meta property=\"og:image:height\" content=\"675\" \/>\n\t<meta property=\"og:image:type\" content=\"image\/png\" \/>\n<meta name=\"twitter:card\" content=\"summary_large_image\" \/>\n<meta name=\"twitter:label1\" content=\"Gesch\u00e4tzte Lesezeit\" \/>\n\t<meta name=\"twitter:data1\" content=\"1 Minute\" \/>\n<script type=\"application\/ld+json\" class=\"yoast-schema-graph\">{\"@context\":\"https:\/\/schema.org\",\"@graph\":[{\"@type\":\"WebPage\",\"@id\":\"https:\/\/e-dom.si\/o-podjetju\/\",\"url\":\"https:\/\/e-dom.si\/o-podjetju\/\",\"name\":\"O podjetju - E-dom\",\"isPartOf\":{\"@id\":\"https:\/\/e-dom.si\/#website\"},\"datePublished\":\"2023-04-30T14:52:22+00:00\",\"dateModified\":\"2023-05-08T12:48:44+00:00\",\"breadcrumb\":{\"@id\":\"https:\/\/e-dom.si\/o-podjetju\/#breadcrumb\"},\"inLanguage\":\"de-AT\",\"potentialAction\":[{\"@type\":\"ReadAction\",\"target\":[\"https:\/\/e-dom.si\/o-podjetju\/\"]}]},{\"@type\":\"BreadcrumbList\",\"@id\":\"https:\/\/e-dom.si\/o-podjetju\/#breadcrumb\",\"itemListElement\":[{\"@type\":\"ListItem\",\"position\":1,\"name\":\"Domov\",\"item\":\"https:\/\/e-dom.si\/\"},{\"@type\":\"ListItem\",\"position\":2,\"name\":\"O podjetju\"}]},{\"@type\":\"WebSite\",\"@id\":\"https:\/\/e-dom.si\/#website\",\"url\":\"https:\/\/e-dom.si\/\",\"name\":\"E-dom\",\"description\":\"Pohi\u0161tvo in gradbeni material za vsak dom.\",\"publisher\":{\"@id\":\"https:\/\/e-dom.si\/#organization\"},\"potentialAction\":[{\"@type\":\"SearchAction\",\"target\":{\"@type\":\"EntryPoint\",\"urlTemplate\":\"https:\/\/e-dom.si\/?s={search_term_string}\"},\"query-input\":{\"@type\":\"PropertyValueSpecification\",\"valueRequired\":true,\"valueName\":\"search_term_string\"}}],\"inLanguage\":\"de-AT\"},{\"@type\":\"Organization\",\"@id\":\"https:\/\/e-dom.si\/#organization\",\"name\":\"Lion-x do.o.\",\"url\":\"https:\/\/e-dom.si\/\",\"logo\":{\"@type\":\"ImageObject\",\"inLanguage\":\"de-AT\",\"@id\":\"https:\/\/e-dom.si\/#\/schema\/logo\/image\/\",\"url\":\"https:\/\/e-dom.si\/wp-content\/uploads\/2023\/03\/LOGOTIP-1-BREZ-TEXTA2.png\",\"contentUrl\":\"https:\/\/e-dom.si\/wp-content\/uploads\/2023\/03\/LOGOTIP-1-BREZ-TEXTA2.png\",\"width\":359,\"height\":359,\"caption\":\"Lion-x do.o.\"},\"image\":{\"@id\":\"https:\/\/e-dom.si\/#\/schema\/logo\/image\/\"},\"sameAs\":[\"https:\/\/www.facebook.com\/profile.php?id=100067959520584\",\"https:\/\/www.instagram.com\/e_dom.si\/\"]}]}<\/script>\n<!-- \/ Yoast SEO plugin. -->","yoast_head_json":{"title":"O podjetju - E-dom","robots":{"index":"index","follow":"follow","max-snippet":"max-snippet:-1","max-image-preview":"max-image-preview:large","max-video-preview":"max-video-preview:-1"},"canonical":"https:\/\/e-dom.si\/de\/o-podjetju\/","og_locale":"de_DE","og_type":"article","og_title":"O podjetju - E-dom","og_description":"o podjetju V E-DOM smo specializirani za prodajo gradbenega materiala in nudenje gradbenih storitev. Z izku\u0161njami in strokovnim znanjem smo osredoto\u010deni na zagotavljanje kakovosti in storitev najvi\u0161jega razreda v gradbeni\u0161tvu. Na\u0161a primarna dejavnost je prodaja \u0161iroke palete gradbenih materialov, vklju\u010dno s talnimi podlogami (laminati, vinili), ograjami (3d paneli), termoizolacijo (stiropor), hidroizolacijo, fasadami, opa\u017enimi plo\u0161\u010dami, keramiko, [&hellip;]","og_url":"https:\/\/e-dom.si\/de\/o-podjetju\/","og_site_name":"E-dom","article_publisher":"https:\/\/www.facebook.com\/profile.php?id=100067959520584","article_modified_time":"2023-05-08T12:48:44+00:00","og_image":[{"width":1200,"height":675,"url":"https:\/\/e-dom.si\/wp-content\/uploads\/2023\/03\/E-dom_logotip_1200pxx675px.png","type":"image\/png"}],"twitter_card":"summary_large_image","twitter_misc":{"Gesch\u00e4tzte Lesezeit":"1 Minute"},"schema":{"@context":"https:\/\/schema.org","@graph":[{"@type":"WebPage","@id":"https:\/\/e-dom.si\/o-podjetju\/","url":"https:\/\/e-dom.si\/o-podjetju\/","name":"O podjetju - E-dom","isPartOf":{"@id":"https:\/\/e-dom.si\/#website"},"datePublished":"2023-04-30T14:52:22+00:00","dateModified":"2023-05-08T12:48:44+00:00","breadcrumb":{"@id":"https:\/\/e-dom.si\/o-podjetju\/#breadcrumb"},"inLanguage":"de-AT","potentialAction":[{"@type":"ReadAction","target":["https:\/\/e-dom.si\/o-podjetju\/"]}]},{"@type":"BreadcrumbList","@id":"https:\/\/e-dom.si\/o-podjetju\/#breadcrumb","itemListElement":[{"@type":"ListItem","position":1,"name":"Domov","item":"https:\/\/e-dom.si\/"},{"@type":"ListItem","position":2,"name":"O podjetju"}]},{"@type":"WebSite","@id":"https:\/\/e-dom.si\/#website","url":"https:\/\/e-dom.si\/","name":"E-dom","description":"Pohi\u0161tvo in gradbeni material za vsak dom.","publisher":{"@id":"https:\/\/e-dom.si\/#organization"},"potentialAction":[{"@type":"SearchAction","target":{"@type":"EntryPoint","urlTemplate":"https:\/\/e-dom.si\/?s={search_term_string}"},"query-input":{"@type":"PropertyValueSpecification","valueRequired":true,"valueName":"search_term_string"}}],"inLanguage":"de-AT"},{"@type":"Organization","@id":"https:\/\/e-dom.si\/#organization","name":"Lion-x do.o.","url":"https:\/\/e-dom.si\/","logo":{"@type":"ImageObject","inLanguage":"de-AT","@id":"https:\/\/e-dom.si\/#\/schema\/logo\/image\/","url":"https:\/\/e-dom.si\/wp-content\/uploads\/2023\/03\/LOGOTIP-1-BREZ-TEXTA2.png","contentUrl":"https:\/\/e-dom.si\/wp-content\/uploads\/2023\/03\/LOGOTIP-1-BREZ-TEXTA2.png","width":359,"height":359,"caption":"Lion-x do.o."},"image":{"@id":"https:\/\/e-dom.si\/#\/schema\/logo\/image\/"},"sameAs":["https:\/\/www.facebook.com\/profile.php?id=100067959520584","https:\/\/www.instagram.com\/e_dom.si\/"]}]}},"_links":{"self":[{"href":"https:\/\/e-dom.si\/de\/wp-json\/wp\/v2\/pages\/3928","targetHints":{"allow":["GET"]}}],"collection":[{"href":"https:\/\/e-dom.si\/de\/wp-json\/wp\/v2\/pages"}],"about":[{"href":"https:\/\/e-dom.si\/de\/wp-json\/wp\/v2\/types\/page"}],"author":[{"embeddable":true,"href":"https:\/\/e-dom.si\/de\/wp-json\/wp\/v2\/users\/1"}],"replies":[{"embeddable":true,"href":"https:\/\/e-dom.si\/de\/wp-json\/wp\/v2\/comments?post=3928"}],"version-history":[{"count":0,"href":"https:\/\/e-dom.si\/de\/wp-json\/wp\/v2\/pages\/3928\/revisions"}],"wp:attachment":[{"href":"https:\/\/e-dom.si\/de\/wp-json\/wp\/v2\/media?parent=3928"}],"curies":[{"name":"wp","href":"https:\/\/api.w.org\/{rel}","templated":true}]}}