{"id":305,"date":"2021-05-23T18:59:15","date_gmt":"2021-05-23T16:59:15","guid":{"rendered":"https:\/\/e-dom.si\/?page_id=305"},"modified":"2024-04-22T10:04:31","modified_gmt":"2024-04-22T08:04:31","slug":"pogoji-poslovanja-spletna-trgovina","status":"publish","type":"page","link":"https:\/\/e-dom.si\/de\/pogoji-poslovanja-spletna-trgovina\/","title":{"rendered":"Pogoji poslovanja spletna trgovina"},"content":{"rendered":"<div data-elementor-type=\"wp-page\" data-elementor-id=\"305\" class=\"elementor elementor-305\" data-elementor-post-type=\"page\">\n\t\t\t\t\t\t<section class=\"elementor-section elementor-top-section elementor-element elementor-element-1c9e6da elementor-section-boxed elementor-section-height-default elementor-section-height-default\" data-id=\"1c9e6da\" data-element_type=\"section\">\n\t\t\t\t\t\t<div class=\"elementor-container elementor-column-gap-default\">\n\t\t\t\t\t<div class=\"elementor-column elementor-col-100 elementor-top-column elementor-element elementor-element-f1c3e16\" data-id=\"f1c3e16\" data-element_type=\"column\">\n\t\t\t<div class=\"elementor-widget-wrap elementor-element-populated\">\n\t\t\t\t\t\t<div class=\"elementor-element elementor-element-4009775 elementor-widget elementor-widget-text-editor\" data-id=\"4009775\" data-element_type=\"widget\" data-widget_type=\"text-editor.default\">\n\t\t\t\t<div class=\"elementor-widget-container\">\n\t\t\t\t\t\t\t\t\t<ol>\n<li><strong>Splo\u0161ne informacije<\/strong><\/li>\n<\/ol>\n<p>Dobrodo\u0161li v spletni trgovini www.e-dom.si, kjer lahko udobno kupujete 24 ur na dan. Podjetje Lion-x d. o. o. (v nadaljevanju e-dom) in kupec medsebojne obveznosti v zvezi s storitvijo e-trgovine urejata s pogoji poslovanja, navedenimi na tem mestu. E-dom naro\u010dene izdelke dostavlja kupcem na obmo\u010dju Slovenije. Podatki o izdelkih, pogojih poslovanja, spletne aplikacije in ostale informacije v spletni prodajalni www.e-dom.si\/spletnatrgovina\/ so na voljo le v slovenskem jeziku. V spletni prodajalni lahko nakupujete kot registriran uporabnik, lahko pa nakup opravite tudi brez registracije.<\/p>\n<p>Za dodatne informacije nas lahko pokli\u010dete na telefonsko \u0161tevilko +386 40 495 881 ali pi\u0161ete na elektronski naslov prodaja@e-dom.si. \u010ce na vpra\u0161anje ne bomo mogli odgovoriti takoj, vam bomo odgovor posredovali v najkraj\u0161em mo\u017enem \u010dasu.<\/p>\n<p><strong>E-dom dopu\u0161\u010da mo\u017enost napak pri objavljenih opisih ali ceni izdelkov.<\/strong><\/p>\n<ol start=\"2\">\n<li><strong>Cene v spletni trgovini<\/strong><\/li>\n<\/ol>\n<p>Cene izdelkov, ki so objavljene v spletni trgovini www.e-dom.si\/spletnatrgovina\/, so navedene v EUR in \u017ee vsebujejo davek na dodano vrednost (DDV). Veljajo do preklica oziroma do objave novih cen. Ponudba na straneh spletne trgovine velja samo za nakup preko spletne trgovine. Cene v spletni trgovini niso primerljive in niso nujno vedno enake s cenami v fizi\u010dni trgovini podjetja E-dom. Cene veljajo v trenutku oddaje naro\u010dila.<\/p>\n<ol start=\"3\">\n<li><strong>Postopek nakupa<\/strong><\/li>\n<li>Korak &#8211; Izbor in dodajanje izdelkov v nakupovalno ko\u0161arico<\/li>\n<\/ol>\n<p>Izdelek, ki ga \u017eelite kupiti, dodajte v ko\u0161arico s klikom na ustrezen gumb \u00bbV ko\u0161arico\u00ab. \u010ce ste z nakupovanjem zaklju\u010dili, kliknite na gumb \u00bbNa blagajno\u00ab. \u010ce \u017eelite v ko\u0161arico dodati \u0161e druge izdelke, kliknite na gumb \u00bbNadaljuj z nakupom\u00ab.<\/p>\n<p>V ko\u0161arico lahko dodate poljubno \u0161tevilo izdelkov. V ko\u0161arici si lahko v vsakem trenutku ogledate seznam izbranih izdelkov, spremenite koli\u010dino ali odstranite izdelek iz ko\u0161arice. Ko z dodajanjem izdelkov v ko\u0161arico zaklju\u010dite, kliknite na gumb \u00bbNaprej\u00ab.<\/p>\n<ol start=\"2\">\n<li>Korak &#8211; Registracija ali vpis uporabnika<\/li>\n<\/ol>\n<p>Ko ste v ko\u0161arico dodali vse \u017eelene izdelke, nadaljujete na naslednji korak, kjer vpi\u0161ete podatke za za\u010detek naro\u010dila. \u010ce ste \u017ee registrirani v spletno prodajalno, izberite mo\u017enost \u00bbPrijavi se\u00ab in vpi\u0161ite uporabni\u0161ko ime in geslo, ki ste ga dobili ob prijavi. \u010ce v spletno prodajalno \u0161e niste registrirani, izberite mo\u017enost \u00bbRegistriraj se kot nov uporabnik\u00ab in v polja vpi\u0161ite vse potrebne podatke za registracijo. V primeru, da \u017eelite nakup opraviti brez registracije, izberite mo\u017enost \u00bbNakup brez registracije\u00ab, kjer v polje vpi\u0161ete le va\u0161 kontaktni e-naslov. Nadaljujte na naslednji korak.<\/p>\n<ol start=\"3\">\n<li>Korak \u2013 Naslov za dostavo<\/li>\n<\/ol>\n<p>V tretjem koraku sledi vpis oziroma pregled kontaktnih podatkov za dostavo. Registrirani uporabniki spletne prodajalne v tem koraku preverite \u017ee vpisane kontaktne podatke. \u010ce ste v prej\u0161njem koraku izbrali mo\u017enost nakupa brez registracije, v tem koraku vpi\u0161ite vse zahtevane kontaktne podatke. V primeru, da \u017eelite dostavo na drug naslov, kliknite mo\u017enost \u00bbIzdelke \u017eelim prejeti na drug naslov\u00ab in vpi\u0161ite kontaktne podatke za dostavo na \u017eelen naslov. Obvezen je vnos telefonske \u0161tevilke za dostavo. Kliknite na \u00bbSprejemam pogoje nakupa\u00ab in nadaljujte na naslednji korak.<\/p>\n<ol start=\"4\">\n<li>Korak \u2013 Pla\u010dilo<\/li>\n<\/ol>\n<p>Sledi izbira na\u010dina pla\u010dila. Izbirate lahko med dvema na\u010dinoma pla\u010dila in sicer:<\/p>\n<p>&#8211; pla\u010dilo po predra\u010dunu; ob potrditvi naro\u010dila vam bomo na elektronski naslov poslali predra\u010dun. Po pla\u010danem predra\u010dunu in potrjenem naro\u010dilu, bo blago odposlano. Pred dostavo vas bo poklical dostavljalec in sporo\u010dil predvideni \u010das dostave.<\/p>\n<p>&#8211; pla\u010dilo z debetno oziroma kreditno kartico; po oddaji naro\u010dila boste avtomatsko preusmerjeni na spletno stran, kjer boste vnesli podatke o kreditni kartici ter izvedli pla\u010dilo. Po izbiri na\u010dina pla\u010dila, ki vam najbolj ustreza, kliknite na gumb \u00bbNaprej\u00ab. Ob uspe\u0161ni avtorizaciji boste preusmerjeni na 5. korak.<\/p>\n<ol start=\"5\">\n<li>Korak \u2013 Pregled naro\u010dila<\/li>\n<\/ol>\n<p>V petem koraku sledi pregled naro\u010denega. Na ekranu se prika\u017eejo naro\u010deni izdelki in podatki o pla\u010dniku ter dostavi. Po kliku na gumb \u00bbNaprej\u00ab, boste v va\u0161 e-po\u0161tni nabiralnik prejeli potrditveno e-sporo\u010dilo, v katerem kliknite na povezavo. S klikom na povezavo avtorizirate naro\u010dilo.<\/p>\n<ol start=\"6\">\n<li>Korak \u2013 Potrditev naro\u010dila<\/li>\n<\/ol>\n<p>Po avtorizaciji naro\u010dila boste v va\u0161 e-po\u0161tni nabiralnik prejeli sporo\u010dilo, da je bilo va\u0161e naro\u010dilo uspe\u0161no avtorizirano in oddano. O nadaljnjih korakih v zvezi z va\u0161im naro\u010dilom boste obve\u0161\u010deni po e-po\u0161ti.<\/p>\n<ol start=\"4\">\n<li><strong>Na\u010dini pla\u010dila<\/strong><\/li>\n<\/ol>\n<p>V spletni prodajalni www.e-dom.si\/trgovina\/ omogo\u010damo dva na\u010dina pla\u010dila, in sicer:<\/p>\n<ul>\n<li><u>Pla\u010dilo po predra\u010dunu<\/u>; Naro\u010dene izdelke iz spletne prodajalne e-dom.si lahko pla\u010date na na\u0161 transakcijski ra\u010dun SI56 0400 1004 8148 849, bodisi preko elektronskega ban\u010dni\u0161tva (KLIK, ProKlik, mBank@Net, itd.), bodisi osebno v va\u0161i najbli\u017eji ban\u010dni ali po\u0161tni poslovalnici. Ob oddaji naro\u010dila vam bomo po elektronski po\u0161ti poslali predra\u010dun, ki je osnova za pla\u010dilo. V pla\u010dilni nalog vpi\u0161ite potrebne podatke in ob prejemu pla\u010dila vam bomo naro\u010dene izdelke poslali na naveden naslov pri oddaji naro\u010dila. Rok za pla\u010dilo predra\u010duna je tri (3) delovne dni. V kolikor v tem \u010dasu ne bomo prejeli pla\u010dila na na\u0161 transakcijski ra\u010dun, bomo smatrali, da odstopate od naro\u010dila in bomo naro\u010dilo stornirali. Na ra\u010dunu bodo zara\u010dunani tudi stro\u0161ki po\u0161tnine.<\/li>\n<\/ul>\n<p>Pomo\u010d za pla\u010dila predra\u010duna (UPN)<\/p>\n<p>Pri izpolnjevanju univerzalnega pla\u010dilnega naloga (UPN) navedite naslednje podatke:<\/p>\n<p>Namen pla\u010dila: Pla\u010dilo naro\u010dila \u0161t. XXXXX (XXXXX pomeni \u0161tevilko va\u0161ega naro\u010dila)<\/p>\n<p>Naziv: LION-X D.O.O.<\/p>\n<p>Ulica: VELIKO MLA\u010cEVO 71<\/p>\n<p>Kraj: 1290 GROSUPLJE<\/p>\n<p>\u0160tevilka ra\u010duna: SI56 0202 2026 3835 886<\/p>\n<p>Sklic: SI00 XXXXX (XXXXX pomeni \u0161tevilko va\u0161ega naro\u010dila)<\/p>\n<ul>\n<li><u>Pla\u010dilo z debetno oziroma kreditno kartico<\/u>; Pla\u010dilo v spletni trgovini lahko opravite z naslednjimi pla\u010dilnimi karticami: Visa in Eurocard. Online pla\u010dila se izvr\u0161ijo preko pla\u010dilnega sistema Bankart&nbsp; (varni spletni pla\u010dilni sistem banke Nova KBM). Po kon\u010danem postopku naro\u010danja boste preusmerjeni na spletne strani, ki jih upravljata procesni center Bankart in banka, s katero imamo sklenjeno pogodbo o sprejemu pla\u010dilnih kartic. Bremenitev ra\u010duna va\u0161e kreditne kartice se izvr\u0161i z odpremo blaga.<\/li>\n<\/ul>\n<ol start=\"5\">\n<li><strong>Dostava<\/strong><\/li>\n<\/ol>\n<p>Izdelki, ki so na zalogi, bodo dostavljeni v roku od tri (3) do pet (5) delovnih dni, od dneva va\u0161ega naro\u010dila oziroma v primeru nakupa s pla\u010dilom po predra\u010dunu v roku od tri (3) do pet (5) delovnih dni po prejemu pla\u010dila.<\/p>\n<p>Naro\u010dene izdelke vam bo na obmo\u010dju Slovenije dostavila Po\u0161ta Slovenije.&nbsp; Za zamude dobav zaradi ne-a\u017eurnosti prevoznikov ne odgovarjamo. Mo\u017een je tudi osebni prevzem blaga v razstavno-prodajnem salonu E-dom \u0160entjur, Drofenikova ulica 7.<\/p>\n<p>Lahko se zgodi, da zaloge posameznih izdelkov poidejo in niso ve\u010d na voljo. Kadar vam naro\u010denega izdelka ne moremo zagotoviti, si pridr\u017eujemo pravico, da od naro\u010dila odstopimo. O odstopu od naro\u010dila vas bomo pravo\u010dasno pisno ali ustno obvestili.<\/p>\n<ol start=\"6\">\n<li><strong>Identifikacija strank ob prevzemu blaga<\/strong><\/li>\n<\/ol>\n<p>Dostavljavec oziroma od njega poobla\u0161\u010dena dostavna slu\u017eba, si pridr\u017euje pravico, da na primeren na\u010din preveri istovetnost prevzemnika blaga (vpogled v osebne ali druge dokumente), saj s tem zagotovimo, da bo naro\u010deno blago izro\u010deno pravemu naro\u010dniku.<\/p>\n<ol start=\"7\">\n<li><strong>Menjave in reklamacije<\/strong><\/li>\n<\/ol>\n<p>V primeru, da kupljen izdelek ni izpolnil va\u0161ih pri\u010dakovanj, ga lahko vrnete pod pogoji, ki so navedeni v nadaljevanju.<\/p>\n<p><strong>Zamenjava izdelka<\/strong><\/p>\n<p>Na\u0161a \u017eelja je, da v spletni trgovini e-dom.si nakupujete udobno, varno in brez skrbi. Razumemo, da pri spletnem nakupu izdelka niste imeli v rokah, zato vam omogo\u010damo, da v roku 14 dni izdelek preprosto vrnete in zamenjate, brez vpra\u0161anj.<\/p>\n<p>Postopek zamenjave je preprost. Izdelek lahko zamenjate v roku 14 dni od prevzema. Izdelek, ki ga imate doma, zapakirajte v paket in ga po\u0161ljite na na\u0161 naslov Lion-x d.o.o., Drofenikova ulica 7, 3230 \u0160entjur. Paketu prilo\u017eite fotokopijo ra\u010duna. Pomembno je, da na <a href=\"https:\/\/www.kemoplast.si\/spletnatrgovina\/media\/uploads\/Obrazci\/Obrazec%20za%20vracilo-zamenjavo%20blaga.pdf\">obrazec za menjavo ali vra\u010dilo<\/a>&nbsp;poleg svojih podatkov vpi\u0161ete, kateri drug izdelek \u017eelite. Naro\u010den izdelek vam bomo poslali v najkraj\u0161em mo\u017enem \u010dasu. Izdelek, ki ga vra\u010date, mora biti nepo\u0161kodovan, zapakiran v originalno embala\u017eo, v nespremenjeni obliki in koli\u010dini ter brez sledi uporabe. Stro\u0161ek po\u0161iljanja vrnjenega blaga krije po\u0161iljatelj. Po\u0161iljk z odkupnino ne sprejemamo.<\/p>\n<p><strong>Reklamacija izdelka<\/strong><\/p>\n<p>V primeru reklamacije izdelka iz naslova stvarne napake vas prosimo, da izdelke vrnete v originalni embala\u017ei in opi\u0161ete napako, ki ste jo zaznali na izdelku. Paketu prilo\u017eite tudi fotokopijo ra\u010duna. Vrnjen izdelek bomo predali v reklamacijsko slu\u017ebo, ki bo ocenila upravi\u010denost reklamacije. O rezultatu postopka in nadaljnjih korakih vas bomo obvestili v roku 8 dni po prejemu reklamacije. E-dom ne odgovarja za napake in morebitno nastalo \u0161kodo, ki nastane ob nepravilni uporabi in vzdr\u017eevanju izdelka.<\/p>\n<p>Pri vra\u010dilu izdelkov ne pozabite prilo\u017eiti fotokopije ra\u010duna.<\/p>\n<p>Izdelke vrnite na naslov:<\/p>\n<p>LION-X D.O.O.<\/p>\n<p>VELIKO MLA\u010cEVO 71<\/p>\n<p>1290 GROSUPLJE \u2013 S pripisom spletna trgovina<\/p>\n<p>Stro\u0161ek po\u0161iljanja vrnjenega blaga krije po\u0161iljatelj. Po\u0161iljk z odkupnino ne sprejemamo.<\/p>\n<p>Za vse dodatne informacije smo vam na voljo po elektronski po\u0161ti info@e-dom.si in info@e-dom.si ali pa na telefonski \u0161tevilki 068 616 457.<\/p>\n<ol start=\"8\">\n<li>Pravica do odstopa od pogodbe<\/li>\n<\/ol>\n<p>Na\u0161a \u017eelja je, da v spletni prodajalni e-dom.si nakupujete udobno, varno in brez skrbi.<\/p>\n<p>V roku 14 dni od prevzema naro\u010denega blaga imate pravico odstopiti od pogodbe, brez navedbe razloga za svojo odlo\u010ditev (43. \u010dlen ZVPOT).<\/p>\n<p>V predpisanem roku nam po elektronski po\u0161ti info@e-dom.si ali na telefonsko \u0161tevilko 03\/746 42 37 sporo\u010dite, da odstopate od pogodbe. Po va\u0161i najavi odstopa od pogodbe za\u010dne te\u010di 30 dnevni rok, v katerem morate izdelek vrniti. Paketu, ki ga vra\u010date prilo\u017eite fotokopijo ra\u010duna. Pomembno je, da poleg svojih podatkov vpi\u0161ete tudi \u0161tevilko svojega teko\u010dega ra\u010duna, na katerega bomo v roku 5 delovnih dni po prejemu vrnjenih izdelkov nakazali kupnino. Stro\u0161ek po\u0161iljanja vrnjenega blaga krije po\u0161iljatelj. Po\u0161iljk z odkupnino ne sprejemamo.<\/p>\n<p>Pri vra\u010dilu izdelkov ne pozabite prilo\u017eiti fotokopije ra\u010duna.<\/p>\n<p>Izdelke vrnite na naslov:<\/p>\n<p>LION-X D.O.O.<\/p>\n<p>VELIKO MLA\u010cEVO 71<\/p>\n<p>1290 GROSUPLJE &#8211;&nbsp; S pripisom spletna trgovina<\/p>\n<p>Za vse dodatne informacije smo vam na voljo po elektronski po\u0161ti info@e-dom.si ali pa na telefonski \u0161tevilki 068 616 457. Odstop od pogodbe kupca, ki je pravna oseba, se presoja po dolo\u010dbah Obligacijskega zakonika.<\/p>\n<ol start=\"9\">\n<li>Pogodba o nakupu<\/li>\n<\/ol>\n<p>Pogodba o nakupu se hrani na sede\u017eu podjetja E-dom in jo lahko prejmete na pisno zahtevo. Svojo zahtevo sporo\u010dite na naslov: Lion-x d.o.o., VELIKO MLA\u010cEVO 71, 1290 GROSUPLJE ali na e-naslov info@e-dom.si. Sklenjena pogodba bo shranjena v podjetju \u0161est (6) mesecev po sklenitvi. Dostop do pogodbe je mo\u017een v zgoraj navedenem \u010dasovnem obdobju.<\/p>\n<ol start=\"10\">\n<li>Re\u0161evanje potro\u0161ni\u0161kih sporov<\/li>\n<\/ol>\n<p>V skladu z 32. \u010dlenom Zakona o izvensodnem re\u0161evanju potro\u0161ni\u0161kih sporov (ZIsRPS) E-dom potro\u0161nike obve\u0161\u010da, da trenutno ne priznava nobenega izvajalca IRPS, kot pristojnega za re\u0161evanje potro\u0161ni\u0161kega spora.<\/p>\n<p>V skladu s 4. odstavkom istega \u010dlena E-dom objavlja povezavo na platformo za SRPS.<\/p>\n<ol start=\"11\">\n<li>Vklopi razum, zahtevaj ra\u010dun!<\/li>\n<\/ol>\n<p>Prodajalec mora za dobavo blaga ali storitev izdati ra\u010dun in ga izro\u010diti kupcu. Kupec mora prevzeti ra\u010dun in ga zadr\u017eati neposredno po odhodu iz poslovnega prostora.<\/p>\n<p>Ra\u010dun boste prejeli skupaj z izdelkom v fizi\u010dni obliki.<\/p>\n<p>Vklopi razum, zahtevaj ra\u010dun<\/p>\n<ol start=\"12\">\n<li>Razprodani izdelki<\/li>\n<\/ol>\n<p>V posameznih primerih se lahko zgodi, da vam katerega od naro\u010denih izdelkov ne moremo poslati, ker je razprodan, zato vas prosimo za razumevanje. Verjamemo, da boste v na\u0161i bogati ponudbi na\u0161li podoben izdelek, s katerim boste prav tako zadovoljni.<\/p>\t\t\t\t\t\t\t\t<\/div>\n\t\t\t\t<\/div>\n\t\t\t\t\t<\/div>\n\t\t<\/div>\n\t\t\t\t\t<\/div>\n\t\t<\/section>\n\t\t\t\t<\/div>","protected":false},"excerpt":{"rendered":"<p>Splo\u0161ne informacije Dobrodo\u0161li v spletni trgovini www.e-dom.si, kjer lahko udobno kupujete 24 ur na dan. Podjetje Lion-x d. o. o. (v nadaljevanju e-dom) in kupec medsebojne obveznosti v zvezi s storitvijo e-trgovine urejata s pogoji poslovanja, navedenimi na tem mestu. E-dom naro\u010dene izdelke dostavlja kupcem na obmo\u010dju Slovenije. Podatki o izdelkih, pogojih poslovanja, spletne aplikacije [&hellip;]<\/p>","protected":false},"author":1,"featured_media":0,"parent":0,"menu_order":0,"comment_status":"closed","ping_status":"closed","template":"","meta":{"inline_featured_image":false,"footnotes":""},"class_list":["post-305","page","type-page","status-publish","hentry"],"yoast_head":"<!-- This site is optimized with the Yoast SEO plugin v25.5 - https:\/\/yoast.com\/wordpress\/plugins\/seo\/ -->\n<title>Pogoji poslovanja spletna trgovina - E-dom<\/title>\n<meta name=\"robots\" content=\"index, follow, max-snippet:-1, max-image-preview:large, max-video-preview:-1\" \/>\n<link rel=\"canonical\" href=\"https:\/\/e-dom.si\/de\/pogoji-poslovanja-spletna-trgovina\/\" \/>\n<meta property=\"og:locale\" content=\"de_DE\" \/>\n<meta property=\"og:type\" content=\"article\" \/>\n<meta property=\"og:title\" content=\"Pogoji poslovanja spletna trgovina - E-dom\" \/>\n<meta property=\"og:description\" content=\"Splo\u0161ne informacije Dobrodo\u0161li v spletni trgovini www.e-dom.si, kjer lahko udobno kupujete 24 ur na dan. Podjetje Lion-x d. o. o. (v nadaljevanju e-dom) in kupec medsebojne obveznosti v zvezi s storitvijo e-trgovine urejata s pogoji poslovanja, navedenimi na tem mestu. E-dom naro\u010dene izdelke dostavlja kupcem na obmo\u010dju Slovenije. Podatki o izdelkih, pogojih poslovanja, spletne aplikacije [&hellip;]\" \/>\n<meta property=\"og:url\" content=\"https:\/\/e-dom.si\/de\/pogoji-poslovanja-spletna-trgovina\/\" \/>\n<meta property=\"og:site_name\" content=\"E-dom\" \/>\n<meta property=\"article:publisher\" content=\"https:\/\/www.facebook.com\/profile.php?id=100067959520584\" \/>\n<meta property=\"article:modified_time\" content=\"2024-04-22T08:04:31+00:00\" \/>\n<meta property=\"og:image\" content=\"https:\/\/e-dom.si\/wp-content\/uploads\/2023\/03\/E-dom_logotip_1200pxx675px.png\" \/>\n\t<meta property=\"og:image:width\" content=\"1200\" \/>\n\t<meta property=\"og:image:height\" content=\"675\" \/>\n\t<meta property=\"og:image:type\" content=\"image\/png\" \/>\n<meta name=\"twitter:card\" content=\"summary_large_image\" \/>\n<meta name=\"twitter:label1\" content=\"Gesch\u00e4tzte Lesezeit\" \/>\n\t<meta name=\"twitter:data1\" content=\"10 Minuten\" \/>\n<script type=\"application\/ld+json\" class=\"yoast-schema-graph\">{\"@context\":\"https:\/\/schema.org\",\"@graph\":[{\"@type\":\"WebPage\",\"@id\":\"https:\/\/e-dom.si\/pogoji-poslovanja-spletna-trgovina\/\",\"url\":\"https:\/\/e-dom.si\/pogoji-poslovanja-spletna-trgovina\/\",\"name\":\"Pogoji poslovanja spletna trgovina - E-dom\",\"isPartOf\":{\"@id\":\"https:\/\/e-dom.si\/#website\"},\"datePublished\":\"2021-05-23T16:59:15+00:00\",\"dateModified\":\"2024-04-22T08:04:31+00:00\",\"breadcrumb\":{\"@id\":\"https:\/\/e-dom.si\/pogoji-poslovanja-spletna-trgovina\/#breadcrumb\"},\"inLanguage\":\"de-AT\",\"potentialAction\":[{\"@type\":\"ReadAction\",\"target\":[\"https:\/\/e-dom.si\/pogoji-poslovanja-spletna-trgovina\/\"]}]},{\"@type\":\"BreadcrumbList\",\"@id\":\"https:\/\/e-dom.si\/pogoji-poslovanja-spletna-trgovina\/#breadcrumb\",\"itemListElement\":[{\"@type\":\"ListItem\",\"position\":1,\"name\":\"Domov\",\"item\":\"https:\/\/e-dom.si\/\"},{\"@type\":\"ListItem\",\"position\":2,\"name\":\"Pogoji poslovanja spletna trgovina\"}]},{\"@type\":\"WebSite\",\"@id\":\"https:\/\/e-dom.si\/#website\",\"url\":\"https:\/\/e-dom.si\/\",\"name\":\"E-dom\",\"description\":\"Pohi\u0161tvo in gradbeni material za vsak dom.\",\"publisher\":{\"@id\":\"https:\/\/e-dom.si\/#organization\"},\"potentialAction\":[{\"@type\":\"SearchAction\",\"target\":{\"@type\":\"EntryPoint\",\"urlTemplate\":\"https:\/\/e-dom.si\/?s={search_term_string}\"},\"query-input\":{\"@type\":\"PropertyValueSpecification\",\"valueRequired\":true,\"valueName\":\"search_term_string\"}}],\"inLanguage\":\"de-AT\"},{\"@type\":\"Organization\",\"@id\":\"https:\/\/e-dom.si\/#organization\",\"name\":\"Lion-x do.o.\",\"url\":\"https:\/\/e-dom.si\/\",\"logo\":{\"@type\":\"ImageObject\",\"inLanguage\":\"de-AT\",\"@id\":\"https:\/\/e-dom.si\/#\/schema\/logo\/image\/\",\"url\":\"https:\/\/e-dom.si\/wp-content\/uploads\/2023\/03\/LOGOTIP-1-BREZ-TEXTA2.png\",\"contentUrl\":\"https:\/\/e-dom.si\/wp-content\/uploads\/2023\/03\/LOGOTIP-1-BREZ-TEXTA2.png\",\"width\":359,\"height\":359,\"caption\":\"Lion-x do.o.\"},\"image\":{\"@id\":\"https:\/\/e-dom.si\/#\/schema\/logo\/image\/\"},\"sameAs\":[\"https:\/\/www.facebook.com\/profile.php?id=100067959520584\",\"https:\/\/www.instagram.com\/e_dom.si\/\"]}]}<\/script>\n<!-- \/ Yoast SEO plugin. -->","yoast_head_json":{"title":"Pogoji poslovanja spletna trgovina - E-dom","robots":{"index":"index","follow":"follow","max-snippet":"max-snippet:-1","max-image-preview":"max-image-preview:large","max-video-preview":"max-video-preview:-1"},"canonical":"https:\/\/e-dom.si\/de\/pogoji-poslovanja-spletna-trgovina\/","og_locale":"de_DE","og_type":"article","og_title":"Pogoji poslovanja spletna trgovina - E-dom","og_description":"Splo\u0161ne informacije Dobrodo\u0161li v spletni trgovini www.e-dom.si, kjer lahko udobno kupujete 24 ur na dan. Podjetje Lion-x d. o. o. (v nadaljevanju e-dom) in kupec medsebojne obveznosti v zvezi s storitvijo e-trgovine urejata s pogoji poslovanja, navedenimi na tem mestu. E-dom naro\u010dene izdelke dostavlja kupcem na obmo\u010dju Slovenije. Podatki o izdelkih, pogojih poslovanja, spletne aplikacije [&hellip;]","og_url":"https:\/\/e-dom.si\/de\/pogoji-poslovanja-spletna-trgovina\/","og_site_name":"E-dom","article_publisher":"https:\/\/www.facebook.com\/profile.php?id=100067959520584","article_modified_time":"2024-04-22T08:04:31+00:00","og_image":[{"width":1200,"height":675,"url":"https:\/\/e-dom.si\/wp-content\/uploads\/2023\/03\/E-dom_logotip_1200pxx675px.png","type":"image\/png"}],"twitter_card":"summary_large_image","twitter_misc":{"Gesch\u00e4tzte Lesezeit":"10 Minuten"},"schema":{"@context":"https:\/\/schema.org","@graph":[{"@type":"WebPage","@id":"https:\/\/e-dom.si\/pogoji-poslovanja-spletna-trgovina\/","url":"https:\/\/e-dom.si\/pogoji-poslovanja-spletna-trgovina\/","name":"Pogoji poslovanja spletna trgovina - E-dom","isPartOf":{"@id":"https:\/\/e-dom.si\/#website"},"datePublished":"2021-05-23T16:59:15+00:00","dateModified":"2024-04-22T08:04:31+00:00","breadcrumb":{"@id":"https:\/\/e-dom.si\/pogoji-poslovanja-spletna-trgovina\/#breadcrumb"},"inLanguage":"de-AT","potentialAction":[{"@type":"ReadAction","target":["https:\/\/e-dom.si\/pogoji-poslovanja-spletna-trgovina\/"]}]},{"@type":"BreadcrumbList","@id":"https:\/\/e-dom.si\/pogoji-poslovanja-spletna-trgovina\/#breadcrumb","itemListElement":[{"@type":"ListItem","position":1,"name":"Domov","item":"https:\/\/e-dom.si\/"},{"@type":"ListItem","position":2,"name":"Pogoji poslovanja spletna trgovina"}]},{"@type":"WebSite","@id":"https:\/\/e-dom.si\/#website","url":"https:\/\/e-dom.si\/","name":"E-dom","description":"Pohi\u0161tvo in gradbeni material za vsak dom.","publisher":{"@id":"https:\/\/e-dom.si\/#organization"},"potentialAction":[{"@type":"SearchAction","target":{"@type":"EntryPoint","urlTemplate":"https:\/\/e-dom.si\/?s={search_term_string}"},"query-input":{"@type":"PropertyValueSpecification","valueRequired":true,"valueName":"search_term_string"}}],"inLanguage":"de-AT"},{"@type":"Organization","@id":"https:\/\/e-dom.si\/#organization","name":"Lion-x do.o.","url":"https:\/\/e-dom.si\/","logo":{"@type":"ImageObject","inLanguage":"de-AT","@id":"https:\/\/e-dom.si\/#\/schema\/logo\/image\/","url":"https:\/\/e-dom.si\/wp-content\/uploads\/2023\/03\/LOGOTIP-1-BREZ-TEXTA2.png","contentUrl":"https:\/\/e-dom.si\/wp-content\/uploads\/2023\/03\/LOGOTIP-1-BREZ-TEXTA2.png","width":359,"height":359,"caption":"Lion-x do.o."},"image":{"@id":"https:\/\/e-dom.si\/#\/schema\/logo\/image\/"},"sameAs":["https:\/\/www.facebook.com\/profile.php?id=100067959520584","https:\/\/www.instagram.com\/e_dom.si\/"]}]}},"_links":{"self":[{"href":"https:\/\/e-dom.si\/de\/wp-json\/wp\/v2\/pages\/305","targetHints":{"allow":["GET"]}}],"collection":[{"href":"https:\/\/e-dom.si\/de\/wp-json\/wp\/v2\/pages"}],"about":[{"href":"https:\/\/e-dom.si\/de\/wp-json\/wp\/v2\/types\/page"}],"author":[{"embeddable":true,"href":"https:\/\/e-dom.si\/de\/wp-json\/wp\/v2\/users\/1"}],"replies":[{"embeddable":true,"href":"https:\/\/e-dom.si\/de\/wp-json\/wp\/v2\/comments?post=305"}],"version-history":[{"count":0,"href":"https:\/\/e-dom.si\/de\/wp-json\/wp\/v2\/pages\/305\/revisions"}],"wp:attachment":[{"href":"https:\/\/e-dom.si\/de\/wp-json\/wp\/v2\/media?parent=305"}],"curies":[{"name":"wp","href":"https:\/\/api.w.org\/{rel}","templated":true}]}}