{"id":283,"date":"2021-05-23T18:25:22","date_gmt":"2021-05-23T16:25:22","guid":{"rendered":"https:\/\/e-dom.si\/?page_id=283"},"modified":"2023-02-26T15:16:28","modified_gmt":"2023-02-26T14:16:28","slug":"pogoji-poslovanja","status":"publish","type":"page","link":"https:\/\/e-dom.si\/de\/pogoji-poslovanja\/","title":{"rendered":"Pogoji poslovanja"},"content":{"rendered":"<div data-elementor-type=\"wp-page\" data-elementor-id=\"283\" class=\"elementor elementor-283\" data-elementor-post-type=\"page\">\n\t\t\t\t\t\t<section class=\"elementor-section elementor-top-section elementor-element elementor-element-6991869 elementor-section-boxed elementor-section-height-default elementor-section-height-default\" data-id=\"6991869\" data-element_type=\"section\">\n\t\t\t\t\t\t<div class=\"elementor-container elementor-column-gap-default\">\n\t\t\t\t\t<div class=\"elementor-column elementor-col-100 elementor-top-column elementor-element elementor-element-a528c53\" data-id=\"a528c53\" data-element_type=\"column\">\n\t\t\t<div class=\"elementor-widget-wrap elementor-element-populated\">\n\t\t\t\t\t\t<div class=\"elementor-element elementor-element-4bb8530 elementor-widget elementor-widget-text-editor\" data-id=\"4bb8530\" data-element_type=\"widget\" data-widget_type=\"text-editor.default\">\n\t\t\t\t<div class=\"elementor-widget-container\">\n\t\t\t\t\t\t\t\t\t<p><strong><u>POGOJI POSLOVANJA<\/u><\/strong><\/p><ol><li>Splo\u0161ni pogoji uporabe spletnega mesta<\/li><\/ol><p>Spletno mesto je za namen tega obvestila pojem, ki zajema vse spletne strani na naslovu www.e-dom.si.<\/p><p><strong>Vsebina spletnega mesta<\/strong><\/p><p>Podjetje Lion-x d. o. o. se obvezuje, da bo storil vse, kar je v njegovi mo\u010di, da bodo podatki na spletnem mestu resni\u010dni, zanesljivi in kakovostni. S tem pa ne odgovarja za morebitne tipkarske napake in za zamude ter pomanjkljivosti pri vna\u0161anju podatkov.<\/p><p><strong>Za\u0161\u010dita avtorskih pravic<\/strong><\/p><p>To spletno mesto je izklju\u010dna last podjetja Lion-x d. o. o., zato je prepovedana kakr\u0161nakoli zloraba podatkov, fotografij, besedil in drugih podatkov, ki so del tega spletnega mesta. Prepovedano je kakr\u0161nokoli kopiranje, distribucija ali druga uporaba vseh zgoraj navedenih podatkov brez predhodne vednosti in dovoljenja podjetja Lion-x d. o. o..<\/p><p><strong>Sprememba pogojev<\/strong><\/p><p>Podjetje Lion-x d. o. o. si pridr\u017euje pravico do spremembe splo\u0161nih pogojev, brez predhodnega opozorila. Spremembe za\u010dnejo veljati takoj, ko so objavljene. Zaradi teh pravic si ob vsakem obisku na\u0161ega spletnega mesta pozorno preberite splo\u0161ne pogoje uporabe, pogoje poslovanja za e-trgovino in politiko varovanja osebnih podatkov v e-trgovini.<\/p><p><strong>Pristojno sodi\u0161\u010de<\/strong><\/p><p>Za razlago in vsa pravna vpra\u0161anja v zvezi z uporabo materialov, ki so objavljeni na teh spletnih straneh, se uporablja izklju\u010dno slovensko pravo. Za zahtevke in spore v zvezi z uporabo omenjenih materialov je pristojno sodi\u0161\u010de v Ljubljani.<\/p><p><strong>Zaklju\u010dek<\/strong><\/p><p>Z vstopom na spletno stran www.e-dom.si sogla\u0161ate, da ste seznanjeni in se strinjate z vsemi zgoraj navedenimi pogoji. \u017delimo vam prijetno nakupovanje.<\/p><ol start=\"2\"><li>Politika Varovanja osebnih podatkov<\/li><\/ol><p><u>Politika varovanja osebnih podatkov na kratko.<\/u><\/p><p>Nikoli ne bomo zlorabljali va\u0161ih osebnih podatkov na kakr\u0161enkoli na\u010din. Nekateri razdelki spletnega mesta zahtevajo registracijo z osebnimi podatki. Podjetje Lion-x d. o. o. jam\u010di, da bo osebne podatke varoval kot zaupne. Va\u0161ih kontaktnih in osebnih podatkov ne bomo nikoli posredovali tretji stranki, razen \u010de tako zahteva zakon.<\/p><p><u>Politika varovanja osebnih podatkov podrobneje.<\/u><\/p><p>Izjava podjetja Lion-x d. o. o. o politiki varovanja osebnih podatkov<\/p><p>Varovanje osebnih podatkov na\u0161ih uporabnikov je pomembna skrb na\u0161ega podjetja. Vsi va\u0161i osebni podatki, ki nam jih boste posredovali ob prijavi v spletno trgovino e-dom.si, bodo varovani v skladu z Zakonom o varstvu osebnih podatkov (UL RS 86\/2004 s spremembami).<\/p><p>Vse spletne aktivnosti podjetja Lion-x d. o. o. so v skladu z Evropsko zakonodajo (EU Directive 95\/46\/EC, 2002\/58\/EC in Treaty Conventions ETS 108, ETS 181, ETS 185, ETS 189) in dr\u017eavnimi zakonodajami Centralne in Vzhodne Evrope. Politika zasebnosti obravnava ravnanje z informacijami podjetja Lion-x d. o. o., ki jih dobi o vas, kadar obi\u0161\u010dete na\u0161o spletno stran.<\/p><p><u>Zbiranje in obdelovanje osebnih podatkov<\/u><\/p><p>Osebni podatek je informacija, ki vas identificira (npr. ime, priimek, elektronski naslov ali po\u0161tni naslov). Osebnih podatkov ne zbiramo, razen kadar vi to omogo\u010dite, tj. ob registraciji, nakupu ali sodelovanju v spletnih raziskavah ali spletnih nagradnih igrah. Lion-x d. o. o. jam\u010di, da bo osebne podatke varoval kot zaupne.<\/p><p><u>Uporaba in \u0161irjenje osebnih podatkov<\/u><\/p><p>Podjetje Lion-x d. o. o. bo uporabilo va\u0161e osebne podatke zaradi tehni\u010dnih razlogov administracije na spletnem mestu, da vam zagotovi dostop do posebnih informacij ali za splo\u0161no komuniciranje z vami. Podjetje Lion-x d. o. o. ne bo posredovalo va\u0161ih osebnih podatkov tretji stranki ali jih kakor koli tr\u017eilo drugje. Zaposleni v podjetju Lion-x d. o. o. so po dol\u017enosti zavezani k spo\u0161tovanju va\u0161ih zaupnih podatkov in obvezani po sporazumu o zaupnosti.<\/p><p>Podjetje Lion-x d. o. o. osebne podatke, ki jih pridobi od uporabnikov, obdeluje za namene neposrednega tr\u017eenja storitev, produktov ali ostalih aktivnosti podjetja. Neposredno tr\u017eenje pomeni uporabo osebnih podatkov posameznika za namene ponujanja izdelkov, statisti\u010dne obdelave, segmentacije kupcev, obdelave preteklega nakupnega obna\u0161anja, obve\u0161\u010danja o novostih, po\u0161iljanja ponudb, reklamnega gradiva in vabil na dogodke.<\/p><p><u>Svoboda izbire<\/u><\/p><p>Osebne podatke, ki jih posredujete podjetju Lion-x d. o. o. nadzorujete vi. \u010ce se odlo\u010dite, da va\u0161ih podatkov ne boste posredovali podjetju Lion-x d. o. o., potem do nekaterih spletnih strani spletnega mesta ne boste imeli dostopa.<\/p><p>\u010ce se spremenijo va\u0161i osebni podatki (po\u0161tna \u0161tevilka, e-naslov, po\u0161tni naslov, telefonska \u0161tevilka), vas prosimo, da nas o spremembah obvestite na e-naslov info@e-dom.si.<\/p><p><u>Avtomati\u010dno bele\u017eenje informacij (neosebni podatki)<\/u><\/p><p>Kadar koli dostopate na spletno stran podjetja Lion-x d. o. o., se splo\u0161ni, neosebni podatki (uporabniki spletnega iskalnika, \u0161tevilo obiskov, povpre\u010den \u010das obiska na spletnem mestu, obiskane strani) avtomati\u010dno bele\u017eijo (ne kot del prijave). Te informacije uporabljamo za merjenje obiskanosti na\u0161ega spletnega mesta in izbolj\u0161evanje vsebin in uporabnosti. Va\u0161i podatki niso predmet nadaljnje obravnave in niso posredovani tretji stranki.<\/p><p><u>Pi\u0161kotki<\/u><\/p><p>Pi\u0161kotki so neopazni dokumenti, ki so za\u010dasno shranjeni na va\u0161em trdem disku in onemogo\u010dajo na\u0161im stranem prepoznavanje va\u0161ega ra\u010dunalnika, ko naslednji\u010d obi\u0161\u010dete spletno mesto podjetja Lion-x d. o. o.. Podjetje Lion-x d. o. o. uporablja pi\u0161kotke le za zbiranje informacij, ki zadevajo uporabo na\u0161ega spletnega mesta.<\/p><p><u>Varnost<\/u><\/p><p>Podjetje Lion-x d. o. o. si mo\u010dno prizadeva za zagotovitev varnosti osebnih podatkov. Va\u0161i podatki so ves \u010das za\u0161\u010diteni pred izgubo, uni\u010denjem, ponarejanjem, manipuliranjem in neavtoriziranim dostopom ali neavtoriziranim odkritjem.<\/p><p><u>Mladoletne osebe<\/u><\/p><p>Podjetje Lion-x d. o. o. mo\u010dno priporo\u010da vsem star\u0161em in skrbnikom, da nau\u010dijo svoje otroke varnega in odgovornega ravnanja z osebnimi podatki na medmre\u017eju. Mladoletne osebe ne bi smele prena\u0161ati kakr\u0161nih koli osebnih podatkov na spletne strani podjetja Lion-x d. o. o. brez dovoljenja star\u0161ev ali skrbnikov. Podjetje Lion-x d. o. o. ne bo nikoli zavestno zbiralo osebnih podatkov od mladoletnih oseb ali jih kakor koli uporabilo ali jih razkrilo tretji stranki brez njihovega dovoljenja.<\/p><p><u>Povezave do drugih spletnih strani<\/u><\/p><p>Izjava o varovanju osebnih podatkov se nana\u0161a na spletno mesto podjetja, ki ga ima podjetje Lion-x d. o. o.. Spletne strani na tem spletnem mestu lahko vsebujejo povezave do drugih oskrbovalcev znotraj in izven podjetje Lion-x d. o. o., za katere ta izjava o varovanju osebnih podatkov ne velja. Ko zapu\u0161\u010date spletno mesto podjetja Lion-x d. o. o., si zato vnovi\u010d preberite izjave o varovanju osebnih podatkov vsake spletne strani, ki zbira osebne identifikacijske podatke.<\/p>\t\t\t\t\t\t\t\t<\/div>\n\t\t\t\t<\/div>\n\t\t\t\t\t<\/div>\n\t\t<\/div>\n\t\t\t\t\t<\/div>\n\t\t<\/section>\n\t\t\t\t<\/div>","protected":false},"excerpt":{"rendered":"<p>POGOJI POSLOVANJA Splo\u0161ni pogoji uporabe spletnega mesta Spletno mesto je za namen tega obvestila pojem, ki zajema vse spletne strani na naslovu www.e-dom.si. Vsebina spletnega mesta Podjetje Lion-x d. o. o. se obvezuje, da bo storil vse, kar je v njegovi mo\u010di, da bodo podatki na spletnem mestu resni\u010dni, zanesljivi in kakovostni. S tem pa [&hellip;]<\/p>","protected":false},"author":1,"featured_media":0,"parent":0,"menu_order":0,"comment_status":"closed","ping_status":"closed","template":"","meta":{"inline_featured_image":false,"footnotes":""},"class_list":["post-283","page","type-page","status-publish","hentry"],"yoast_head":"<!-- This site is optimized with the Yoast SEO plugin v25.5 - https:\/\/yoast.com\/wordpress\/plugins\/seo\/ -->\n<title>Pogoji poslovanja - E-dom<\/title>\n<meta name=\"robots\" content=\"index, follow, max-snippet:-1, max-image-preview:large, max-video-preview:-1\" \/>\n<link rel=\"canonical\" href=\"https:\/\/e-dom.si\/de\/pogoji-poslovanja\/\" \/>\n<meta property=\"og:locale\" content=\"de_DE\" \/>\n<meta property=\"og:type\" content=\"article\" \/>\n<meta property=\"og:title\" content=\"Pogoji poslovanja - E-dom\" \/>\n<meta property=\"og:description\" content=\"POGOJI POSLOVANJA Splo\u0161ni pogoji uporabe spletnega mesta Spletno mesto je za namen tega obvestila pojem, ki zajema vse spletne strani na naslovu www.e-dom.si. Vsebina spletnega mesta Podjetje Lion-x d. o. o. se obvezuje, da bo storil vse, kar je v njegovi mo\u010di, da bodo podatki na spletnem mestu resni\u010dni, zanesljivi in kakovostni. S tem pa [&hellip;]\" \/>\n<meta property=\"og:url\" content=\"https:\/\/e-dom.si\/de\/pogoji-poslovanja\/\" \/>\n<meta property=\"og:site_name\" content=\"E-dom\" \/>\n<meta property=\"article:publisher\" content=\"https:\/\/www.facebook.com\/profile.php?id=100067959520584\" \/>\n<meta property=\"article:modified_time\" content=\"2023-02-26T14:16:28+00:00\" \/>\n<meta property=\"og:image\" content=\"https:\/\/e-dom.si\/wp-content\/uploads\/2023\/03\/E-dom_logotip_1200pxx675px.png\" \/>\n\t<meta property=\"og:image:width\" content=\"1200\" \/>\n\t<meta property=\"og:image:height\" content=\"675\" \/>\n\t<meta property=\"og:image:type\" content=\"image\/png\" \/>\n<meta name=\"twitter:card\" content=\"summary_large_image\" \/>\n<meta name=\"twitter:label1\" content=\"Gesch\u00e4tzte Lesezeit\" \/>\n\t<meta name=\"twitter:data1\" content=\"6 Minuten\" \/>\n<script type=\"application\/ld+json\" class=\"yoast-schema-graph\">{\"@context\":\"https:\/\/schema.org\",\"@graph\":[{\"@type\":\"WebPage\",\"@id\":\"https:\/\/e-dom.si\/pogoji-poslovanja\/\",\"url\":\"https:\/\/e-dom.si\/pogoji-poslovanja\/\",\"name\":\"Pogoji poslovanja - E-dom\",\"isPartOf\":{\"@id\":\"https:\/\/e-dom.si\/#website\"},\"datePublished\":\"2021-05-23T16:25:22+00:00\",\"dateModified\":\"2023-02-26T14:16:28+00:00\",\"breadcrumb\":{\"@id\":\"https:\/\/e-dom.si\/pogoji-poslovanja\/#breadcrumb\"},\"inLanguage\":\"de-AT\",\"potentialAction\":[{\"@type\":\"ReadAction\",\"target\":[\"https:\/\/e-dom.si\/pogoji-poslovanja\/\"]}]},{\"@type\":\"BreadcrumbList\",\"@id\":\"https:\/\/e-dom.si\/pogoji-poslovanja\/#breadcrumb\",\"itemListElement\":[{\"@type\":\"ListItem\",\"position\":1,\"name\":\"Domov\",\"item\":\"https:\/\/e-dom.si\/\"},{\"@type\":\"ListItem\",\"position\":2,\"name\":\"Pogoji poslovanja\"}]},{\"@type\":\"WebSite\",\"@id\":\"https:\/\/e-dom.si\/#website\",\"url\":\"https:\/\/e-dom.si\/\",\"name\":\"E-dom\",\"description\":\"Pohi\u0161tvo in gradbeni material za vsak dom.\",\"publisher\":{\"@id\":\"https:\/\/e-dom.si\/#organization\"},\"potentialAction\":[{\"@type\":\"SearchAction\",\"target\":{\"@type\":\"EntryPoint\",\"urlTemplate\":\"https:\/\/e-dom.si\/?s={search_term_string}\"},\"query-input\":{\"@type\":\"PropertyValueSpecification\",\"valueRequired\":true,\"valueName\":\"search_term_string\"}}],\"inLanguage\":\"de-AT\"},{\"@type\":\"Organization\",\"@id\":\"https:\/\/e-dom.si\/#organization\",\"name\":\"Lion-x do.o.\",\"url\":\"https:\/\/e-dom.si\/\",\"logo\":{\"@type\":\"ImageObject\",\"inLanguage\":\"de-AT\",\"@id\":\"https:\/\/e-dom.si\/#\/schema\/logo\/image\/\",\"url\":\"https:\/\/e-dom.si\/wp-content\/uploads\/2023\/03\/LOGOTIP-1-BREZ-TEXTA2.png\",\"contentUrl\":\"https:\/\/e-dom.si\/wp-content\/uploads\/2023\/03\/LOGOTIP-1-BREZ-TEXTA2.png\",\"width\":359,\"height\":359,\"caption\":\"Lion-x do.o.\"},\"image\":{\"@id\":\"https:\/\/e-dom.si\/#\/schema\/logo\/image\/\"},\"sameAs\":[\"https:\/\/www.facebook.com\/profile.php?id=100067959520584\",\"https:\/\/www.instagram.com\/e_dom.si\/\"]}]}<\/script>\n<!-- \/ Yoast SEO plugin. -->","yoast_head_json":{"title":"Pogoji poslovanja - E-dom","robots":{"index":"index","follow":"follow","max-snippet":"max-snippet:-1","max-image-preview":"max-image-preview:large","max-video-preview":"max-video-preview:-1"},"canonical":"https:\/\/e-dom.si\/de\/pogoji-poslovanja\/","og_locale":"de_DE","og_type":"article","og_title":"Pogoji poslovanja - E-dom","og_description":"POGOJI POSLOVANJA Splo\u0161ni pogoji uporabe spletnega mesta Spletno mesto je za namen tega obvestila pojem, ki zajema vse spletne strani na naslovu www.e-dom.si. Vsebina spletnega mesta Podjetje Lion-x d. o. o. se obvezuje, da bo storil vse, kar je v njegovi mo\u010di, da bodo podatki na spletnem mestu resni\u010dni, zanesljivi in kakovostni. S tem pa [&hellip;]","og_url":"https:\/\/e-dom.si\/de\/pogoji-poslovanja\/","og_site_name":"E-dom","article_publisher":"https:\/\/www.facebook.com\/profile.php?id=100067959520584","article_modified_time":"2023-02-26T14:16:28+00:00","og_image":[{"width":1200,"height":675,"url":"https:\/\/e-dom.si\/wp-content\/uploads\/2023\/03\/E-dom_logotip_1200pxx675px.png","type":"image\/png"}],"twitter_card":"summary_large_image","twitter_misc":{"Gesch\u00e4tzte Lesezeit":"6 Minuten"},"schema":{"@context":"https:\/\/schema.org","@graph":[{"@type":"WebPage","@id":"https:\/\/e-dom.si\/pogoji-poslovanja\/","url":"https:\/\/e-dom.si\/pogoji-poslovanja\/","name":"Pogoji poslovanja - E-dom","isPartOf":{"@id":"https:\/\/e-dom.si\/#website"},"datePublished":"2021-05-23T16:25:22+00:00","dateModified":"2023-02-26T14:16:28+00:00","breadcrumb":{"@id":"https:\/\/e-dom.si\/pogoji-poslovanja\/#breadcrumb"},"inLanguage":"de-AT","potentialAction":[{"@type":"ReadAction","target":["https:\/\/e-dom.si\/pogoji-poslovanja\/"]}]},{"@type":"BreadcrumbList","@id":"https:\/\/e-dom.si\/pogoji-poslovanja\/#breadcrumb","itemListElement":[{"@type":"ListItem","position":1,"name":"Domov","item":"https:\/\/e-dom.si\/"},{"@type":"ListItem","position":2,"name":"Pogoji poslovanja"}]},{"@type":"WebSite","@id":"https:\/\/e-dom.si\/#website","url":"https:\/\/e-dom.si\/","name":"E-dom","description":"Pohi\u0161tvo in gradbeni material za vsak dom.","publisher":{"@id":"https:\/\/e-dom.si\/#organization"},"potentialAction":[{"@type":"SearchAction","target":{"@type":"EntryPoint","urlTemplate":"https:\/\/e-dom.si\/?s={search_term_string}"},"query-input":{"@type":"PropertyValueSpecification","valueRequired":true,"valueName":"search_term_string"}}],"inLanguage":"de-AT"},{"@type":"Organization","@id":"https:\/\/e-dom.si\/#organization","name":"Lion-x do.o.","url":"https:\/\/e-dom.si\/","logo":{"@type":"ImageObject","inLanguage":"de-AT","@id":"https:\/\/e-dom.si\/#\/schema\/logo\/image\/","url":"https:\/\/e-dom.si\/wp-content\/uploads\/2023\/03\/LOGOTIP-1-BREZ-TEXTA2.png","contentUrl":"https:\/\/e-dom.si\/wp-content\/uploads\/2023\/03\/LOGOTIP-1-BREZ-TEXTA2.png","width":359,"height":359,"caption":"Lion-x do.o."},"image":{"@id":"https:\/\/e-dom.si\/#\/schema\/logo\/image\/"},"sameAs":["https:\/\/www.facebook.com\/profile.php?id=100067959520584","https:\/\/www.instagram.com\/e_dom.si\/"]}]}},"_links":{"self":[{"href":"https:\/\/e-dom.si\/de\/wp-json\/wp\/v2\/pages\/283","targetHints":{"allow":["GET"]}}],"collection":[{"href":"https:\/\/e-dom.si\/de\/wp-json\/wp\/v2\/pages"}],"about":[{"href":"https:\/\/e-dom.si\/de\/wp-json\/wp\/v2\/types\/page"}],"author":[{"embeddable":true,"href":"https:\/\/e-dom.si\/de\/wp-json\/wp\/v2\/users\/1"}],"replies":[{"embeddable":true,"href":"https:\/\/e-dom.si\/de\/wp-json\/wp\/v2\/comments?post=283"}],"version-history":[{"count":0,"href":"https:\/\/e-dom.si\/de\/wp-json\/wp\/v2\/pages\/283\/revisions"}],"wp:attachment":[{"href":"https:\/\/e-dom.si\/de\/wp-json\/wp\/v2\/media?parent=283"}],"curies":[{"name":"wp","href":"https:\/\/api.w.org\/{rel}","templated":true}]}}